{"id":5591,"date":"2022-04-12T10:07:08","date_gmt":"2022-04-12T10:07:08","guid":{"rendered":"https:\/\/bulltec.it\/cookie-policy\/"},"modified":"2023-01-24T09:14:44","modified_gmt":"2023-01-24T09:14:44","slug":"cookie-policy","status":"publish","type":"page","link":"https:\/\/bulltec.dekoolab.it\/es\/cookie-policy\/","title":{"rendered":"Pol\u00edtica de cookies"},"content":{"rendered":"\t\t<div data-elementor-type=\"wp-page\" data-elementor-id=\"5591\" class=\"elementor elementor-5591 elementor-23\" data-elementor-post-type=\"page\">\n\t\t\t\t\t\t<section class=\"elementor-section elementor-top-section elementor-element elementor-element-05b498d elementor-section-boxed elementor-section-height-default elementor-section-height-default\" data-id=\"05b498d\" data-element_type=\"section\">\n\t\t\t\t\t\t<div class=\"elementor-container elementor-column-gap-no\">\n\t\t\t\t\t<div class=\"elementor-column elementor-col-100 elementor-top-column elementor-element elementor-element-424bba7\" data-id=\"424bba7\" data-element_type=\"column\">\n\t\t\t<div class=\"elementor-widget-wrap elementor-element-populated\">\n\t\t\t\t\t\t<div class=\"elementor-element elementor-element-92f075a elementor-widget elementor-widget-heading\" data-id=\"92f075a\" data-element_type=\"widget\" data-widget_type=\"heading.default\">\n\t\t\t\t<div class=\"elementor-widget-container\">\n\t\t\t\t\t<h2 class=\"elementor-heading-title elementor-size-default\">Pol\u00edtica de cookies<\/h2>\t\t\t\t<\/div>\n\t\t\t\t<\/div>\n\t\t\t\t<div class=\"elementor-element elementor-element-8653eaa elementor-widget elementor-widget-text-editor\" data-id=\"8653eaa\" data-element_type=\"widget\" data-widget_type=\"text-editor.default\">\n\t\t\t\t<div class=\"elementor-widget-container\">\n\t\t\t\t\t\t\t\t\t<p>Como es habitual en todos los sitios web, este sitio utiliza cookies, peque\u00f1os archivos de texto que almacenan informaci\u00f3n sobre las preferencias de los visitantes, para mejorar la funcionalidad del sitio, simplificar la navegaci\u00f3n automatizando procedimientos (por ejemplo, inicio de sesi\u00f3n, idioma del sitio, etc.) y analizar el uso del sitio.<\/p>\n<p>Las <strong>cookies de sesi\u00f3n<\/strong> son esenciales para distinguir entre usuarios registrados y son \u00fatiles para evitar que una funcionalidad solicitada se proporcione al usuario incorrecto, as\u00ed como con fines de seguridad para prevenir ataques cibern\u00e9ticos en el sitio. Las cookies de sesi\u00f3n no contienen datos personales y s\u00f3lo duran la sesi\u00f3n actual, es decir, hasta que se cierra el navegador. No se requiere consentimiento para ellos.<br \/>Las <strong>cookies de funcionalidad<\/strong> utilizadas por el sitio son estrictamente necesarias para el uso del sitio, en particular est\u00e1n vinculadas a una solicitud expresa de funcionalidad por parte del usuario (como el inicio de sesi\u00f3n), para la que no se requiere consentimiento.<\/p>\n<p><strong>Al utilizar el sitio, el visitante consiente expresamente el uso de cookies.<\/strong><\/p>\n<h5><strong>A.1 COOKIES<\/strong><\/h5>\n<p>El Sitio utiliza cookies propias y de terceros. Las cookies propias se utilizan para la navegaci\u00f3n del usuario por el Sitio y para permitir el acceso a cualquier \u00e1rea restringida protegida. La duraci\u00f3n de estas cookies suele estar vinculada a la sesi\u00f3n del usuario y se eliminan una vez que el usuario cierra el navegador. Las cookies propias son esenciales y no pueden desactivarse, ya que impedir\u00edan el uso correcto del propio Sitio.<\/p>\n<p>En cambio, las cookies de terceros pueden tener diferentes finalidades: an\u00e1lisis estad\u00edstico, interacci\u00f3n social, visualizaci\u00f3n de v\u00eddeos, almacenamiento de intereses para la prestaci\u00f3n de servicios de publicidad dirigida. Estas cookies no est\u00e1n controladas directamente por el Propietario y para desactivarlas debe seguir los procedimientos indicados por los proveedores individuales.<br \/>En general, todas las cookies pueden desactivarse completamente en su navegador en cualquier momento siguiendo los procedimientos indicados en el punto A.4.<\/p>\n<h5><strong>A.2 COOKIES PROPIAS<\/strong><\/h5>\n<p>Si deja un comentario en nuestro sitio, puede elegir guardar su nombre, direcci\u00f3n de correo electr\u00f3nico y sitio web en cookies. Son para su comodidad, para que no tenga que volver a rellenar sus datos cuando deje otro comentario. Estas cookies permanecer\u00e1n durante un a\u00f1o.<\/p>\n<p>Si tiene una cuenta y accede a este sitio, se instalar\u00e1 una cookie temporal para determinar si su navegador acepta cookies. Esta cookie no contiene datos personales y se elimina al cerrar el navegador.<\/p>\n<p>Si edita o publica un art\u00edculo, se guardar\u00e1 una cookie adicional en su navegador. Esta cookie no incluye ning\u00fan dato personal y se limita a indicar el ID de entrada del art\u00edculo que acaba de editar. Caduca al cabo de 1 d\u00eda.<\/p>\n<h5><strong>A.3 COOKIES DE TERCEROS<\/strong><\/h5>\n<p>En este sitio pueden activarse las siguientes cookies de terceros.<\/p>\n<p><strong>&#8211; Google Analytics (an\u00f3nimo)<\/strong><br \/>Se trata de una herramienta de an\u00e1lisis de Google que, mediante el uso de cookies (cookies de rendimiento), recopila datos de navegaci\u00f3n an\u00f3nimos (IP truncada hasta el \u00faltimo octeto) y exclusivamente agregados con el fin de evaluar su uso del sitio web, recopilar informes sobre la actividad del sitio web y proporcionar otra informaci\u00f3n, como el n\u00famero de visitantes y las p\u00e1ginas vistas. Google podr\u00e1 transmitir dicha informaci\u00f3n a terceros cuando as\u00ed se lo requiera la legislaci\u00f3n, o cuando dichos terceros procesen la informaci\u00f3n por cuenta de Google. Google no asociar\u00e1 la direcci\u00f3n IP con ning\u00fan otro dato del que disponga Google. Los datos transmitidos a Google se almacenar\u00e1n en los servidores de Google en los EE.UU.<br \/>Sobre la base de un acuerdo espec\u00edfico con Google, que se designa como responsable del tratamiento, este \u00faltimo se compromete a tratar los datos de conformidad con los requisitos del responsable del tratamiento (v\u00e9ase al final de esta hoja informativa), que se establecen en la configuraci\u00f3n del software. De acuerdo con estos ajustes, las opciones de publicidad e intercambio de datos est\u00e1n desactivadas.<\/p>\n<p>Encontrar\u00e1 m\u00e1s informaci\u00f3n sobre las cookies de Google Analytics en la p\u00e1gina Uso de cookies de Google Analytics en sitios web.<\/p>\n<p>Los usuarios pueden inhabilitar selectivamente la recopilaci\u00f3n de datos por parte de Google Analytics instalando en su navegador el componente adecuado proporcionado por Google (opt out).<\/p>\n<p><strong>&#8211; Supervisi\u00f3n de conversiones de AdWords<\/strong><br \/>El seguimiento de conversiones de Google AdWords es un servicio estad\u00edstico prestado por Google Inc. que vincula los datos de la red publicitaria Google AdWords con las acciones realizadas dentro del Sitio. Datos personales recogidos: cookies y datos de uso. Lugar de procesamiento: EE.UU. &#8211; Pol\u00edtica de privacidad<\/p>\n<p><strong>\u2013 Google Fonts<\/strong><br \/>El Sitio utiliza fuentes proporcionadas por el servicio Google Fonts. Datos personales recogidos: Cookie y datos de uso. Lugar de procesamiento: EE.UU. &#8211; Pol\u00edtica de privacidad<\/p>\n<p><strong>\u2013 Contenidos integrables<\/strong><br \/>El sitio puede utilizar v\u00eddeos de Youtube y Vimeo, contenidos de las redes sociales Facebook, Twitter, LinkedIn, Google+ y, en general, contenidos incrustables de otras plataformas seg\u00fan sea necesario. Estos contenidos y\/o plugins est\u00e1n programados para no instalar cookies al acceder a la p\u00e1gina, con el fin de salvaguardar la privacidad de los usuarios. Las cookies s\u00f3lo se instalan, si as\u00ed lo disponen las redes sociales, cuando el usuario hace un uso real y voluntario del plugin. Tenga en cuenta que si el Usuario navega estando logueado en la red social, se entiende que ya ha aceptado el uso de cookies a trav\u00e9s de este sitio en el momento de registrarse en la red social. La recopilaci\u00f3n y el uso de la informaci\u00f3n obtenida mediante el plugin se rigen por las respectivas pol\u00edticas de privacidad de las redes sociales, a las que le rogamos se remita.<\/p>\n<p><strong>\u2013 Facebook:<\/strong> <a href=\"https:\/\/www.facebook.com\/about\/privacy\/\" target=\"_blank\" rel=\"noopener\">Privacy Policy<\/a> \u2013 <a href=\"https:\/\/www.facebook.com\/policies\/cookies\/\" target=\"_blank\" rel=\"noopener\">Cookie Policy<\/a><br \/><strong>\u2013 Twitter:<\/strong> <a href=\"https:\/\/twitter.com\/privacy?lang=it\" target=\"_blank\" rel=\"noopener\">Privacy Policy<\/a> \u2013 <a href=\"https:\/\/help.twitter.com\/it\/rules-and-policies\/twitter-cookies\" target=\"_blank\" rel=\"noopener\">Cookie Policy<\/a><br \/><strong>\u2013 Youtube:<\/strong> <a href=\"https:\/\/support.google.com\/youtube\/answer\/7671399?hl=it\" target=\"_blank\" rel=\"noopener\">Privacy Policy<\/a> \u2013 <a href=\"https:\/\/policies.google.com\/technologies\/cookies#types-of-cookies\" target=\"_blank\" rel=\"noopener\">Cookie Policy<\/a><br \/><strong>\u2013 LinkedIn:<\/strong> <a href=\"https:\/\/www.linkedin.com\/legal\/privacy-policy\" target=\"_blank\" rel=\"noopener\">Privacy Policy<\/a> \u2013 <a href=\"https:\/\/www.linkedin.com\/legal\/cookie-policy\" target=\"_blank\" rel=\"noopener\">Cookie Policy<\/a><br \/><strong>\u2013 Google+:<\/strong> <a href=\"https:\/\/policies.google.com\/privacy?hl=it\" target=\"_blank\" rel=\"noopener\">Privacy Policy<\/a> \u2013 <a href=\"https:\/\/policies.google.com\/technologies\/cookies?hl=it&amp;gl=it\" target=\"_blank\" rel=\"noopener\">Cookie Policy<\/a><br \/><strong>\u2013 Vimeo:<\/strong> <a href=\"https:\/\/vimeo.com\/privacy\" target=\"_blank\" rel=\"noopener\">Privacy Policy<\/a> \u2013 <a href=\"https:\/\/vimeo.com\/cookie_policy\" target=\"_blank\" rel=\"noopener\">Cookie Policy<\/a><br \/><strong>\u2013 Google Maps:<\/strong> <a href=\"https:\/\/policies.google.com\/privacy?hl=it\" target=\"_blank\" rel=\"noopener\">Privacy Policy<\/a> \u2013 <a href=\"https:\/\/policies.google.com\/technologies\/cookies?hl=it\" target=\"_blank\" rel=\"noopener\">Cookie Policy<\/a><\/p>\n<p>Para obtener m\u00e1s informaci\u00f3n sobre el uso de los datos y su tratamiento por parte de Google, consulte la informaci\u00f3n de la p\u00e1gina proporcionada por Google y la p\u00e1gina sobre c\u00f3mo Google utiliza los datos al utilizar sitios o aplicaciones asociados.<\/p>\n<p><strong>Contenido incrustado de otros sitios web<\/strong><br \/>Los art\u00edculos de este sitio pueden incluir contenido incrustado (por ejemplo, v\u00eddeos, im\u00e1genes, art\u00edculos,..). El contenido incrustado de otros sitios web se comporta exactamente igual que si el visitante visitara el otro sitio web. Estos sitios web pueden recopilar datos sobre usted, utilizar cookies, integrar seguimiento adicional de terceros y realizar un seguimiento de su interacci\u00f3n con ese contenido incrustado, incluido el seguimiento de su interacci\u00f3n con el contenido incrustado si tiene una cuenta y ha iniciado sesi\u00f3n en ese sitio web.<\/p>\n<h5><strong>A.4 C\u00d3MO DESACTIVAR LAS COOKIES EN SU NAVEGADOR<\/strong><\/h5>\n<p>Las cookies est\u00e1n vinculadas al navegador utilizado y PUEDEN DESACTIVARSE DIRECTAMENTE DESDE EL NAVEGADOR, denegando\/revocando as\u00ed el consentimiento para el uso de cookies. Tenga en cuenta que deshabilitar las cookies puede impedir el uso correcto de algunas funciones del propio sitio.<br \/>Encontrar\u00e1 instrucciones para desactivar las cookies en las siguientes p\u00e1ginas web:<\/p>\n<p><a href=\"https:\/\/support.mozilla.org\/it\/kb\/protezione-antitracciamento-avanzata-firefox-desktop?redirectslug=Attivare+e+disattivare+i+cookie&amp;redirectlocale=it\" target=\"_blank\" rel=\"noopener\">Mozilla Firefox<\/a> \u2013 <a href=\"https:\/\/support.microsoft.com\/it-it\/windows\/eliminare-e-gestire-i-cookie-168dab11-0753-043d-7c16-ede5947fc64d\" target=\"_blank\" rel=\"noopener\">Microsoft Internet Explorer<\/a> \u2013 <a href=\"https:\/\/support.microsoft.com\/it-it\/microsoft-edge\/eliminare-i-cookie-in-microsoft-edge-63947406-40ac-c3b8-57b9-2a946a29ae09\" target=\"_blank\" rel=\"noopener\">Microsoft Edge<\/a> \u2013 <a href=\"https:\/\/support.google.com\/chrome\/answer\/95647?hl=it\" target=\"_blank\" rel=\"noopener\">Google Chrome<\/a> \u2013 <a href=\"https:\/\/help.opera.com\/en\/latest\/web-preferences\/#cookies\" target=\"_blank\" rel=\"noopener\">Opera<\/a> \u2013 <a href=\"https:\/\/support.apple.com\/it-it\/HT201265\" target=\"_blank\" rel=\"noopener\">Apple Safari<\/a><\/p>\n<h4><strong>Actualizaciones y cambios<\/strong><\/h4>\n<p>El responsable del tratamiento se reserva el derecho de modificar, completar o actualizar peri\u00f3dicamente la presente Pol\u00edtica de Privacidad de conformidad con la legislaci\u00f3n aplicable o las medidas adoptadas por la Autoridad de Protecci\u00f3n de Datos.<br \/>Dichas modificaciones o adiciones se pondr\u00e1n en conocimiento de los interesados mediante un enlace a la p\u00e1gina de Pol\u00edtica de Privacidad del sitio web y se comunicar\u00e1n directamente a los interesados por correo electr\u00f3nico.<br \/>Invitamos a los usuarios a leer peri\u00f3dicamente la Pol\u00edtica de Privacidad, para comprobar la informaci\u00f3n actualizada y decidir si desean o no seguir utilizando los servicios ofrecidos.<\/p>\n\t\t\t\t\t\t\t\t<\/div>\n\t\t\t\t<\/div>\n\t\t\t\t\t<\/div>\n\t\t<\/div>\n\t\t\t\t\t<\/div>\n\t\t<\/section>\n\t\t\t\t<\/div>\n\t\t","protected":false},"excerpt":{"rendered":"<p>Pol\u00edtica de cookies Como es habitual en todos los sitios web, este sitio utiliza cookies, peque\u00f1os archivos de texto que almacenan informaci\u00f3n sobre las preferencias de los visitantes, para mejorar la funcionalidad del sitio, simplificar la navegaci\u00f3n automatizando procedimientos (por ejemplo, inicio de sesi\u00f3n, idioma del sitio, etc.) y analizar el uso del sitio. Las [&hellip;]<\/p>\n","protected":false},"author":1,"featured_media":0,"parent":0,"menu_order":0,"comment_status":"closed","ping_status":"closed","template":"elementor_header_footer","meta":{"site-sidebar-layout":"no-sidebar","site-content-layout":"page-builder","ast-site-content-layout":"default","site-content-style":"default","site-sidebar-style":"default","ast-global-header-display":"","ast-banner-title-visibility":"","ast-main-header-display":"","ast-hfb-above-header-display":"","ast-hfb-below-header-display":"","ast-hfb-mobile-header-display":"","site-post-title":"disabled","ast-breadcrumbs-content":"","ast-featured-img":"disabled","footer-sml-layout":"","ast-disable-related-posts":"","theme-transparent-header-meta":"","adv-header-id-meta":"","stick-header-meta":"","header-above-stick-meta":"","header-main-stick-meta":"","header-below-stick-meta":"","astra-migrate-meta-layouts":"default","ast-page-background-enabled":"default","ast-page-background-meta":{"desktop":{"background-color":"var(--ast-global-color-4)","background-image":"","background-repeat":"repeat","background-position":"center center","background-size":"auto","background-attachment":"scroll","background-type":"","background-media":"","overlay-type":"","overlay-color":"","overlay-opacity":"","overlay-gradient":""},"tablet":{"background-color":"","background-image":"","background-repeat":"repeat","background-position":"center center","background-size":"auto","background-attachment":"scroll","background-type":"","background-media":"","overlay-type":"","overlay-color":"","overlay-opacity":"","overlay-gradient":""},"mobile":{"background-color":"","background-image":"","background-repeat":"repeat","background-position":"center center","background-size":"auto","background-attachment":"scroll","background-type":"","background-media":"","overlay-type":"","overlay-color":"","overlay-opacity":"","overlay-gradient":""}},"ast-content-background-meta":{"desktop":{"background-color":"var(--ast-global-color-5)","background-image":"","background-repeat":"repeat","background-position":"center center","background-size":"auto","background-attachment":"scroll","background-type":"","background-media":"","overlay-type":"","overlay-color":"","overlay-opacity":"","overlay-gradient":""},"tablet":{"background-color":"var(--ast-global-color-5)","background-image":"","background-repeat":"repeat","background-position":"center center","background-size":"auto","background-attachment":"scroll","background-type":"","background-media":"","overlay-type":"","overlay-color":"","overlay-opacity":"","overlay-gradient":""},"mobile":{"background-color":"var(--ast-global-color-5)","background-image":"","background-repeat":"repeat","background-position":"center center","background-size":"auto","background-attachment":"scroll","background-type":"","background-media":"","overlay-type":"","overlay-color":"","overlay-opacity":"","overlay-gradient":""}},"footnotes":""},"class_list":["post-5591","page","type-page","status-publish","hentry"],"_links":{"self":[{"href":"https:\/\/bulltec.dekoolab.it\/es\/wp-json\/wp\/v2\/pages\/5591","targetHints":{"allow":["GET"]}}],"collection":[{"href":"https:\/\/bulltec.dekoolab.it\/es\/wp-json\/wp\/v2\/pages"}],"about":[{"href":"https:\/\/bulltec.dekoolab.it\/es\/wp-json\/wp\/v2\/types\/page"}],"author":[{"embeddable":true,"href":"https:\/\/bulltec.dekoolab.it\/es\/wp-json\/wp\/v2\/users\/1"}],"replies":[{"embeddable":true,"href":"https:\/\/bulltec.dekoolab.it\/es\/wp-json\/wp\/v2\/comments?post=5591"}],"version-history":[{"count":3,"href":"https:\/\/bulltec.dekoolab.it\/es\/wp-json\/wp\/v2\/pages\/5591\/revisions"}],"predecessor-version":[{"id":6182,"href":"https:\/\/bulltec.dekoolab.it\/es\/wp-json\/wp\/v2\/pages\/5591\/revisions\/6182"}],"wp:attachment":[{"href":"https:\/\/bulltec.dekoolab.it\/es\/wp-json\/wp\/v2\/media?parent=5591"}],"curies":[{"name":"wp","href":"https:\/\/api.w.org\/{rel}","templated":true}]}}