{"id":5597,"date":"2022-04-12T10:06:50","date_gmt":"2022-04-12T10:06:50","guid":{"rendered":"https:\/\/bulltec.it\/privacy-policy\/"},"modified":"2023-10-12T15:16:28","modified_gmt":"2023-10-12T15:16:28","slug":"privacy-policy","status":"publish","type":"page","link":"https:\/\/bulltec.dekoolab.it\/es\/privacy-policy\/","title":{"rendered":"Pol\u00edtica de privacidad"},"content":{"rendered":"\t\t<div data-elementor-type=\"wp-page\" data-elementor-id=\"5597\" class=\"elementor elementor-5597 elementor-21\" data-elementor-post-type=\"page\">\n\t\t\t\t\t\t<section class=\"elementor-section elementor-top-section elementor-element elementor-element-f42cbba elementor-section-boxed elementor-section-height-default elementor-section-height-default\" data-id=\"f42cbba\" data-element_type=\"section\">\n\t\t\t\t\t\t<div class=\"elementor-container elementor-column-gap-no\">\n\t\t\t\t\t<div class=\"elementor-column elementor-col-100 elementor-top-column elementor-element elementor-element-8728db1\" data-id=\"8728db1\" data-element_type=\"column\">\n\t\t\t<div class=\"elementor-widget-wrap elementor-element-populated\">\n\t\t\t\t\t\t<div class=\"elementor-element elementor-element-a06201d elementor-widget elementor-widget-heading\" data-id=\"a06201d\" data-element_type=\"widget\" data-widget_type=\"heading.default\">\n\t\t\t\t<div class=\"elementor-widget-container\">\n\t\t\t\t\t<h2 class=\"elementor-heading-title elementor-size-default\">Pol\u00edtica de privacidad<\/h2>\t\t\t\t<\/div>\n\t\t\t\t<\/div>\n\t\t\t\t<div class=\"elementor-element elementor-element-d6899b3 elementor-widget elementor-widget-text-editor\" data-id=\"d6899b3\" data-element_type=\"widget\" data-widget_type=\"text-editor.default\">\n\t\t\t\t<div class=\"elementor-widget-container\">\n\t\t\t\t\t\t\t\t\t<h4><strong>Pol\u00edtica de privacidad de conformidad con el Reglamento UE 679\/2016<\/strong><br \/><strong>Reglamento general de protecci\u00f3n de datos<\/strong><\/h4><p>Esta informaci\u00f3n se facilita de conformidad con el art. 13 del Reglamento 2016\/679 (GDPR), de conformidad con el art. 13 del Decreto Legislativo. n. 196\/2003 (C\u00f3digo de Protecci\u00f3n de Datos Personales) y se refiere a todos los datos personales tratados de la forma que se indica a continuaci\u00f3n.<\/p><h4><strong>El responsable del tratamiento<\/strong><\/h4><p>El responsable del tratamiento de los datos personales recogidos es<br \/><strong>Bulltec S.r.l.<\/strong><br \/>Via Terni, 330 &#8211; 47522 Cesena (FC)<br \/>Email <a class=\"email\" href=\"mailto:ruggero@bulltec.it\">ruggero@bulltec.it<\/a><\/p><h4><strong>Datos recogidos<\/strong><\/h4><p>Los datos personales tratados se recogen en la medida en que son facilitados directamente por el interesado o de forma autom\u00e1tica.<\/p><p>a) Los datos suministrados directamente por el interesado son todos los datos personales introducidos por el usuario dentro del sitio para la utilizaci\u00f3n del servicio o que se suministran al Responsable del Tratamiento de cualquier forma.<\/p><p>b) Los datos recogidos autom\u00e1ticamente son datos de navegaci\u00f3n. Los sistemas inform\u00e1ticos y los procedimientos de software utilizados para el funcionamiento de este sitio web adquieren, durante su funcionamiento normal, algunos datos personales cuya transmisi\u00f3n est\u00e1 impl\u00edcita en el uso de los protocolos de comunicaci\u00f3n de Internet. Esta informaci\u00f3n no se recoge para ser asociada a interesados identificados, sino que por su propia naturaleza podr\u00eda, mediante su tratamiento y asociaci\u00f3n con datos en poder de terceros o del responsable del tratamiento, permitir identificar a los usuarios. Esta categor\u00eda de datos incluye las direcciones IP o los nombres de dominio de los ordenadores utilizados por los usuarios que se conectan al sitio, las direcciones de notaci\u00f3n URI de los recursos solicitados, la hora de la solicitud, el m\u00e9todo utilizado para enviar la solicitud al servidor, el c\u00f3digo num\u00e9rico que indica el estado de la respuesta dada por el servidor (correcto, error, etc.) y otros par\u00e1metros relacionados con el sistema operativo y el entorno inform\u00e1tico del usuario. Estos datos se utilizan con la \u00fanica finalidad de obtener informaci\u00f3n estad\u00edstica an\u00f3nima sobre el uso del sitio y comprobar su correcto funcionamiento. Los datos podr\u00edan utilizarse para determinar responsabilidades en caso de delitos inform\u00e1ticos contra el sitio u otros usuarios.<\/p><p>En particular, se recogen y tratan los siguientes datos personales:<\/p><ul><li>Correo electr\u00f3nico<\/li><li>Apellidos, nombre, tel\u00e9fono<\/li><\/ul><p>Los datos recogidos autom\u00e1ticamente son datos de navegaci\u00f3n. Aunque estos datos no se recogen con el fin de asociarlos a la identidad del usuario, pueden permitir indirectamente, mediante su tratamiento y asociaci\u00f3n con datos recogidos por el Responsable del tratamiento, la identificaci\u00f3n del usuario. En particular:<\/p><ul><li>Direcci\u00f3n IP<\/li><li>Navegador y dispositivo de navegaci\u00f3n<\/li><\/ul><h4><strong>Destinatarios<\/strong><\/h4><p>Los datos de car\u00e1cter personal suministrados podr\u00e1n ser comunicados a destinatarios debidamente designados que tratar\u00e1n los datos en su calidad de encargados del tratamiento y\/o responsables del tratamiento, para el cumplimiento de contratos o finalidades conexas.<\/p><h4><strong>Base jur\u00eddica y finalidad del tratamiento<\/strong><\/h4><p>El tratamiento es l\u00edcito de conformidad con el art. 6, apartado 1, lett. a (consentimiento) y lett. b (medidas precontractuales), lett. f (inter\u00e9s leg\u00edtimo del titular).<\/p><p>Los datos se procesan exclusivamente para los fines para los que se recogen, tal y como se describe a continuaci\u00f3n.<\/p><p>Utilizamos los datos facilitados por los interesados para los siguientes fines:<\/p><ul><li>responder a peticiones espec\u00edficas de los usuarios<\/li><li>s\u00f3lo en caso de consentimiento espec\u00edfico del usuario, para permitir la suscripci\u00f3n a servicios espec\u00edficos y adicionales, como el env\u00edo de futuras comunicaciones informativas y promocionales por correo electr\u00f3nico o por medios electr\u00f3nicos.<\/li><\/ul><p>El suministro de los datos enumerados en la secci\u00f3n \u00abDatos recogidos\u00bb para los fines anteriormente mencionados es obligatorio para que el usuario pueda acceder al servicio. Por ello, el consentimiento es obligatorio y la negativa al tratamiento de los datos, as\u00ed como el no facilitarlos o facilitarlos de forma inexacta o parcial, podr\u00eda suponer la imposibilidad de prestar correctamente el servicio.<\/p><p>El suministro de datos para el env\u00edo de boletines informativos con fines promocionales, informativos o de investigaci\u00f3n es facultativo y la negativa a consentir su tratamiento conllevar\u00e1 la imposibilidad de recibir informaci\u00f3n actualizada sobre iniciativas comerciales y\/o campa\u00f1as promocionales, de recibir ofertas u otro material promocional y\/o de enviar al usuario ofertas personalizadas.<br \/>Reiteramos que el responsable del tratamiento de datos no facilita a terceros ninguna informaci\u00f3n de los usuarios sin su consentimiento, salvo cuando la ley as\u00ed lo exija.<\/p><p>En cualquier caso, queda excluida la difusi\u00f3n y transferencia de datos fuera del \u00e1mbito de la UE.<\/p><h4><strong>Retirada del consentimiento<\/strong><\/h4><p>Los interesados podr\u00e1n revocar inmediatamente su consentimiento para recibir comunicaciones promocionales y comerciales enviando una solicitud a la direcci\u00f3n de correo electr\u00f3nico del responsable del tratamiento o haciendo clic en el enlace para darse de baja que se encuentra en el pie de p\u00e1gina de cada correo electr\u00f3nico promocional y comercial recibido.<\/p><h4><strong>Modalidades de tratamiento<\/strong><\/h4><p>Los datos personales se procesan mediante herramientas automatizadas durante el tiempo estrictamente necesario para alcanzar los fines para los que se recopilaron, previendo en cualquier caso la verificaci\u00f3n anual de los datos almacenados con el fin de eliminar aquellos que se consideren obsoletos, a menos que la ley establezca obligaciones de archivo.<br \/>El tratamiento de datos se realiza normalmente en la sede de la empresa, por personal o colaboradores externos debidamente designados como encargados del tratamiento. La lista completa de responsables y encargados del tratamiento de datos personales puede obtenerse enviando una solicitud a la direcci\u00f3n de correo electr\u00f3nico del responsable del tratamiento.<br \/>Se observan medidas de seguridad espec\u00edficas para evitar la p\u00e9rdida de datos, usos il\u00edcitos o incorrectos y accesos no autorizados.<\/p><h4><strong>Derechos del interesado<\/strong><\/h4><p>De conformidad con el art. 7 del C\u00f3digo de Privacidad y art. 13 GDPR cada usuario tiene derecho a obtener la confirmaci\u00f3n de la existencia o inexistencia de sus datos personales, aunque a\u00fan no est\u00e9n registrados, y su comunicaci\u00f3n de forma inteligible.<\/p><p>En particular, el interesado tiene derecho a obtener del responsable del tratamiento la indicaci\u00f3n de:<\/p><ol><li>el origen de los datos personales;<\/li><li>de los fines y m\u00e9todos del tratamiento;<\/li><li>la l\u00f3gica aplicada en caso de tratamiento efectuado con ayuda de instrumentos electr\u00f3nicos\/inform\u00e1ticos;<\/li><li>los datos de identificaci\u00f3n del responsable del tratamiento, de los encargados del tratamiento y del representante designado;<\/li><li>los sujetos y las categor\u00edas de sujetos a los que se pueden comunicar los datos o que pueden tener conocimiento de los mismos en calidad de representante designado en el territorio del Estado, los encargados del tratamiento o las personas encargadas del tratamiento.<\/li><\/ol><p>Adem\u00e1s, el interesado tiene derecho a obtener del responsable del tratamiento de datos:<\/p><ol><li>la actualizaci\u00f3n, rectificaci\u00f3n o integraci\u00f3n de sus datos;<\/li><li>la cancelaci\u00f3n, la transformaci\u00f3n en forma an\u00f3nima o el bloqueo de los datos tratados infringiendo la ley;<\/li><li>acceso a sus propios datos, es decir, confirmaci\u00f3n de si se est\u00e1n tratando o no datos personales que les conciernen;<\/li><li>la restricci\u00f3n del tratamiento,<\/li><li>la portabilidad de los datos, es decir, el derecho a recibir los datos personales que le conciernen en un formato estructurado;<\/li><li>derecho a reclamar ante la Autoridad de Supervisi\u00f3n.<\/li><\/ol><p>Por \u00faltimo, el interesado tiene derecho a oponerse, en todo o en parte, por motivos leg\u00edtimos, al tratamiento de los datos personales que le conciernan, aunque sean pertinentes para la finalidad de la recogida. En particular, el interesado tiene derecho a oponerse al tratamiento de los datos personales que le conciernan con fines de env\u00edo de material publicitario comercial o de venta directa o para la realizaci\u00f3n de estudios de mercado o de comunicaci\u00f3n comercial. Las solicitudes mencionadas en los puntos anteriores deben enviarse por correo electr\u00f3nico a la direcci\u00f3n del responsable del tratamiento.<\/p>\t\t\t\t\t\t\t\t<\/div>\n\t\t\t\t<\/div>\n\t\t\t\t\t<\/div>\n\t\t<\/div>\n\t\t\t\t\t<\/div>\n\t\t<\/section>\n\t\t\t\t<\/div>\n\t\t","protected":false},"excerpt":{"rendered":"<p>Pol\u00edtica de privacidad Pol\u00edtica de privacidad de conformidad con el Reglamento UE 679\/2016 Reglamento general de protecci\u00f3n de datos Esta informaci\u00f3n se facilita de conformidad con el art. 13 del Reglamento 2016\/679 (GDPR), de conformidad con el art. 13 del Decreto Legislativo. n. 196\/2003 (C\u00f3digo de Protecci\u00f3n de Datos Personales) y se refiere a todos [&hellip;]<\/p>\n","protected":false},"author":1,"featured_media":0,"parent":0,"menu_order":0,"comment_status":"closed","ping_status":"closed","template":"elementor_header_footer","meta":{"site-sidebar-layout":"no-sidebar","site-content-layout":"page-builder","ast-site-content-layout":"default","site-content-style":"default","site-sidebar-style":"default","ast-global-header-display":"","ast-banner-title-visibility":"","ast-main-header-display":"","ast-hfb-above-header-display":"","ast-hfb-below-header-display":"","ast-hfb-mobile-header-display":"","site-post-title":"disabled","ast-breadcrumbs-content":"","ast-featured-img":"disabled","footer-sml-layout":"","ast-disable-related-posts":"","theme-transparent-header-meta":"","adv-header-id-meta":"","stick-header-meta":"","header-above-stick-meta":"","header-main-stick-meta":"","header-below-stick-meta":"","astra-migrate-meta-layouts":"default","ast-page-background-enabled":"default","ast-page-background-meta":{"desktop":{"background-color":"var(--ast-global-color-4)","background-image":"","background-repeat":"repeat","background-position":"center center","background-size":"auto","background-attachment":"scroll","background-type":"","background-media":"","overlay-type":"","overlay-color":"","overlay-opacity":"","overlay-gradient":""},"tablet":{"background-color":"","background-image":"","background-repeat":"repeat","background-position":"center center","background-size":"auto","background-attachment":"scroll","background-type":"","background-media":"","overlay-type":"","overlay-color":"","overlay-opacity":"","overlay-gradient":""},"mobile":{"background-color":"","background-image":"","background-repeat":"repeat","background-position":"center center","background-size":"auto","background-attachment":"scroll","background-type":"","background-media":"","overlay-type":"","overlay-color":"","overlay-opacity":"","overlay-gradient":""}},"ast-content-background-meta":{"desktop":{"background-color":"var(--ast-global-color-5)","background-image":"","background-repeat":"repeat","background-position":"center center","background-size":"auto","background-attachment":"scroll","background-type":"","background-media":"","overlay-type":"","overlay-color":"","overlay-opacity":"","overlay-gradient":""},"tablet":{"background-color":"var(--ast-global-color-5)","background-image":"","background-repeat":"repeat","background-position":"center center","background-size":"auto","background-attachment":"scroll","background-type":"","background-media":"","overlay-type":"","overlay-color":"","overlay-opacity":"","overlay-gradient":""},"mobile":{"background-color":"var(--ast-global-color-5)","background-image":"","background-repeat":"repeat","background-position":"center center","background-size":"auto","background-attachment":"scroll","background-type":"","background-media":"","overlay-type":"","overlay-color":"","overlay-opacity":"","overlay-gradient":""}},"footnotes":""},"class_list":["post-5597","page","type-page","status-publish","hentry"],"_links":{"self":[{"href":"https:\/\/bulltec.dekoolab.it\/es\/wp-json\/wp\/v2\/pages\/5597","targetHints":{"allow":["GET"]}}],"collection":[{"href":"https:\/\/bulltec.dekoolab.it\/es\/wp-json\/wp\/v2\/pages"}],"about":[{"href":"https:\/\/bulltec.dekoolab.it\/es\/wp-json\/wp\/v2\/types\/page"}],"author":[{"embeddable":true,"href":"https:\/\/bulltec.dekoolab.it\/es\/wp-json\/wp\/v2\/users\/1"}],"replies":[{"embeddable":true,"href":"https:\/\/bulltec.dekoolab.it\/es\/wp-json\/wp\/v2\/comments?post=5597"}],"version-history":[{"count":3,"href":"https:\/\/bulltec.dekoolab.it\/es\/wp-json\/wp\/v2\/pages\/5597\/revisions"}],"predecessor-version":[{"id":7495,"href":"https:\/\/bulltec.dekoolab.it\/es\/wp-json\/wp\/v2\/pages\/5597\/revisions\/7495"}],"wp:attachment":[{"href":"https:\/\/bulltec.dekoolab.it\/es\/wp-json\/wp\/v2\/media?parent=5597"}],"curies":[{"name":"wp","href":"https:\/\/api.w.org\/{rel}","templated":true}]}}