{"id":5635,"date":"2022-10-17T10:18:50","date_gmt":"2022-10-17T10:18:50","guid":{"rendered":"https:\/\/bulltec.it\/productos\/sandia-bebe\/"},"modified":"2023-02-17T13:09:57","modified_gmt":"2023-02-17T13:09:57","slug":"sandia-bebe","status":"publish","type":"page","link":"https:\/\/bulltec.dekoolab.it\/es\/productos\/sandia-bebe\/","title":{"rendered":"Sand\u00eda beb\u00e9"},"content":{"rendered":"\t\t<div data-elementor-type=\"wp-page\" data-elementor-id=\"5635\" class=\"elementor elementor-5635 elementor-1967\" data-elementor-post-type=\"page\">\n\t\t\t\t\t\t<section class=\"elementor-section elementor-top-section elementor-element elementor-element-1241d254 elementor-section-content-middle elementor-section-boxed elementor-section-height-default elementor-section-height-default\" data-id=\"1241d254\" data-element_type=\"section\" data-settings=\"{&quot;background_background&quot;:&quot;classic&quot;}\">\n\t\t\t\t\t\t<div class=\"elementor-container elementor-column-gap-no\">\n\t\t\t\t\t<div class=\"elementor-column elementor-col-50 elementor-top-column elementor-element elementor-element-76f513eb\" data-id=\"76f513eb\" data-element_type=\"column\">\n\t\t\t<div class=\"elementor-widget-wrap elementor-element-populated\">\n\t\t\t\t\t\t<div class=\"elementor-element elementor-element-5073a6a2 elementor-widget elementor-widget-heading\" data-id=\"5073a6a2\" data-element_type=\"widget\" data-widget_type=\"heading.default\">\n\t\t\t\t<div class=\"elementor-widget-container\">\n\t\t\t\t\t<h2 class=\"elementor-heading-title elementor-size-default\">Sistemas y l\u00edneas de procesado de sand\u00edas baby.<\/h2>\t\t\t\t<\/div>\n\t\t\t\t<\/div>\n\t\t\t\t\t<\/div>\n\t\t<\/div>\n\t\t\t\t<div class=\"elementor-column elementor-col-50 elementor-top-column elementor-element elementor-element-70f070a2\" data-id=\"70f070a2\" data-element_type=\"column\">\n\t\t\t<div class=\"elementor-widget-wrap\">\n\t\t\t\t\t\t\t<\/div>\n\t\t<\/div>\n\t\t\t\t\t<\/div>\n\t\t<\/section>\n\t\t\t\t<section class=\"elementor-section elementor-top-section elementor-element elementor-element-496e74e1 elementor-section-boxed elementor-section-height-default elementor-section-height-default\" data-id=\"496e74e1\" data-element_type=\"section\">\n\t\t\t\t\t\t<div class=\"elementor-container elementor-column-gap-no\">\n\t\t\t\t\t<div class=\"elementor-column elementor-col-100 elementor-top-column elementor-element elementor-element-7d19ea7d\" data-id=\"7d19ea7d\" data-element_type=\"column\">\n\t\t\t<div class=\"elementor-widget-wrap elementor-element-populated\">\n\t\t\t\t\t\t<div class=\"elementor-element elementor-element-ef982c2 elementor-widget elementor-widget-text-editor\" data-id=\"ef982c2\" data-element_type=\"widget\" data-widget_type=\"text-editor.default\">\n\t\t\t\t<div class=\"elementor-widget-container\">\n\t\t\t\t\t\t\t\t\t<p>Bulltec, l\u00edneas completas para el procesado de sand\u00eda baby, desde el campo hasta el envasado.<br \/>Bulltec ofrece una planta capaz de preservar el perfecto estado de la hortaliza durante todas las fases de procesamiento.<\/p>\n\t\t\t\t\t\t\t\t<\/div>\n\t\t\t\t<\/div>\n\t\t\t\t<div class=\"elementor-element elementor-element-21868537 elementor-widget-divider--view-line elementor-widget elementor-widget-divider\" data-id=\"21868537\" data-element_type=\"widget\" data-widget_type=\"divider.default\">\n\t\t\t\t<div class=\"elementor-widget-container\">\n\t\t\t\t\t\t\t<div class=\"elementor-divider\">\n\t\t\t<span class=\"elementor-divider-separator\">\n\t\t\t\t\t\t<\/span>\n\t\t<\/div>\n\t\t\t\t\t\t<\/div>\n\t\t\t\t<\/div>\n\t\t\t\t<div class=\"elementor-element elementor-element-34ec55e elementor-widget elementor-widget-heading\" data-id=\"34ec55e\" data-element_type=\"widget\" data-widget_type=\"heading.default\">\n\t\t\t\t<div class=\"elementor-widget-container\">\n\t\t\t\t\t<h4 class=\"elementor-heading-title elementor-size-default\">SOLUCIONES BULLTEC PARA EL TRATAMIENTO DE LA SAND\u00cdA BEB\u00c9<\/h4>\t\t\t\t<\/div>\n\t\t\t\t<\/div>\n\t\t\t\t<section class=\"elementor-section elementor-inner-section elementor-element elementor-element-9a8aac1 elementor-section-full_width elementor-section-height-default elementor-section-height-default\" data-id=\"9a8aac1\" data-element_type=\"section\" data-settings=\"{&quot;background_background&quot;:&quot;classic&quot;}\">\n\t\t\t\t\t\t<div class=\"elementor-container elementor-column-gap-no\">\n\t\t\t\t\t<div class=\"elementor-column elementor-col-100 elementor-inner-column elementor-element elementor-element-88a1370\" data-id=\"88a1370\" data-element_type=\"column\">\n\t\t\t<div class=\"elementor-widget-wrap elementor-element-populated\">\n\t\t\t\t\t\t<div class=\"elementor-element elementor-element-c7c007a elementor-widget elementor-widget-heading\" data-id=\"c7c007a\" data-element_type=\"widget\" data-widget_type=\"heading.default\">\n\t\t\t\t<div class=\"elementor-widget-container\">\n\t\t\t\t\t<h4 class=\"elementor-heading-title elementor-size-default\">CALIBRACI\u00d3N ELECTR\u00d3NICA PARA PESO Y TAMA\u00d1O:<\/h4>\t\t\t\t<\/div>\n\t\t\t\t<\/div>\n\t\t\t\t\t<\/div>\n\t\t<\/div>\n\t\t\t\t\t<\/div>\n\t\t<\/section>\n\t\t\t\t<div class=\"elementor-element elementor-element-28a79842 elementor-widget elementor-widget-text-editor\" data-id=\"28a79842\" data-element_type=\"widget\" data-widget_type=\"text-editor.default\">\n\t\t\t\t<div class=\"elementor-widget-container\">\n\t\t\t\t\t\t\t\t\t<p>Mediante un sistema patentado, puede calibrar su sand\u00eda baby por tama\u00f1o (longitud di\u00e1metro), por peso.<br \/>Ambas soluciones pueden instalarse en la misma l\u00ednea.<br \/>Esto le ofrece un amplio abanico de posibilidades con una sola soluci\u00f3n.<\/p>\n\t\t\t\t\t\t\t\t<\/div>\n\t\t\t\t<\/div>\n\t\t\t\t<section class=\"elementor-section elementor-inner-section elementor-element elementor-element-62441ecf elementor-section-boxed elementor-section-height-default elementor-section-height-default\" data-id=\"62441ecf\" data-element_type=\"section\">\n\t\t\t\t\t\t<div class=\"elementor-container elementor-column-gap-no\">\n\t\t\t\t\t<div class=\"elementor-column elementor-col-50 elementor-inner-column elementor-element elementor-element-ed373b1\" data-id=\"ed373b1\" data-element_type=\"column\">\n\t\t\t<div class=\"elementor-widget-wrap elementor-element-populated\">\n\t\t\t\t\t\t<div class=\"elementor-element elementor-element-d70c682 elementor-widget elementor-widget-image\" data-id=\"d70c682\" data-element_type=\"widget\" data-widget_type=\"image.default\">\n\t\t\t\t<div class=\"elementor-widget-container\">\n\t\t\t\t\t\t\t\t\t\t\t\t\t\t\t<img fetchpriority=\"high\" decoding=\"async\" width=\"1000\" height=\"750\" src=\"https:\/\/bulltec.dekoolab.it\/wp-content\/uploads\/2022\/12\/bulltec_prodotto_calibratura_elettronica.jpg\" class=\"attachment-full size-full wp-image-5361\" alt=\"\" srcset=\"https:\/\/bulltec.dekoolab.it\/wp-content\/uploads\/2022\/12\/bulltec_prodotto_calibratura_elettronica.jpg 1000w, https:\/\/bulltec.dekoolab.it\/wp-content\/uploads\/2022\/12\/bulltec_prodotto_calibratura_elettronica-300x225.jpg 300w, https:\/\/bulltec.dekoolab.it\/wp-content\/uploads\/2022\/12\/bulltec_prodotto_calibratura_elettronica-768x576.jpg 768w\" sizes=\"(max-width: 1000px) 100vw, 1000px\" \/>\t\t\t\t\t\t\t\t\t\t\t\t\t\t\t<\/div>\n\t\t\t\t<\/div>\n\t\t\t\t\t<\/div>\n\t\t<\/div>\n\t\t\t\t<div class=\"elementor-column elementor-col-50 elementor-inner-column elementor-element elementor-element-47ac4bb8\" data-id=\"47ac4bb8\" data-element_type=\"column\">\n\t\t\t<div class=\"elementor-widget-wrap elementor-element-populated\">\n\t\t\t\t\t\t<div class=\"elementor-element elementor-element-5a263b81 baby-anguria-1 elementor-mobile-align-center elementor-widget elementor-widget-button\" data-id=\"5a263b81\" data-element_type=\"widget\" data-widget_type=\"button.default\">\n\t\t\t\t<div class=\"elementor-widget-container\">\n\t\t\t\t\t\t\t\t\t<div class=\"elementor-button-wrapper\">\n\t\t\t\t\t<a class=\"elementor-button elementor-size-sm\" role=\"button\">\n\t\t\t\t\t\t<span class=\"elementor-button-content-wrapper\">\n\t\t\t\t\t\t<span class=\"elementor-button-icon\">\n\t\t\t\t<i aria-hidden=\"true\" class=\"far fa-play-circle\"><\/i>\t\t\t<\/span>\n\t\t\t\t\t\t\t\t\t<span class=\"elementor-button-text\">V\u00eddeo<\/span>\n\t\t\t\t\t<\/span>\n\t\t\t\t\t<\/a>\n\t\t\t\t<\/div>\n\t\t\t\t\t\t\t\t<\/div>\n\t\t\t\t<\/div>\n\t\t\t\t<div class=\"elementor-element elementor-element-ddc12b8 elementor-widget-divider--view-line elementor-widget elementor-widget-divider\" data-id=\"ddc12b8\" data-element_type=\"widget\" data-widget_type=\"divider.default\">\n\t\t\t\t<div class=\"elementor-widget-container\">\n\t\t\t\t\t\t\t<div class=\"elementor-divider\">\n\t\t\t<span class=\"elementor-divider-separator\">\n\t\t\t\t\t\t<\/span>\n\t\t<\/div>\n\t\t\t\t\t\t<\/div>\n\t\t\t\t<\/div>\n\t\t\t\t<div class=\"elementor-element elementor-element-2e0fbe61 elementor-widget elementor-widget-text-editor\" data-id=\"2e0fbe61\" data-element_type=\"widget\" data-widget_type=\"text-editor.default\">\n\t\t\t\t<div class=\"elementor-widget-container\">\n\t\t\t\t\t\t\t\t\t<p>* en la figura:<br \/>L\u00cdNEA DE 2 CANALES PARA CALIBRAR POR TAMA\u00d1O DE VERDURA,<br \/>6 SALIDAS ELECTR\u00d3NICAS<br \/>+1 SALIDA MEC\u00c1NICA<\/p>\n\t\t\t\t\t\t\t\t<\/div>\n\t\t\t\t<\/div>\n\t\t\t\t<div class=\"elementor-element elementor-element-7487b2a3 elementor-widget elementor-widget-heading\" data-id=\"7487b2a3\" data-element_type=\"widget\" data-widget_type=\"heading.default\">\n\t\t\t\t<div class=\"elementor-widget-container\">\n\t\t\t\t\t<h4 class=\"elementor-heading-title elementor-size-default\">M\u00e1s informaci\u00f3n sobre nuestras encoladoras<\/h4>\t\t\t\t<\/div>\n\t\t\t\t<\/div>\n\t\t\t\t<div class=\"elementor-element elementor-element-51589175 elementor-align-left elementor-mobile-align-center elementor-widget elementor-widget-button\" data-id=\"51589175\" data-element_type=\"widget\" data-widget_type=\"button.default\">\n\t\t\t\t<div class=\"elementor-widget-container\">\n\t\t\t\t\t\t\t\t\t<div class=\"elementor-button-wrapper\">\n\t\t\t\t\t<a class=\"elementor-button elementor-button-link elementor-size-sm\" href=\"https:\/\/bulltec.it\/es\/calibradores\/\">\n\t\t\t\t\t\t<span class=\"elementor-button-content-wrapper\">\n\t\t\t\t\t\t\t\t\t<span class=\"elementor-button-text\">M\u00e1s informaci\u00f3n<\/span>\n\t\t\t\t\t<\/span>\n\t\t\t\t\t<\/a>\n\t\t\t\t<\/div>\n\t\t\t\t\t\t\t\t<\/div>\n\t\t\t\t<\/div>\n\t\t\t\t\t<\/div>\n\t\t<\/div>\n\t\t\t\t\t<\/div>\n\t\t<\/section>\n\t\t\t\t\t<\/div>\n\t\t<\/div>\n\t\t\t\t\t<\/div>\n\t\t<\/section>\n\t\t\t\t<section class=\"elementor-section elementor-top-section elementor-element elementor-element-5af24fec elementor-section-boxed elementor-section-height-default elementor-section-height-default\" data-id=\"5af24fec\" data-element_type=\"section\">\n\t\t\t\t\t\t<div class=\"elementor-container elementor-column-gap-no\">\n\t\t\t\t\t<div class=\"elementor-column elementor-col-100 elementor-top-column elementor-element elementor-element-2d90a42d\" data-id=\"2d90a42d\" data-element_type=\"column\">\n\t\t\t<div class=\"elementor-widget-wrap elementor-element-populated\">\n\t\t\t\t\t\t<div class=\"elementor-element elementor-element-502cd0c3 elementor-widget-divider--view-line elementor-widget elementor-widget-divider\" data-id=\"502cd0c3\" data-element_type=\"widget\" data-widget_type=\"divider.default\">\n\t\t\t\t<div class=\"elementor-widget-container\">\n\t\t\t\t\t\t\t<div class=\"elementor-divider\">\n\t\t\t<span class=\"elementor-divider-separator\">\n\t\t\t\t\t\t<\/span>\n\t\t<\/div>\n\t\t\t\t\t\t<\/div>\n\t\t\t\t<\/div>\n\t\t\t\t<section class=\"elementor-section elementor-inner-section elementor-element elementor-element-7b25ca56 elementor-section-boxed elementor-section-height-default elementor-section-height-default\" data-id=\"7b25ca56\" data-element_type=\"section\">\n\t\t\t\t\t\t<div class=\"elementor-container elementor-column-gap-no\">\n\t\t\t\t\t<div class=\"elementor-column elementor-col-100 elementor-inner-column elementor-element elementor-element-36def731\" data-id=\"36def731\" data-element_type=\"column\" data-settings=\"{&quot;background_background&quot;:&quot;classic&quot;}\">\n\t\t\t<div class=\"elementor-widget-wrap elementor-element-populated\">\n\t\t\t\t\t\t<div class=\"elementor-element elementor-element-77e73dcc elementor-widget elementor-widget-heading\" data-id=\"77e73dcc\" data-element_type=\"widget\" data-widget_type=\"heading.default\">\n\t\t\t\t<div class=\"elementor-widget-container\">\n\t\t\t\t\t<h3 class=\"elementor-heading-title elementor-size-default\">PROCESAMIENTO<\/h3>\t\t\t\t<\/div>\n\t\t\t\t<\/div>\n\t\t\t\t\t<\/div>\n\t\t<\/div>\n\t\t\t\t\t<\/div>\n\t\t<\/section>\n\t\t\t\t<div class=\"elementor-element elementor-element-639df416 elementor-widget elementor-widget-image\" data-id=\"639df416\" data-element_type=\"widget\" data-widget_type=\"image.default\">\n\t\t\t\t<div class=\"elementor-widget-container\">\n\t\t\t\t\t\t\t\t\t\t\t\t\t\t\t\t<a href=\"https:\/\/bulltec.it\/wp-content\/uploads\/2023\/02\/esp_bulltec_schema_processo_di_lavorazione.png\" data-elementor-open-lightbox=\"yes\" data-elementor-lightbox-title=\"esp_bulltec_schema_processo_di_lavorazione\" data-e-action-hash=\"#elementor-action%3Aaction%3Dlightbox%26settings%3DeyJpZCI6Njc3OSwidXJsIjoiaHR0cHM6XC9cL2J1bGx0ZWMuZGVrb29sYWIuaXRcL3dwLWNvbnRlbnRcL3VwbG9hZHNcLzIwMjNcLzAyXC9lc3BfYnVsbHRlY19zY2hlbWFfcHJvY2Vzc29fZGlfbGF2b3JhemlvbmUucG5nIn0%3D\">\n\t\t\t\t\t\t\t<img decoding=\"async\" width=\"3060\" height=\"2215\" src=\"https:\/\/bulltec.dekoolab.it\/wp-content\/uploads\/2023\/02\/esp_bulltec_schema_processo_di_lavorazione.png\" class=\"attachment-full size-full wp-image-6779\" alt=\"\" srcset=\"https:\/\/bulltec.dekoolab.it\/wp-content\/uploads\/2023\/02\/esp_bulltec_schema_processo_di_lavorazione.png 3060w, https:\/\/bulltec.dekoolab.it\/wp-content\/uploads\/2023\/02\/esp_bulltec_schema_processo_di_lavorazione-300x217.png 300w, https:\/\/bulltec.dekoolab.it\/wp-content\/uploads\/2023\/02\/esp_bulltec_schema_processo_di_lavorazione-1024x741.png 1024w, https:\/\/bulltec.dekoolab.it\/wp-content\/uploads\/2023\/02\/esp_bulltec_schema_processo_di_lavorazione-768x556.png 768w, https:\/\/bulltec.dekoolab.it\/wp-content\/uploads\/2023\/02\/esp_bulltec_schema_processo_di_lavorazione-1536x1112.png 1536w, https:\/\/bulltec.dekoolab.it\/wp-content\/uploads\/2023\/02\/esp_bulltec_schema_processo_di_lavorazione-2048x1482.png 2048w\" sizes=\"(max-width: 3060px) 100vw, 3060px\" \/>\t\t\t\t\t\t\t\t<\/a>\n\t\t\t\t\t\t\t\t\t\t\t\t\t\t\t<\/div>\n\t\t\t\t<\/div>\n\t\t\t\t<div class=\"elementor-element elementor-element-6df55010 elementor-widget-divider--view-line elementor-widget elementor-widget-divider\" data-id=\"6df55010\" data-element_type=\"widget\" data-widget_type=\"divider.default\">\n\t\t\t\t<div class=\"elementor-widget-container\">\n\t\t\t\t\t\t\t<div class=\"elementor-divider\">\n\t\t\t<span class=\"elementor-divider-separator\">\n\t\t\t\t\t\t<\/span>\n\t\t<\/div>\n\t\t\t\t\t\t<\/div>\n\t\t\t\t<\/div>\n\t\t\t\t<div class=\"elementor-element elementor-element-5e574edd elementor-widget elementor-widget-heading\" data-id=\"5e574edd\" data-element_type=\"widget\" data-widget_type=\"heading.default\">\n\t\t\t\t<div class=\"elementor-widget-container\">\n\t\t\t\t\t<h3 class=\"elementor-heading-title elementor-size-default\">LAS VENTAJAS DE UTILIZAR UNA L\u00cdNEA BULLTEC<\/h3>\t\t\t\t<\/div>\n\t\t\t\t<\/div>\n\t\t\t\t<section class=\"elementor-section elementor-inner-section elementor-element elementor-element-c50094b elementor-section-full_width elementor-section-height-default elementor-section-height-default\" data-id=\"c50094b\" data-element_type=\"section\">\n\t\t\t\t\t\t<div class=\"elementor-container elementor-column-gap-default\">\n\t\t\t\t\t<div class=\"elementor-column elementor-col-33 elementor-top-column elementor-element elementor-element-30f96f2\" data-id=\"30f96f2\" data-element_type=\"column\">\n\t\t\t<div class=\"elementor-widget-wrap elementor-element-populated\">\n\t\t\t\t\t\t<div class=\"elementor-element elementor-element-300a8f8 elementor-widget elementor-widget-image\" data-id=\"300a8f8\" data-element_type=\"widget\" data-widget_type=\"image.default\">\n\t\t\t\t<div class=\"elementor-widget-container\">\n\t\t\t\t\t\t\t\t\t\t\t\t\t\t\t<img decoding=\"async\" width=\"100\" height=\"100\" src=\"https:\/\/bulltec.dekoolab.it\/wp-content\/uploads\/2022\/11\/bulltec_home_icona_calibratura_efficiente_def.png\" class=\"attachment-full size-full wp-image-5151\" alt=\"\" \/>\t\t\t\t\t\t\t\t\t\t\t\t\t\t\t<\/div>\n\t\t\t\t<\/div>\n\t\t\t\t<div class=\"elementor-element elementor-element-2b98165 elementor-widget elementor-widget-heading\" data-id=\"2b98165\" data-element_type=\"widget\" data-widget_type=\"heading.default\">\n\t\t\t\t<div class=\"elementor-widget-container\">\n\t\t\t\t\t<h3 class=\"elementor-heading-title elementor-size-default\">Calibraci\u00f3n<\/br> eficiente<\/h3>\t\t\t\t<\/div>\n\t\t\t\t<\/div>\n\t\t\t\t<div class=\"elementor-element elementor-element-97b7a91 elementor-widget elementor-widget-text-editor\" data-id=\"97b7a91\" data-element_type=\"widget\" data-widget_type=\"text-editor.default\">\n\t\t\t\t<div class=\"elementor-widget-container\">\n\t\t\t\t\t\t\t\t\t<p>Gracias al SOFTWARE dedicado de Bulltec podemos ofrecer calibraci\u00f3n de precisi\u00f3n milim\u00e9trica y calibraci\u00f3n de precisi\u00f3n en gramos por peso.<\/p>\n\t\t\t\t\t\t\t\t<\/div>\n\t\t\t\t<\/div>\n\t\t\t\t\t<\/div>\n\t\t<\/div>\n\t\t\t\t<div class=\"elementor-column elementor-col-33 elementor-inner-column elementor-element elementor-element-c1d580f\" data-id=\"c1d580f\" data-element_type=\"column\">\n\t\t\t<div class=\"elementor-widget-wrap elementor-element-populated\">\n\t\t\t\t\t\t<div class=\"elementor-element elementor-element-313cd6c elementor-widget elementor-widget-image\" data-id=\"313cd6c\" data-element_type=\"widget\" data-widget_type=\"image.default\">\n\t\t\t\t<div class=\"elementor-widget-container\">\n\t\t\t\t\t\t\t\t\t\t\t\t\t\t\t<img loading=\"lazy\" decoding=\"async\" width=\"100\" height=\"100\" src=\"https:\/\/bulltec.dekoolab.it\/wp-content\/uploads\/2022\/11\/bulltec_home_icona_versatilita_di_utilizzo_def.png\" class=\"attachment-full size-full wp-image-5154\" alt=\"\" \/>\t\t\t\t\t\t\t\t\t\t\t\t\t\t\t<\/div>\n\t\t\t\t<\/div>\n\t\t\t\t<div class=\"elementor-element elementor-element-dd64d25 elementor-widget elementor-widget-heading\" data-id=\"dd64d25\" data-element_type=\"widget\" data-widget_type=\"heading.default\">\n\t\t\t\t<div class=\"elementor-widget-container\">\n\t\t\t\t\t<h3 class=\"elementor-heading-title elementor-size-default\">Versatilidad<\/br> de uso<\/h3>\t\t\t\t<\/div>\n\t\t\t\t<\/div>\n\t\t\t\t<div class=\"elementor-element elementor-element-4b30634 elementor-widget elementor-widget-text-editor\" data-id=\"4b30634\" data-element_type=\"widget\" data-widget_type=\"text-editor.default\">\n\t\t\t\t<div class=\"elementor-widget-container\">\n\t\t\t\t\t\t\t\t\t<p>Procese distintos tipos de verduras en la misma m\u00e1quina, con la posibilidad de calibrar art\u00edculos muy diferentes por peso y tama\u00f1o.<\/p>\n\t\t\t\t\t\t\t\t<\/div>\n\t\t\t\t<\/div>\n\t\t\t\t\t<\/div>\n\t\t<\/div>\n\t\t\t\t<div class=\"elementor-column elementor-col-33 elementor-inner-column elementor-element elementor-element-f01050c\" data-id=\"f01050c\" data-element_type=\"column\">\n\t\t\t<div class=\"elementor-widget-wrap elementor-element-populated\">\n\t\t\t\t\t\t<div class=\"elementor-element elementor-element-fd61948 elementor-widget elementor-widget-image\" data-id=\"fd61948\" data-element_type=\"widget\" data-widget_type=\"image.default\">\n\t\t\t\t<div class=\"elementor-widget-container\">\n\t\t\t\t\t\t\t\t\t\t\t\t\t\t\t<img loading=\"lazy\" decoding=\"async\" width=\"100\" height=\"100\" src=\"https:\/\/bulltec.dekoolab.it\/wp-content\/uploads\/2022\/11\/bulltec_home_icona_meccanica_semplice_def.png\" class=\"attachment-full size-full wp-image-5148\" alt=\"\" \/>\t\t\t\t\t\t\t\t\t\t\t\t\t\t\t<\/div>\n\t\t\t\t<\/div>\n\t\t\t\t<div class=\"elementor-element elementor-element-f199d1f elementor-widget elementor-widget-heading\" data-id=\"f199d1f\" data-element_type=\"widget\" data-widget_type=\"heading.default\">\n\t\t\t\t<div class=\"elementor-widget-container\">\n\t\t\t\t\t<h3 class=\"elementor-heading-title elementor-size-default\">Mec\u00e1nica<\/br> sencilla<\/h3>\t\t\t\t<\/div>\n\t\t\t\t<\/div>\n\t\t\t\t<div class=\"elementor-element elementor-element-e52dddd elementor-widget elementor-widget-text-editor\" data-id=\"e52dddd\" data-element_type=\"widget\" data-widget_type=\"text-editor.default\">\n\t\t\t\t<div class=\"elementor-widget-container\">\n\t\t\t\t\t\t\t\t\t<p>Las cintas transportadoras del producto y los actuadores neum\u00e1ticos ajustables para expulsar el producto garantizan una manipulaci\u00f3n sencilla de la l\u00ednea.<\/p>\n\t\t\t\t\t\t\t\t<\/div>\n\t\t\t\t<\/div>\n\t\t\t\t\t<\/div>\n\t\t<\/div>\n\t\t\t\t\t<\/div>\n\t\t<\/section>\n\t\t\t\t\t<\/div>\n\t\t<\/div>\n\t\t\t\t\t<\/div>\n\t\t<\/section>\n\t\t\t\t<\/div>\n\t\t","protected":false},"excerpt":{"rendered":"<p>Sistemas y l\u00edneas de procesado de sand\u00edas baby. Bulltec, l\u00edneas completas para el procesado de sand\u00eda baby, desde el campo hasta el envasado.Bulltec ofrece una planta capaz de preservar el perfecto estado de la hortaliza durante todas las fases de procesamiento. SOLUCIONES BULLTEC PARA EL TRATAMIENTO DE LA SAND\u00cdA BEB\u00c9 CALIBRACI\u00d3N ELECTR\u00d3NICA PARA PESO Y [&hellip;]<\/p>\n","protected":false},"author":1,"featured_media":0,"parent":5619,"menu_order":0,"comment_status":"closed","ping_status":"closed","template":"elementor_header_footer","meta":{"site-sidebar-layout":"no-sidebar","site-content-layout":"page-builder","ast-site-content-layout":"default","site-content-style":"default","site-sidebar-style":"default","ast-global-header-display":"","ast-banner-title-visibility":"","ast-main-header-display":"","ast-hfb-above-header-display":"","ast-hfb-below-header-display":"","ast-hfb-mobile-header-display":"","site-post-title":"disabled","ast-breadcrumbs-content":"","ast-featured-img":"disabled","footer-sml-layout":"","ast-disable-related-posts":"","theme-transparent-header-meta":"","adv-header-id-meta":"","stick-header-meta":"","header-above-stick-meta":"","header-main-stick-meta":"","header-below-stick-meta":"","astra-migrate-meta-layouts":"default","ast-page-background-enabled":"default","ast-page-background-meta":{"desktop":{"background-color":"var(--ast-global-color-4)","background-image":"","background-repeat":"repeat","background-position":"center center","background-size":"auto","background-attachment":"scroll","background-type":"","background-media":"","overlay-type":"","overlay-color":"","overlay-opacity":"","overlay-gradient":""},"tablet":{"background-color":"","background-image":"","background-repeat":"repeat","background-position":"center center","background-size":"auto","background-attachment":"scroll","background-type":"","background-media":"","overlay-type":"","overlay-color":"","overlay-opacity":"","overlay-gradient":""},"mobile":{"background-color":"","background-image":"","background-repeat":"repeat","background-position":"center center","background-size":"auto","background-attachment":"scroll","background-type":"","background-media":"","overlay-type":"","overlay-color":"","overlay-opacity":"","overlay-gradient":""}},"ast-content-background-meta":{"desktop":{"background-color":"var(--ast-global-color-5)","background-image":"","background-repeat":"repeat","background-position":"center center","background-size":"auto","background-attachment":"scroll","background-type":"","background-media":"","overlay-type":"","overlay-color":"","overlay-opacity":"","overlay-gradient":""},"tablet":{"background-color":"var(--ast-global-color-5)","background-image":"","background-repeat":"repeat","background-position":"center center","background-size":"auto","background-attachment":"scroll","background-type":"","background-media":"","overlay-type":"","overlay-color":"","overlay-opacity":"","overlay-gradient":""},"mobile":{"background-color":"var(--ast-global-color-5)","background-image":"","background-repeat":"repeat","background-position":"center center","background-size":"auto","background-attachment":"scroll","background-type":"","background-media":"","overlay-type":"","overlay-color":"","overlay-opacity":"","overlay-gradient":""}},"footnotes":""},"class_list":["post-5635","page","type-page","status-publish","hentry"],"_links":{"self":[{"href":"https:\/\/bulltec.dekoolab.it\/es\/wp-json\/wp\/v2\/pages\/5635","targetHints":{"allow":["GET"]}}],"collection":[{"href":"https:\/\/bulltec.dekoolab.it\/es\/wp-json\/wp\/v2\/pages"}],"about":[{"href":"https:\/\/bulltec.dekoolab.it\/es\/wp-json\/wp\/v2\/types\/page"}],"author":[{"embeddable":true,"href":"https:\/\/bulltec.dekoolab.it\/es\/wp-json\/wp\/v2\/users\/1"}],"replies":[{"embeddable":true,"href":"https:\/\/bulltec.dekoolab.it\/es\/wp-json\/wp\/v2\/comments?post=5635"}],"version-history":[{"count":3,"href":"https:\/\/bulltec.dekoolab.it\/es\/wp-json\/wp\/v2\/pages\/5635\/revisions"}],"predecessor-version":[{"id":6835,"href":"https:\/\/bulltec.dekoolab.it\/es\/wp-json\/wp\/v2\/pages\/5635\/revisions\/6835"}],"up":[{"embeddable":true,"href":"https:\/\/bulltec.dekoolab.it\/es\/wp-json\/wp\/v2\/pages\/5619"}],"wp:attachment":[{"href":"https:\/\/bulltec.dekoolab.it\/es\/wp-json\/wp\/v2\/media?parent=5635"}],"curies":[{"name":"wp","href":"https:\/\/api.w.org\/{rel}","templated":true}]}}