{"id":5671,"date":"2022-11-03T14:06:52","date_gmt":"2022-11-03T14:06:52","guid":{"rendered":"https:\/\/bulltec.it\/productos\/boniato\/"},"modified":"2023-02-17T12:51:16","modified_gmt":"2023-02-17T12:51:16","slug":"boniato","status":"publish","type":"page","link":"https:\/\/bulltec.dekoolab.it\/es\/productos\/boniato\/","title":{"rendered":"Boniato"},"content":{"rendered":"\t\t<div data-elementor-type=\"wp-page\" data-elementor-id=\"5671\" class=\"elementor elementor-5671 elementor-2556\" data-elementor-post-type=\"page\">\n\t\t\t\t\t\t<section class=\"elementor-section elementor-top-section elementor-element elementor-element-1b39d053 elementor-section-content-middle elementor-section-boxed elementor-section-height-default elementor-section-height-default\" data-id=\"1b39d053\" data-element_type=\"section\" data-settings=\"{&quot;background_background&quot;:&quot;classic&quot;}\">\n\t\t\t\t\t\t<div class=\"elementor-container elementor-column-gap-no\">\n\t\t\t\t\t<div class=\"elementor-column elementor-col-50 elementor-top-column elementor-element elementor-element-49956ba2\" data-id=\"49956ba2\" data-element_type=\"column\">\n\t\t\t<div class=\"elementor-widget-wrap elementor-element-populated\">\n\t\t\t\t\t\t<div class=\"elementor-element elementor-element-6789c295 elementor-widget elementor-widget-heading\" data-id=\"6789c295\" data-element_type=\"widget\" data-widget_type=\"heading.default\">\n\t\t\t\t<div class=\"elementor-widget-container\">\n\t\t\t\t\t<h2 class=\"elementor-heading-title elementor-size-default\">Plantas y l\u00edneas para el procesamiento de Boniato.<\/h2>\t\t\t\t<\/div>\n\t\t\t\t<\/div>\n\t\t\t\t\t<\/div>\n\t\t<\/div>\n\t\t\t\t<div class=\"elementor-column elementor-col-50 elementor-top-column elementor-element elementor-element-5401ec80\" data-id=\"5401ec80\" data-element_type=\"column\">\n\t\t\t<div class=\"elementor-widget-wrap\">\n\t\t\t\t\t\t\t<\/div>\n\t\t<\/div>\n\t\t\t\t\t<\/div>\n\t\t<\/section>\n\t\t\t\t<section class=\"elementor-section elementor-top-section elementor-element elementor-element-22b07a87 elementor-section-boxed elementor-section-height-default elementor-section-height-default\" data-id=\"22b07a87\" data-element_type=\"section\">\n\t\t\t\t\t\t<div class=\"elementor-container elementor-column-gap-no\">\n\t\t\t\t\t<div class=\"elementor-column elementor-col-100 elementor-top-column elementor-element elementor-element-5832b4ec\" data-id=\"5832b4ec\" data-element_type=\"column\">\n\t\t\t<div class=\"elementor-widget-wrap elementor-element-populated\">\n\t\t\t\t\t\t<div class=\"elementor-element elementor-element-6361b28a elementor-widget elementor-widget-text-editor\" data-id=\"6361b28a\" data-element_type=\"widget\" data-widget_type=\"text-editor.default\">\n\t\t\t\t<div class=\"elementor-widget-container\">\n\t\t\t\t\t\t\t\t\t<p>Bulltec, l\u00edneas completas para el procesado de boniatos, desde la campa\u00f1a hasta el envasado.<br \/>Bulltec ofrece una planta capaz de preservar el perfecto estado de la hortaliza durante todas las fases de procesamiento.<\/p>\n\t\t\t\t\t\t\t\t<\/div>\n\t\t\t\t<\/div>\n\t\t\t\t<div class=\"elementor-element elementor-element-6d7769c2 elementor-widget-divider--view-line elementor-widget elementor-widget-divider\" data-id=\"6d7769c2\" data-element_type=\"widget\" data-widget_type=\"divider.default\">\n\t\t\t\t<div class=\"elementor-widget-container\">\n\t\t\t\t\t\t\t<div class=\"elementor-divider\">\n\t\t\t<span class=\"elementor-divider-separator\">\n\t\t\t\t\t\t<\/span>\n\t\t<\/div>\n\t\t\t\t\t\t<\/div>\n\t\t\t\t<\/div>\n\t\t\t\t<div class=\"elementor-element elementor-element-51288f6a elementor-widget elementor-widget-heading\" data-id=\"51288f6a\" data-element_type=\"widget\" data-widget_type=\"heading.default\">\n\t\t\t\t<div class=\"elementor-widget-container\">\n\t\t\t\t\t<h4 class=\"elementor-heading-title elementor-size-default\">SOLUCIONES BULLTEC PARA EL PROCESAMIENTO DE Boniato<\/h4>\t\t\t\t<\/div>\n\t\t\t\t<\/div>\n\t\t\t\t<section class=\"elementor-section elementor-inner-section elementor-element elementor-element-26a87b8a elementor-section-full_width elementor-section-height-default elementor-section-height-default\" data-id=\"26a87b8a\" data-element_type=\"section\" data-settings=\"{&quot;background_background&quot;:&quot;classic&quot;}\">\n\t\t\t\t\t\t<div class=\"elementor-container elementor-column-gap-no\">\n\t\t\t\t\t<div class=\"elementor-column elementor-col-100 elementor-inner-column elementor-element elementor-element-5f18116a\" data-id=\"5f18116a\" data-element_type=\"column\">\n\t\t\t<div class=\"elementor-widget-wrap elementor-element-populated\">\n\t\t\t\t\t\t<div class=\"elementor-element elementor-element-72dbf5e6 elementor-widget elementor-widget-heading\" data-id=\"72dbf5e6\" data-element_type=\"widget\" data-widget_type=\"heading.default\">\n\t\t\t\t<div class=\"elementor-widget-container\">\n\t\t\t\t\t<h4 class=\"elementor-heading-title elementor-size-default\">CALIBRACI\u00d3N ELECTR\u00d3NICA PARA PESO Y TAMA\u00d1O:<\/h4>\t\t\t\t<\/div>\n\t\t\t\t<\/div>\n\t\t\t\t\t<\/div>\n\t\t<\/div>\n\t\t\t\t\t<\/div>\n\t\t<\/section>\n\t\t\t\t<div class=\"elementor-element elementor-element-5883577c elementor-widget elementor-widget-text-editor\" data-id=\"5883577c\" data-element_type=\"widget\" data-widget_type=\"text-editor.default\">\n\t\t\t\t<div class=\"elementor-widget-container\">\n\t\t\t\t\t\t\t\t\t<p>A trav\u00e9s de un sistema patentado, puede calibrar sus boniatas por tama\u00f1o (longitud di\u00e1metro), por peso.<br \/>Ambas soluciones pueden instalarse en la misma l\u00ednea.<br \/>Esto le ofrece un amplio abanico de posibilidades con una sola soluci\u00f3n.<\/p>\n\t\t\t\t\t\t\t\t<\/div>\n\t\t\t\t<\/div>\n\t\t\t\t<section class=\"elementor-section elementor-inner-section elementor-element elementor-element-52030f8b elementor-section-boxed elementor-section-height-default elementor-section-height-default\" data-id=\"52030f8b\" data-element_type=\"section\">\n\t\t\t\t\t\t<div class=\"elementor-container elementor-column-gap-no\">\n\t\t\t\t\t<div class=\"elementor-column elementor-col-50 elementor-inner-column elementor-element elementor-element-ce92bb0\" data-id=\"ce92bb0\" data-element_type=\"column\">\n\t\t\t<div class=\"elementor-widget-wrap elementor-element-populated\">\n\t\t\t\t\t\t<div class=\"elementor-element elementor-element-18c9acc6 elementor-widget elementor-widget-image\" data-id=\"18c9acc6\" data-element_type=\"widget\" data-widget_type=\"image.default\">\n\t\t\t\t<div class=\"elementor-widget-container\">\n\t\t\t\t\t\t\t\t\t\t\t\t\t\t\t<img fetchpriority=\"high\" decoding=\"async\" width=\"1000\" height=\"750\" src=\"https:\/\/bulltec.dekoolab.it\/wp-content\/uploads\/2022\/12\/bulltec_prodotto_calibratura_elettronica.jpg\" class=\"attachment-full size-full wp-image-5361\" alt=\"\" srcset=\"https:\/\/bulltec.dekoolab.it\/wp-content\/uploads\/2022\/12\/bulltec_prodotto_calibratura_elettronica.jpg 1000w, https:\/\/bulltec.dekoolab.it\/wp-content\/uploads\/2022\/12\/bulltec_prodotto_calibratura_elettronica-300x225.jpg 300w, https:\/\/bulltec.dekoolab.it\/wp-content\/uploads\/2022\/12\/bulltec_prodotto_calibratura_elettronica-768x576.jpg 768w\" sizes=\"(max-width: 1000px) 100vw, 1000px\" \/>\t\t\t\t\t\t\t\t\t\t\t\t\t\t\t<\/div>\n\t\t\t\t<\/div>\n\t\t\t\t\t<\/div>\n\t\t<\/div>\n\t\t\t\t<div class=\"elementor-column elementor-col-50 elementor-inner-column elementor-element elementor-element-2952265a\" data-id=\"2952265a\" data-element_type=\"column\">\n\t\t\t<div class=\"elementor-widget-wrap elementor-element-populated\">\n\t\t\t\t\t\t<div class=\"elementor-element elementor-element-5964639a patate-dolci-1 elementor-mobile-align-center elementor-widget elementor-widget-button\" data-id=\"5964639a\" data-element_type=\"widget\" data-widget_type=\"button.default\">\n\t\t\t\t<div class=\"elementor-widget-container\">\n\t\t\t\t\t\t\t\t\t<div class=\"elementor-button-wrapper\">\n\t\t\t\t\t<a class=\"elementor-button elementor-size-sm\" role=\"button\">\n\t\t\t\t\t\t<span class=\"elementor-button-content-wrapper\">\n\t\t\t\t\t\t<span class=\"elementor-button-icon\">\n\t\t\t\t<i aria-hidden=\"true\" class=\"far fa-play-circle\"><\/i>\t\t\t<\/span>\n\t\t\t\t\t\t\t\t\t<span class=\"elementor-button-text\">V\u00eddeo<\/span>\n\t\t\t\t\t<\/span>\n\t\t\t\t\t<\/a>\n\t\t\t\t<\/div>\n\t\t\t\t\t\t\t\t<\/div>\n\t\t\t\t<\/div>\n\t\t\t\t<div class=\"elementor-element elementor-element-5d352a56 elementor-widget-divider--view-line elementor-widget elementor-widget-divider\" data-id=\"5d352a56\" data-element_type=\"widget\" data-widget_type=\"divider.default\">\n\t\t\t\t<div class=\"elementor-widget-container\">\n\t\t\t\t\t\t\t<div class=\"elementor-divider\">\n\t\t\t<span class=\"elementor-divider-separator\">\n\t\t\t\t\t\t<\/span>\n\t\t<\/div>\n\t\t\t\t\t\t<\/div>\n\t\t\t\t<\/div>\n\t\t\t\t<div class=\"elementor-element elementor-element-364bfde4 elementor-widget elementor-widget-text-editor\" data-id=\"364bfde4\" data-element_type=\"widget\" data-widget_type=\"text-editor.default\">\n\t\t\t\t<div class=\"elementor-widget-container\">\n\t\t\t\t\t\t\t\t\t<p>* en la figura:<br \/>L\u00cdNEA DE 2 CANALES PARA CALIBRAR POR TAMA\u00d1O DE VERDURA,<br \/>6 SALIDAS ELECTR\u00d3NICAS<br \/>+1 SALIDA MEC\u00c1NICA<\/p>\n\t\t\t\t\t\t\t\t<\/div>\n\t\t\t\t<\/div>\n\t\t\t\t<div class=\"elementor-element elementor-element-71c17672 elementor-widget elementor-widget-heading\" data-id=\"71c17672\" data-element_type=\"widget\" data-widget_type=\"heading.default\">\n\t\t\t\t<div class=\"elementor-widget-container\">\n\t\t\t\t\t<h4 class=\"elementor-heading-title elementor-size-default\">M\u00e1s informaci\u00f3n sobre nuestras encoladoras<\/h4>\t\t\t\t<\/div>\n\t\t\t\t<\/div>\n\t\t\t\t<div class=\"elementor-element elementor-element-217819e6 elementor-align-left elementor-mobile-align-center elementor-widget elementor-widget-button\" data-id=\"217819e6\" data-element_type=\"widget\" data-widget_type=\"button.default\">\n\t\t\t\t<div class=\"elementor-widget-container\">\n\t\t\t\t\t\t\t\t\t<div class=\"elementor-button-wrapper\">\n\t\t\t\t\t<a class=\"elementor-button elementor-button-link elementor-size-sm\" href=\"https:\/\/bulltec.it\/es\/calibradores\/\">\n\t\t\t\t\t\t<span class=\"elementor-button-content-wrapper\">\n\t\t\t\t\t\t\t\t\t<span class=\"elementor-button-text\">M\u00e1s informaci\u00f3n<\/span>\n\t\t\t\t\t<\/span>\n\t\t\t\t\t<\/a>\n\t\t\t\t<\/div>\n\t\t\t\t\t\t\t\t<\/div>\n\t\t\t\t<\/div>\n\t\t\t\t\t<\/div>\n\t\t<\/div>\n\t\t\t\t\t<\/div>\n\t\t<\/section>\n\t\t\t\t\t<\/div>\n\t\t<\/div>\n\t\t\t\t\t<\/div>\n\t\t<\/section>\n\t\t\t\t<section class=\"elementor-section elementor-top-section elementor-element elementor-element-67800578 elementor-section-boxed elementor-section-height-default elementor-section-height-default\" data-id=\"67800578\" data-element_type=\"section\">\n\t\t\t\t\t\t<div class=\"elementor-container elementor-column-gap-no\">\n\t\t\t\t\t<div class=\"elementor-column elementor-col-100 elementor-top-column elementor-element elementor-element-1cfb339d\" data-id=\"1cfb339d\" data-element_type=\"column\">\n\t\t\t<div class=\"elementor-widget-wrap elementor-element-populated\">\n\t\t\t\t\t\t<div class=\"elementor-element elementor-element-4ff1ed6f elementor-widget-divider--view-line elementor-widget elementor-widget-divider\" data-id=\"4ff1ed6f\" data-element_type=\"widget\" data-widget_type=\"divider.default\">\n\t\t\t\t<div class=\"elementor-widget-container\">\n\t\t\t\t\t\t\t<div class=\"elementor-divider\">\n\t\t\t<span class=\"elementor-divider-separator\">\n\t\t\t\t\t\t<\/span>\n\t\t<\/div>\n\t\t\t\t\t\t<\/div>\n\t\t\t\t<\/div>\n\t\t\t\t<section class=\"elementor-section elementor-inner-section elementor-element elementor-element-22bd3167 elementor-section-boxed elementor-section-height-default elementor-section-height-default\" data-id=\"22bd3167\" data-element_type=\"section\">\n\t\t\t\t\t\t<div class=\"elementor-container elementor-column-gap-no\">\n\t\t\t\t\t<div class=\"elementor-column elementor-col-100 elementor-inner-column elementor-element elementor-element-61d7f04e\" data-id=\"61d7f04e\" data-element_type=\"column\" data-settings=\"{&quot;background_background&quot;:&quot;classic&quot;}\">\n\t\t\t<div class=\"elementor-widget-wrap elementor-element-populated\">\n\t\t\t\t\t\t<div class=\"elementor-element elementor-element-5f6a2404 elementor-widget elementor-widget-heading\" data-id=\"5f6a2404\" data-element_type=\"widget\" data-widget_type=\"heading.default\">\n\t\t\t\t<div class=\"elementor-widget-container\">\n\t\t\t\t\t<h3 class=\"elementor-heading-title elementor-size-default\">PROCESAMIENTO<\/h3>\t\t\t\t<\/div>\n\t\t\t\t<\/div>\n\t\t\t\t\t<\/div>\n\t\t<\/div>\n\t\t\t\t\t<\/div>\n\t\t<\/section>\n\t\t\t\t<div class=\"elementor-element elementor-element-4d869730 elementor-widget elementor-widget-image\" data-id=\"4d869730\" data-element_type=\"widget\" data-widget_type=\"image.default\">\n\t\t\t\t<div class=\"elementor-widget-container\">\n\t\t\t\t\t\t\t\t\t\t\t\t\t\t\t\t<a href=\"https:\/\/bulltec.it\/wp-content\/uploads\/2023\/02\/esp_bulltec_schema_processo_di_lavorazione.png\" data-elementor-open-lightbox=\"yes\" data-elementor-lightbox-title=\"esp_bulltec_schema_processo_di_lavorazione\" data-e-action-hash=\"#elementor-action%3Aaction%3Dlightbox%26settings%3DeyJpZCI6Njc3OSwidXJsIjoiaHR0cHM6XC9cL2J1bGx0ZWMuZGVrb29sYWIuaXRcL3dwLWNvbnRlbnRcL3VwbG9hZHNcLzIwMjNcLzAyXC9lc3BfYnVsbHRlY19zY2hlbWFfcHJvY2Vzc29fZGlfbGF2b3JhemlvbmUucG5nIn0%3D\">\n\t\t\t\t\t\t\t<img decoding=\"async\" width=\"3060\" height=\"2215\" src=\"https:\/\/bulltec.dekoolab.it\/wp-content\/uploads\/2023\/02\/esp_bulltec_schema_processo_di_lavorazione.png\" class=\"attachment-full size-full wp-image-6779\" alt=\"\" srcset=\"https:\/\/bulltec.dekoolab.it\/wp-content\/uploads\/2023\/02\/esp_bulltec_schema_processo_di_lavorazione.png 3060w, https:\/\/bulltec.dekoolab.it\/wp-content\/uploads\/2023\/02\/esp_bulltec_schema_processo_di_lavorazione-300x217.png 300w, https:\/\/bulltec.dekoolab.it\/wp-content\/uploads\/2023\/02\/esp_bulltec_schema_processo_di_lavorazione-1024x741.png 1024w, https:\/\/bulltec.dekoolab.it\/wp-content\/uploads\/2023\/02\/esp_bulltec_schema_processo_di_lavorazione-768x556.png 768w, https:\/\/bulltec.dekoolab.it\/wp-content\/uploads\/2023\/02\/esp_bulltec_schema_processo_di_lavorazione-1536x1112.png 1536w, https:\/\/bulltec.dekoolab.it\/wp-content\/uploads\/2023\/02\/esp_bulltec_schema_processo_di_lavorazione-2048x1482.png 2048w\" sizes=\"(max-width: 3060px) 100vw, 3060px\" \/>\t\t\t\t\t\t\t\t<\/a>\n\t\t\t\t\t\t\t\t\t\t\t\t\t\t\t<\/div>\n\t\t\t\t<\/div>\n\t\t\t\t<div class=\"elementor-element elementor-element-67db0f06 elementor-widget-divider--view-line elementor-widget elementor-widget-divider\" data-id=\"67db0f06\" data-element_type=\"widget\" data-widget_type=\"divider.default\">\n\t\t\t\t<div class=\"elementor-widget-container\">\n\t\t\t\t\t\t\t<div class=\"elementor-divider\">\n\t\t\t<span class=\"elementor-divider-separator\">\n\t\t\t\t\t\t<\/span>\n\t\t<\/div>\n\t\t\t\t\t\t<\/div>\n\t\t\t\t<\/div>\n\t\t\t\t<div class=\"elementor-element elementor-element-cec04bd elementor-widget elementor-widget-heading\" data-id=\"cec04bd\" data-element_type=\"widget\" data-widget_type=\"heading.default\">\n\t\t\t\t<div class=\"elementor-widget-container\">\n\t\t\t\t\t<h3 class=\"elementor-heading-title elementor-size-default\">LAS VENTAJAS DE UTILIZAR UNA L\u00cdNEA BULLTEC<\/h3>\t\t\t\t<\/div>\n\t\t\t\t<\/div>\n\t\t\t\t<section class=\"elementor-section elementor-inner-section elementor-element elementor-element-9c3a429 elementor-section-full_width elementor-section-height-default elementor-section-height-default\" data-id=\"9c3a429\" data-element_type=\"section\">\n\t\t\t\t\t\t<div class=\"elementor-container elementor-column-gap-default\">\n\t\t\t\t\t<div class=\"elementor-column elementor-col-33 elementor-top-column elementor-element elementor-element-d14a7ba\" data-id=\"d14a7ba\" data-element_type=\"column\">\n\t\t\t<div class=\"elementor-widget-wrap elementor-element-populated\">\n\t\t\t\t\t\t<div class=\"elementor-element elementor-element-37ae24f elementor-widget elementor-widget-image\" data-id=\"37ae24f\" data-element_type=\"widget\" data-widget_type=\"image.default\">\n\t\t\t\t<div class=\"elementor-widget-container\">\n\t\t\t\t\t\t\t\t\t\t\t\t\t\t\t<img decoding=\"async\" width=\"100\" height=\"100\" src=\"https:\/\/bulltec.dekoolab.it\/wp-content\/uploads\/2022\/11\/bulltec_home_icona_calibratura_efficiente_def.png\" class=\"attachment-full size-full wp-image-5151\" alt=\"\" \/>\t\t\t\t\t\t\t\t\t\t\t\t\t\t\t<\/div>\n\t\t\t\t<\/div>\n\t\t\t\t<div class=\"elementor-element elementor-element-c56e1e4 elementor-widget elementor-widget-heading\" data-id=\"c56e1e4\" data-element_type=\"widget\" data-widget_type=\"heading.default\">\n\t\t\t\t<div class=\"elementor-widget-container\">\n\t\t\t\t\t<h3 class=\"elementor-heading-title elementor-size-default\">Calibraci\u00f3n<\/br> eficiente<\/h3>\t\t\t\t<\/div>\n\t\t\t\t<\/div>\n\t\t\t\t<div class=\"elementor-element elementor-element-0d8d31f elementor-widget elementor-widget-text-editor\" data-id=\"0d8d31f\" data-element_type=\"widget\" data-widget_type=\"text-editor.default\">\n\t\t\t\t<div class=\"elementor-widget-container\">\n\t\t\t\t\t\t\t\t\t<p>Gracias al SOFTWARE dedicado de Bulltec podemos ofrecer calibraci\u00f3n de precisi\u00f3n milim\u00e9trica y calibraci\u00f3n de precisi\u00f3n en gramos por peso.<\/p>\n\t\t\t\t\t\t\t\t<\/div>\n\t\t\t\t<\/div>\n\t\t\t\t\t<\/div>\n\t\t<\/div>\n\t\t\t\t<div class=\"elementor-column elementor-col-33 elementor-inner-column elementor-element elementor-element-61e45f5\" data-id=\"61e45f5\" data-element_type=\"column\">\n\t\t\t<div class=\"elementor-widget-wrap elementor-element-populated\">\n\t\t\t\t\t\t<div class=\"elementor-element elementor-element-935d55f elementor-widget elementor-widget-image\" data-id=\"935d55f\" data-element_type=\"widget\" data-widget_type=\"image.default\">\n\t\t\t\t<div class=\"elementor-widget-container\">\n\t\t\t\t\t\t\t\t\t\t\t\t\t\t\t<img loading=\"lazy\" decoding=\"async\" width=\"100\" height=\"100\" src=\"https:\/\/bulltec.dekoolab.it\/wp-content\/uploads\/2022\/11\/bulltec_home_icona_versatilita_di_utilizzo_def.png\" class=\"attachment-full size-full wp-image-5154\" alt=\"\" \/>\t\t\t\t\t\t\t\t\t\t\t\t\t\t\t<\/div>\n\t\t\t\t<\/div>\n\t\t\t\t<div class=\"elementor-element elementor-element-35fdf58 elementor-widget elementor-widget-heading\" data-id=\"35fdf58\" data-element_type=\"widget\" data-widget_type=\"heading.default\">\n\t\t\t\t<div class=\"elementor-widget-container\">\n\t\t\t\t\t<h3 class=\"elementor-heading-title elementor-size-default\">Versatilidad<\/br> de uso<\/h3>\t\t\t\t<\/div>\n\t\t\t\t<\/div>\n\t\t\t\t<div class=\"elementor-element elementor-element-46100dc elementor-widget elementor-widget-text-editor\" data-id=\"46100dc\" data-element_type=\"widget\" data-widget_type=\"text-editor.default\">\n\t\t\t\t<div class=\"elementor-widget-container\">\n\t\t\t\t\t\t\t\t\t<p>Procese distintos tipos de verduras en la misma m\u00e1quina, con la posibilidad de calibrar art\u00edculos muy diferentes por peso y tama\u00f1o.<\/p>\n\t\t\t\t\t\t\t\t<\/div>\n\t\t\t\t<\/div>\n\t\t\t\t\t<\/div>\n\t\t<\/div>\n\t\t\t\t<div class=\"elementor-column elementor-col-33 elementor-inner-column elementor-element elementor-element-313ad28\" data-id=\"313ad28\" data-element_type=\"column\">\n\t\t\t<div class=\"elementor-widget-wrap elementor-element-populated\">\n\t\t\t\t\t\t<div class=\"elementor-element elementor-element-6f3ba43 elementor-widget elementor-widget-image\" data-id=\"6f3ba43\" data-element_type=\"widget\" data-widget_type=\"image.default\">\n\t\t\t\t<div class=\"elementor-widget-container\">\n\t\t\t\t\t\t\t\t\t\t\t\t\t\t\t<img loading=\"lazy\" decoding=\"async\" width=\"100\" height=\"100\" src=\"https:\/\/bulltec.dekoolab.it\/wp-content\/uploads\/2022\/11\/bulltec_home_icona_meccanica_semplice_def.png\" class=\"attachment-full size-full wp-image-5148\" alt=\"\" \/>\t\t\t\t\t\t\t\t\t\t\t\t\t\t\t<\/div>\n\t\t\t\t<\/div>\n\t\t\t\t<div class=\"elementor-element elementor-element-f7ded55 elementor-widget elementor-widget-heading\" data-id=\"f7ded55\" data-element_type=\"widget\" data-widget_type=\"heading.default\">\n\t\t\t\t<div class=\"elementor-widget-container\">\n\t\t\t\t\t<h3 class=\"elementor-heading-title elementor-size-default\">Mec\u00e1nica<\/br> sencilla<\/h3>\t\t\t\t<\/div>\n\t\t\t\t<\/div>\n\t\t\t\t<div class=\"elementor-element elementor-element-cd73e0a elementor-widget elementor-widget-text-editor\" data-id=\"cd73e0a\" data-element_type=\"widget\" data-widget_type=\"text-editor.default\">\n\t\t\t\t<div class=\"elementor-widget-container\">\n\t\t\t\t\t\t\t\t\t<p>Las cintas transportadoras del producto y los actuadores neum\u00e1ticos ajustables para expulsar el producto garantizan una manipulaci\u00f3n sencilla de la l\u00ednea.<\/p>\n\t\t\t\t\t\t\t\t<\/div>\n\t\t\t\t<\/div>\n\t\t\t\t\t<\/div>\n\t\t<\/div>\n\t\t\t\t\t<\/div>\n\t\t<\/section>\n\t\t\t\t\t<\/div>\n\t\t<\/div>\n\t\t\t\t\t<\/div>\n\t\t<\/section>\n\t\t\t\t<\/div>\n\t\t","protected":false},"excerpt":{"rendered":"<p>Plantas y l\u00edneas para el procesamiento de Boniato. Bulltec, l\u00edneas completas para el procesado de boniatos, desde la campa\u00f1a hasta el envasado.Bulltec ofrece una planta capaz de preservar el perfecto estado de la hortaliza durante todas las fases de procesamiento. SOLUCIONES BULLTEC PARA EL PROCESAMIENTO DE Boniato CALIBRACI\u00d3N ELECTR\u00d3NICA PARA PESO Y TAMA\u00d1O: A trav\u00e9s [&hellip;]<\/p>\n","protected":false},"author":1,"featured_media":0,"parent":5619,"menu_order":0,"comment_status":"closed","ping_status":"closed","template":"elementor_header_footer","meta":{"site-sidebar-layout":"no-sidebar","site-content-layout":"page-builder","ast-site-content-layout":"default","site-content-style":"default","site-sidebar-style":"default","ast-global-header-display":"","ast-banner-title-visibility":"","ast-main-header-display":"","ast-hfb-above-header-display":"","ast-hfb-below-header-display":"","ast-hfb-mobile-header-display":"","site-post-title":"disabled","ast-breadcrumbs-content":"","ast-featured-img":"disabled","footer-sml-layout":"","ast-disable-related-posts":"","theme-transparent-header-meta":"","adv-header-id-meta":"","stick-header-meta":"","header-above-stick-meta":"","header-main-stick-meta":"","header-below-stick-meta":"","astra-migrate-meta-layouts":"default","ast-page-background-enabled":"default","ast-page-background-meta":{"desktop":{"background-color":"var(--ast-global-color-4)","background-image":"","background-repeat":"repeat","background-position":"center center","background-size":"auto","background-attachment":"scroll","background-type":"","background-media":"","overlay-type":"","overlay-color":"","overlay-opacity":"","overlay-gradient":""},"tablet":{"background-color":"","background-image":"","background-repeat":"repeat","background-position":"center center","background-size":"auto","background-attachment":"scroll","background-type":"","background-media":"","overlay-type":"","overlay-color":"","overlay-opacity":"","overlay-gradient":""},"mobile":{"background-color":"","background-image":"","background-repeat":"repeat","background-position":"center center","background-size":"auto","background-attachment":"scroll","background-type":"","background-media":"","overlay-type":"","overlay-color":"","overlay-opacity":"","overlay-gradient":""}},"ast-content-background-meta":{"desktop":{"background-color":"var(--ast-global-color-5)","background-image":"","background-repeat":"repeat","background-position":"center center","background-size":"auto","background-attachment":"scroll","background-type":"","background-media":"","overlay-type":"","overlay-color":"","overlay-opacity":"","overlay-gradient":""},"tablet":{"background-color":"var(--ast-global-color-5)","background-image":"","background-repeat":"repeat","background-position":"center center","background-size":"auto","background-attachment":"scroll","background-type":"","background-media":"","overlay-type":"","overlay-color":"","overlay-opacity":"","overlay-gradient":""},"mobile":{"background-color":"var(--ast-global-color-5)","background-image":"","background-repeat":"repeat","background-position":"center center","background-size":"auto","background-attachment":"scroll","background-type":"","background-media":"","overlay-type":"","overlay-color":"","overlay-opacity":"","overlay-gradient":""}},"footnotes":""},"class_list":["post-5671","page","type-page","status-publish","hentry"],"_links":{"self":[{"href":"https:\/\/bulltec.dekoolab.it\/es\/wp-json\/wp\/v2\/pages\/5671","targetHints":{"allow":["GET"]}}],"collection":[{"href":"https:\/\/bulltec.dekoolab.it\/es\/wp-json\/wp\/v2\/pages"}],"about":[{"href":"https:\/\/bulltec.dekoolab.it\/es\/wp-json\/wp\/v2\/types\/page"}],"author":[{"embeddable":true,"href":"https:\/\/bulltec.dekoolab.it\/es\/wp-json\/wp\/v2\/users\/1"}],"replies":[{"embeddable":true,"href":"https:\/\/bulltec.dekoolab.it\/es\/wp-json\/wp\/v2\/comments?post=5671"}],"version-history":[{"count":3,"href":"https:\/\/bulltec.dekoolab.it\/es\/wp-json\/wp\/v2\/pages\/5671\/revisions"}],"predecessor-version":[{"id":6795,"href":"https:\/\/bulltec.dekoolab.it\/es\/wp-json\/wp\/v2\/pages\/5671\/revisions\/6795"}],"up":[{"embeddable":true,"href":"https:\/\/bulltec.dekoolab.it\/es\/wp-json\/wp\/v2\/pages\/5619"}],"wp:attachment":[{"href":"https:\/\/bulltec.dekoolab.it\/es\/wp-json\/wp\/v2\/media?parent=5671"}],"curies":[{"name":"wp","href":"https:\/\/api.w.org\/{rel}","templated":true}]}}