{"id":5683,"date":"2022-10-17T10:03:44","date_gmt":"2022-10-17T10:03:44","guid":{"rendered":"https:\/\/bulltec.it\/productos\/tomate\/"},"modified":"2023-02-17T13:10:44","modified_gmt":"2023-02-17T13:10:44","slug":"tomate","status":"publish","type":"page","link":"https:\/\/bulltec.dekoolab.it\/es\/productos\/tomate\/","title":{"rendered":"Tomate"},"content":{"rendered":"\t\t<div data-elementor-type=\"wp-page\" data-elementor-id=\"5683\" class=\"elementor elementor-5683 elementor-1943\" data-elementor-post-type=\"page\">\n\t\t\t\t\t\t<section class=\"elementor-section elementor-top-section elementor-element elementor-element-d7a82c elementor-section-content-middle elementor-section-boxed elementor-section-height-default elementor-section-height-default\" data-id=\"d7a82c\" data-element_type=\"section\" data-settings=\"{&quot;background_background&quot;:&quot;classic&quot;}\">\n\t\t\t\t\t\t<div class=\"elementor-container elementor-column-gap-no\">\n\t\t\t\t\t<div class=\"elementor-column elementor-col-50 elementor-top-column elementor-element elementor-element-4cf8dddc\" data-id=\"4cf8dddc\" data-element_type=\"column\">\n\t\t\t<div class=\"elementor-widget-wrap elementor-element-populated\">\n\t\t\t\t\t\t<div class=\"elementor-element elementor-element-348cd7ba elementor-widget elementor-widget-heading\" data-id=\"348cd7ba\" data-element_type=\"widget\" data-widget_type=\"heading.default\">\n\t\t\t\t<div class=\"elementor-widget-container\">\n\t\t\t\t\t<h2 class=\"elementor-heading-title elementor-size-default\">Plantas y l\u00edneas para procesamiento de tomate.<\/h2>\t\t\t\t<\/div>\n\t\t\t\t<\/div>\n\t\t\t\t\t<\/div>\n\t\t<\/div>\n\t\t\t\t<div class=\"elementor-column elementor-col-50 elementor-top-column elementor-element elementor-element-71b783de\" data-id=\"71b783de\" data-element_type=\"column\">\n\t\t\t<div class=\"elementor-widget-wrap\">\n\t\t\t\t\t\t\t<\/div>\n\t\t<\/div>\n\t\t\t\t\t<\/div>\n\t\t<\/section>\n\t\t\t\t<section class=\"elementor-section elementor-top-section elementor-element elementor-element-3b02e708 elementor-section-boxed elementor-section-height-default elementor-section-height-default\" data-id=\"3b02e708\" data-element_type=\"section\">\n\t\t\t\t\t\t<div class=\"elementor-container elementor-column-gap-no\">\n\t\t\t\t\t<div class=\"elementor-column elementor-col-100 elementor-top-column elementor-element elementor-element-5aec6b42\" data-id=\"5aec6b42\" data-element_type=\"column\">\n\t\t\t<div class=\"elementor-widget-wrap elementor-element-populated\">\n\t\t\t\t\t\t<div class=\"elementor-element elementor-element-3c15637 elementor-widget elementor-widget-text-editor\" data-id=\"3c15637\" data-element_type=\"widget\" data-widget_type=\"text-editor.default\">\n\t\t\t\t<div class=\"elementor-widget-container\">\n\t\t\t\t\t\t\t\t\t<p>Bulltec, l\u00edneas completas para el procesado de tomate cherry, desde la campa\u00f1a hasta el envasado.<br \/>Bulltec ofrece una planta capaz de preservar el perfecto estado de la hortaliza durante todas las fases de procesamiento.<\/p>\n\t\t\t\t\t\t\t\t<\/div>\n\t\t\t\t<\/div>\n\t\t\t\t<div class=\"elementor-element elementor-element-5dd586e0 elementor-widget-divider--view-line elementor-widget elementor-widget-divider\" data-id=\"5dd586e0\" data-element_type=\"widget\" data-widget_type=\"divider.default\">\n\t\t\t\t<div class=\"elementor-widget-container\">\n\t\t\t\t\t\t\t<div class=\"elementor-divider\">\n\t\t\t<span class=\"elementor-divider-separator\">\n\t\t\t\t\t\t<\/span>\n\t\t<\/div>\n\t\t\t\t\t\t<\/div>\n\t\t\t\t<\/div>\n\t\t\t\t<div class=\"elementor-element elementor-element-4f0f4bd2 elementor-widget elementor-widget-heading\" data-id=\"4f0f4bd2\" data-element_type=\"widget\" data-widget_type=\"heading.default\">\n\t\t\t\t<div class=\"elementor-widget-container\">\n\t\t\t\t\t<h4 class=\"elementor-heading-title elementor-size-default\">SOLUCIONES BULLTEC PARA EL PROCESADO DE TOMATE<\/h4>\t\t\t\t<\/div>\n\t\t\t\t<\/div>\n\t\t\t\t<section class=\"elementor-section elementor-inner-section elementor-element elementor-element-eccc701 elementor-section-full_width elementor-section-height-default elementor-section-height-default\" data-id=\"eccc701\" data-element_type=\"section\" data-settings=\"{&quot;background_background&quot;:&quot;classic&quot;}\">\n\t\t\t\t\t\t<div class=\"elementor-container elementor-column-gap-no\">\n\t\t\t\t\t<div class=\"elementor-column elementor-col-100 elementor-inner-column elementor-element elementor-element-239260f\" data-id=\"239260f\" data-element_type=\"column\">\n\t\t\t<div class=\"elementor-widget-wrap elementor-element-populated\">\n\t\t\t\t\t\t<div class=\"elementor-element elementor-element-401eeb1 elementor-widget elementor-widget-heading\" data-id=\"401eeb1\" data-element_type=\"widget\" data-widget_type=\"heading.default\">\n\t\t\t\t<div class=\"elementor-widget-container\">\n\t\t\t\t\t<h4 class=\"elementor-heading-title elementor-size-default\">PLANTA PARA PESO COMBINADO:<\/h4>\t\t\t\t<\/div>\n\t\t\t\t<\/div>\n\t\t\t\t\t<\/div>\n\t\t<\/div>\n\t\t\t\t\t<\/div>\n\t\t<\/section>\n\t\t\t\t<div class=\"elementor-element elementor-element-3bac12fc elementor-widget elementor-widget-text-editor\" data-id=\"3bac12fc\" data-element_type=\"widget\" data-widget_type=\"text-editor.default\">\n\t\t\t\t<div class=\"elementor-widget-container\">\n\t\t\t\t\t\t\t\t\t<p>Una nueva soluci\u00f3n completa de Bulltec para envasar tomate cherry en bandejas y cestas con un peso m\u00ednimo garantizado.<br \/>Una planta dise\u00f1ada espec\u00edficamente para permitirle automatizar el proceso de:<\/p>\n\t\t\t\t\t\t\t\t<\/div>\n\t\t\t\t<\/div>\n\t\t\t\t<div class=\"elementor-element elementor-element-2e4e4820 elementor-hidden-mobile elementor-widget elementor-widget-image\" data-id=\"2e4e4820\" data-element_type=\"widget\" data-widget_type=\"image.default\">\n\t\t\t\t<div class=\"elementor-widget-container\">\n\t\t\t\t\t\t\t\t\t\t\t\t\t\t\t<img fetchpriority=\"high\" decoding=\"async\" width=\"3275\" height=\"329\" src=\"https:\/\/bulltec.dekoolab.it\/wp-content\/uploads\/2023\/02\/esp_bulltec_prodotto_impianto_peso_combinato.png\" class=\"attachment-full size-full wp-image-6755\" alt=\"\" srcset=\"https:\/\/bulltec.dekoolab.it\/wp-content\/uploads\/2023\/02\/esp_bulltec_prodotto_impianto_peso_combinato.png 3275w, https:\/\/bulltec.dekoolab.it\/wp-content\/uploads\/2023\/02\/esp_bulltec_prodotto_impianto_peso_combinato-300x30.png 300w, https:\/\/bulltec.dekoolab.it\/wp-content\/uploads\/2023\/02\/esp_bulltec_prodotto_impianto_peso_combinato-1024x103.png 1024w, https:\/\/bulltec.dekoolab.it\/wp-content\/uploads\/2023\/02\/esp_bulltec_prodotto_impianto_peso_combinato-768x77.png 768w, https:\/\/bulltec.dekoolab.it\/wp-content\/uploads\/2023\/02\/esp_bulltec_prodotto_impianto_peso_combinato-1536x154.png 1536w, https:\/\/bulltec.dekoolab.it\/wp-content\/uploads\/2023\/02\/esp_bulltec_prodotto_impianto_peso_combinato-2048x206.png 2048w\" sizes=\"(max-width: 3275px) 100vw, 3275px\" \/>\t\t\t\t\t\t\t\t\t\t\t\t\t\t\t<\/div>\n\t\t\t\t<\/div>\n\t\t\t\t<div class=\"elementor-element elementor-element-1a99475c elementor-hidden-desktop elementor-hidden-tablet elementor-widget elementor-widget-image\" data-id=\"1a99475c\" data-element_type=\"widget\" data-widget_type=\"image.default\">\n\t\t\t\t<div class=\"elementor-widget-container\">\n\t\t\t\t\t\t\t\t\t\t\t\t\t\t\t<img decoding=\"async\" width=\"500\" height=\"800\" src=\"https:\/\/bulltec.dekoolab.it\/wp-content\/uploads\/2023\/02\/esp_bulltec_prodotto_impianto_peso_combinato_mobile_def.jpg\" class=\"attachment-full size-full wp-image-6759\" alt=\"\" srcset=\"https:\/\/bulltec.dekoolab.it\/wp-content\/uploads\/2023\/02\/esp_bulltec_prodotto_impianto_peso_combinato_mobile_def.jpg 500w, https:\/\/bulltec.dekoolab.it\/wp-content\/uploads\/2023\/02\/esp_bulltec_prodotto_impianto_peso_combinato_mobile_def-188x300.jpg 188w\" sizes=\"(max-width: 500px) 100vw, 500px\" \/>\t\t\t\t\t\t\t\t\t\t\t\t\t\t\t<\/div>\n\t\t\t\t<\/div>\n\t\t\t\t<div class=\"elementor-element elementor-element-42cf71f1 elementor-widget elementor-widget-text-editor\" data-id=\"42cf71f1\" data-element_type=\"widget\" data-widget_type=\"text-editor.default\">\n\t\t\t\t<div class=\"elementor-widget-container\">\n\t\t\t\t\t\t\t\t\t<p>Confiar s\u00f3lo el \u00faltimo paso del proceso al trabajo manual permitir\u00e1 una mejor configuraci\u00f3n del producto en la bandeja.<br \/><span style=\"color: #008d36;\"><strong>Personalice<\/strong><\/span> su bandeja por peso m\u00ednimo y n\u00famero de piezas.<\/p>\n\t\t\t\t\t\t\t\t<\/div>\n\t\t\t\t<\/div>\n\t\t\t\t<section class=\"elementor-section elementor-inner-section elementor-element elementor-element-47ef8c30 elementor-section-boxed elementor-section-height-default elementor-section-height-default\" data-id=\"47ef8c30\" data-element_type=\"section\">\n\t\t\t\t\t\t<div class=\"elementor-container elementor-column-gap-no\">\n\t\t\t\t\t<div class=\"elementor-column elementor-col-50 elementor-inner-column elementor-element elementor-element-5ae62c8e\" data-id=\"5ae62c8e\" data-element_type=\"column\">\n\t\t\t<div class=\"elementor-widget-wrap elementor-element-populated\">\n\t\t\t\t\t\t<div class=\"elementor-element elementor-element-e9b481d elementor-widget elementor-widget-image\" data-id=\"e9b481d\" data-element_type=\"widget\" data-widget_type=\"image.default\">\n\t\t\t\t<div class=\"elementor-widget-container\">\n\t\t\t\t\t\t\t\t\t\t\t\t\t\t\t<img decoding=\"async\" width=\"1247\" height=\"887\" src=\"https:\/\/bulltec.dekoolab.it\/wp-content\/uploads\/2022\/12\/bulltec_peso_garantito_render_def.jpg\" class=\"attachment-full size-full wp-image-5277\" alt=\"\" srcset=\"https:\/\/bulltec.dekoolab.it\/wp-content\/uploads\/2022\/12\/bulltec_peso_garantito_render_def.jpg 1247w, https:\/\/bulltec.dekoolab.it\/wp-content\/uploads\/2022\/12\/bulltec_peso_garantito_render_def-300x213.jpg 300w, https:\/\/bulltec.dekoolab.it\/wp-content\/uploads\/2022\/12\/bulltec_peso_garantito_render_def-1024x728.jpg 1024w, https:\/\/bulltec.dekoolab.it\/wp-content\/uploads\/2022\/12\/bulltec_peso_garantito_render_def-768x546.jpg 768w\" sizes=\"(max-width: 1247px) 100vw, 1247px\" \/>\t\t\t\t\t\t\t\t\t\t\t\t\t\t\t<\/div>\n\t\t\t\t<\/div>\n\t\t\t\t\t<\/div>\n\t\t<\/div>\n\t\t\t\t<div class=\"elementor-column elementor-col-50 elementor-inner-column elementor-element elementor-element-6444a266\" data-id=\"6444a266\" data-element_type=\"column\">\n\t\t\t<div class=\"elementor-widget-wrap elementor-element-populated\">\n\t\t\t\t\t\t<div class=\"elementor-element elementor-element-a07cfca pomodorino-1 elementor-mobile-align-center elementor-widget elementor-widget-button\" data-id=\"a07cfca\" data-element_type=\"widget\" data-widget_type=\"button.default\">\n\t\t\t\t<div class=\"elementor-widget-container\">\n\t\t\t\t\t\t\t\t\t<div class=\"elementor-button-wrapper\">\n\t\t\t\t\t<a class=\"elementor-button elementor-size-sm\" role=\"button\">\n\t\t\t\t\t\t<span class=\"elementor-button-content-wrapper\">\n\t\t\t\t\t\t<span class=\"elementor-button-icon\">\n\t\t\t\t<i aria-hidden=\"true\" class=\"far fa-play-circle\"><\/i>\t\t\t<\/span>\n\t\t\t\t\t\t\t\t\t<span class=\"elementor-button-text\">V\u00eddeo<\/span>\n\t\t\t\t\t<\/span>\n\t\t\t\t\t<\/a>\n\t\t\t\t<\/div>\n\t\t\t\t\t\t\t\t<\/div>\n\t\t\t\t<\/div>\n\t\t\t\t<div class=\"elementor-element elementor-element-b4d694b elementor-widget-divider--view-line elementor-widget elementor-widget-divider\" data-id=\"b4d694b\" data-element_type=\"widget\" data-widget_type=\"divider.default\">\n\t\t\t\t<div class=\"elementor-widget-container\">\n\t\t\t\t\t\t\t<div class=\"elementor-divider\">\n\t\t\t<span class=\"elementor-divider-separator\">\n\t\t\t\t\t\t<\/span>\n\t\t<\/div>\n\t\t\t\t\t\t<\/div>\n\t\t\t\t<\/div>\n\t\t\t\t<div class=\"elementor-element elementor-element-683223e3 elementor-widget elementor-widget-heading\" data-id=\"683223e3\" data-element_type=\"widget\" data-widget_type=\"heading.default\">\n\t\t\t\t<div class=\"elementor-widget-container\">\n\t\t\t\t\t<h4 class=\"elementor-heading-title elementor-size-default\">M\u00e1s informaci\u00f3n sobre esta l\u00ednea<\/h4>\t\t\t\t<\/div>\n\t\t\t\t<\/div>\n\t\t\t\t<div class=\"elementor-element elementor-element-62f79923 elementor-align-left elementor-mobile-align-center elementor-widget elementor-widget-button\" data-id=\"62f79923\" data-element_type=\"widget\" data-widget_type=\"button.default\">\n\t\t\t\t<div class=\"elementor-widget-container\">\n\t\t\t\t\t\t\t\t\t<div class=\"elementor-button-wrapper\">\n\t\t\t\t\t<a class=\"elementor-button elementor-button-link elementor-size-sm\" href=\"https:\/\/bulltec.it\/es\/peso-combinado-garantizado\/\">\n\t\t\t\t\t\t<span class=\"elementor-button-content-wrapper\">\n\t\t\t\t\t\t\t\t\t<span class=\"elementor-button-text\">M\u00e1s informaci\u00f3n<\/span>\n\t\t\t\t\t<\/span>\n\t\t\t\t\t<\/a>\n\t\t\t\t<\/div>\n\t\t\t\t\t\t\t\t<\/div>\n\t\t\t\t<\/div>\n\t\t\t\t\t<\/div>\n\t\t<\/div>\n\t\t\t\t\t<\/div>\n\t\t<\/section>\n\t\t\t\t\t<\/div>\n\t\t<\/div>\n\t\t\t\t\t<\/div>\n\t\t<\/section>\n\t\t\t\t<section class=\"elementor-section elementor-top-section elementor-element elementor-element-19d2634a elementor-section-boxed elementor-section-height-default elementor-section-height-default\" data-id=\"19d2634a\" data-element_type=\"section\">\n\t\t\t\t\t\t<div class=\"elementor-container elementor-column-gap-no\">\n\t\t\t\t\t<div class=\"elementor-column elementor-col-100 elementor-top-column elementor-element elementor-element-7b1a37c7\" data-id=\"7b1a37c7\" data-element_type=\"column\">\n\t\t\t<div class=\"elementor-widget-wrap elementor-element-populated\">\n\t\t\t\t\t\t<div class=\"elementor-element elementor-element-5f687298 elementor-widget-divider--view-line elementor-widget elementor-widget-divider\" data-id=\"5f687298\" data-element_type=\"widget\" data-widget_type=\"divider.default\">\n\t\t\t\t<div class=\"elementor-widget-container\">\n\t\t\t\t\t\t\t<div class=\"elementor-divider\">\n\t\t\t<span class=\"elementor-divider-separator\">\n\t\t\t\t\t\t<\/span>\n\t\t<\/div>\n\t\t\t\t\t\t<\/div>\n\t\t\t\t<\/div>\n\t\t\t\t<div class=\"elementor-element elementor-element-631a3293 elementor-widget elementor-widget-heading\" data-id=\"631a3293\" data-element_type=\"widget\" data-widget_type=\"heading.default\">\n\t\t\t\t<div class=\"elementor-widget-container\">\n\t\t\t\t\t<h3 class=\"elementor-heading-title elementor-size-default\">LAS VENTAJAS DE UTILIZAR UNA L\u00cdNEA BULLTEC<\/h3>\t\t\t\t<\/div>\n\t\t\t\t<\/div>\n\t\t\t\t<section class=\"elementor-section elementor-inner-section elementor-element elementor-element-cb9a53d elementor-section-full_width elementor-section-height-default elementor-section-height-default\" data-id=\"cb9a53d\" data-element_type=\"section\">\n\t\t\t\t\t\t<div class=\"elementor-container elementor-column-gap-default\">\n\t\t\t\t\t<div class=\"elementor-column elementor-col-33 elementor-top-column elementor-element elementor-element-c83efad\" data-id=\"c83efad\" data-element_type=\"column\">\n\t\t\t<div class=\"elementor-widget-wrap elementor-element-populated\">\n\t\t\t\t\t\t<div class=\"elementor-element elementor-element-92d04f2 elementor-widget elementor-widget-image\" data-id=\"92d04f2\" data-element_type=\"widget\" data-widget_type=\"image.default\">\n\t\t\t\t<div class=\"elementor-widget-container\">\n\t\t\t\t\t\t\t\t\t\t\t\t\t\t\t<img loading=\"lazy\" decoding=\"async\" width=\"100\" height=\"100\" src=\"https:\/\/bulltec.dekoolab.it\/wp-content\/uploads\/2022\/11\/bulltec_home_icona_calibratura_efficiente_def.png\" class=\"attachment-full size-full wp-image-5151\" alt=\"\" \/>\t\t\t\t\t\t\t\t\t\t\t\t\t\t\t<\/div>\n\t\t\t\t<\/div>\n\t\t\t\t<div class=\"elementor-element elementor-element-3f1f8ec elementor-widget elementor-widget-heading\" data-id=\"3f1f8ec\" data-element_type=\"widget\" data-widget_type=\"heading.default\">\n\t\t\t\t<div class=\"elementor-widget-container\">\n\t\t\t\t\t<h3 class=\"elementor-heading-title elementor-size-default\">Calibraci\u00f3n<\/br> eficiente<\/h3>\t\t\t\t<\/div>\n\t\t\t\t<\/div>\n\t\t\t\t<div class=\"elementor-element elementor-element-32cf973 elementor-widget elementor-widget-text-editor\" data-id=\"32cf973\" data-element_type=\"widget\" data-widget_type=\"text-editor.default\">\n\t\t\t\t<div class=\"elementor-widget-container\">\n\t\t\t\t\t\t\t\t\t<p>Gracias al SOFTWARE dedicado de Bulltec podemos ofrecer calibraci\u00f3n de precisi\u00f3n milim\u00e9trica y calibraci\u00f3n de precisi\u00f3n en gramos por peso.<\/p>\n\t\t\t\t\t\t\t\t<\/div>\n\t\t\t\t<\/div>\n\t\t\t\t\t<\/div>\n\t\t<\/div>\n\t\t\t\t<div class=\"elementor-column elementor-col-33 elementor-inner-column elementor-element elementor-element-f2aafff\" data-id=\"f2aafff\" data-element_type=\"column\">\n\t\t\t<div class=\"elementor-widget-wrap elementor-element-populated\">\n\t\t\t\t\t\t<div class=\"elementor-element elementor-element-ebd2c45 elementor-widget elementor-widget-image\" data-id=\"ebd2c45\" data-element_type=\"widget\" data-widget_type=\"image.default\">\n\t\t\t\t<div class=\"elementor-widget-container\">\n\t\t\t\t\t\t\t\t\t\t\t\t\t\t\t<img loading=\"lazy\" decoding=\"async\" width=\"100\" height=\"100\" src=\"https:\/\/bulltec.dekoolab.it\/wp-content\/uploads\/2022\/11\/bulltec_home_icona_versatilita_di_utilizzo_def.png\" class=\"attachment-full size-full wp-image-5154\" alt=\"\" \/>\t\t\t\t\t\t\t\t\t\t\t\t\t\t\t<\/div>\n\t\t\t\t<\/div>\n\t\t\t\t<div class=\"elementor-element elementor-element-1e14080 elementor-widget elementor-widget-heading\" data-id=\"1e14080\" data-element_type=\"widget\" data-widget_type=\"heading.default\">\n\t\t\t\t<div class=\"elementor-widget-container\">\n\t\t\t\t\t<h3 class=\"elementor-heading-title elementor-size-default\">Versatilidad<\/br> de uso<\/h3>\t\t\t\t<\/div>\n\t\t\t\t<\/div>\n\t\t\t\t<div class=\"elementor-element elementor-element-5aa46b5 elementor-widget elementor-widget-text-editor\" data-id=\"5aa46b5\" data-element_type=\"widget\" data-widget_type=\"text-editor.default\">\n\t\t\t\t<div class=\"elementor-widget-container\">\n\t\t\t\t\t\t\t\t\t<p>Procese distintos tipos de verduras en la misma m\u00e1quina, con la posibilidad de calibrar art\u00edculos muy diferentes por peso y tama\u00f1o.<\/p>\n\t\t\t\t\t\t\t\t<\/div>\n\t\t\t\t<\/div>\n\t\t\t\t\t<\/div>\n\t\t<\/div>\n\t\t\t\t<div class=\"elementor-column elementor-col-33 elementor-inner-column elementor-element elementor-element-cd9ca91\" data-id=\"cd9ca91\" data-element_type=\"column\">\n\t\t\t<div class=\"elementor-widget-wrap elementor-element-populated\">\n\t\t\t\t\t\t<div class=\"elementor-element elementor-element-778411c elementor-widget elementor-widget-image\" data-id=\"778411c\" data-element_type=\"widget\" data-widget_type=\"image.default\">\n\t\t\t\t<div class=\"elementor-widget-container\">\n\t\t\t\t\t\t\t\t\t\t\t\t\t\t\t<img loading=\"lazy\" decoding=\"async\" width=\"100\" height=\"100\" src=\"https:\/\/bulltec.dekoolab.it\/wp-content\/uploads\/2022\/11\/bulltec_home_icona_meccanica_semplice_def.png\" class=\"attachment-full size-full wp-image-5148\" alt=\"\" \/>\t\t\t\t\t\t\t\t\t\t\t\t\t\t\t<\/div>\n\t\t\t\t<\/div>\n\t\t\t\t<div class=\"elementor-element elementor-element-0633e77 elementor-widget elementor-widget-heading\" data-id=\"0633e77\" data-element_type=\"widget\" data-widget_type=\"heading.default\">\n\t\t\t\t<div class=\"elementor-widget-container\">\n\t\t\t\t\t<h3 class=\"elementor-heading-title elementor-size-default\">Mec\u00e1nica<\/br> sencilla<\/h3>\t\t\t\t<\/div>\n\t\t\t\t<\/div>\n\t\t\t\t<div class=\"elementor-element elementor-element-131eb0c elementor-widget elementor-widget-text-editor\" data-id=\"131eb0c\" data-element_type=\"widget\" data-widget_type=\"text-editor.default\">\n\t\t\t\t<div class=\"elementor-widget-container\">\n\t\t\t\t\t\t\t\t\t<p>Las cintas transportadoras del producto y los actuadores neum\u00e1ticos ajustables para expulsar el producto garantizan una manipulaci\u00f3n sencilla de la l\u00ednea.<\/p>\n\t\t\t\t\t\t\t\t<\/div>\n\t\t\t\t<\/div>\n\t\t\t\t\t<\/div>\n\t\t<\/div>\n\t\t\t\t\t<\/div>\n\t\t<\/section>\n\t\t\t\t\t<\/div>\n\t\t<\/div>\n\t\t\t\t\t<\/div>\n\t\t<\/section>\n\t\t\t\t<\/div>\n\t\t","protected":false},"excerpt":{"rendered":"<p>Plantas y l\u00edneas para procesamiento de tomate. Bulltec, l\u00edneas completas para el procesado de tomate cherry, desde la campa\u00f1a hasta el envasado.Bulltec ofrece una planta capaz de preservar el perfecto estado de la hortaliza durante todas las fases de procesamiento. SOLUCIONES BULLTEC PARA EL PROCESADO DE TOMATE PLANTA PARA PESO COMBINADO: Una nueva soluci\u00f3n completa [&hellip;]<\/p>\n","protected":false},"author":1,"featured_media":0,"parent":5619,"menu_order":0,"comment_status":"closed","ping_status":"closed","template":"elementor_header_footer","meta":{"site-sidebar-layout":"no-sidebar","site-content-layout":"page-builder","ast-site-content-layout":"default","site-content-style":"default","site-sidebar-style":"default","ast-global-header-display":"","ast-banner-title-visibility":"","ast-main-header-display":"","ast-hfb-above-header-display":"","ast-hfb-below-header-display":"","ast-hfb-mobile-header-display":"","site-post-title":"disabled","ast-breadcrumbs-content":"","ast-featured-img":"disabled","footer-sml-layout":"","ast-disable-related-posts":"","theme-transparent-header-meta":"","adv-header-id-meta":"","stick-header-meta":"","header-above-stick-meta":"","header-main-stick-meta":"","header-below-stick-meta":"","astra-migrate-meta-layouts":"default","ast-page-background-enabled":"default","ast-page-background-meta":{"desktop":{"background-color":"var(--ast-global-color-4)","background-image":"","background-repeat":"repeat","background-position":"center center","background-size":"auto","background-attachment":"scroll","background-type":"","background-media":"","overlay-type":"","overlay-color":"","overlay-opacity":"","overlay-gradient":""},"tablet":{"background-color":"","background-image":"","background-repeat":"repeat","background-position":"center center","background-size":"auto","background-attachment":"scroll","background-type":"","background-media":"","overlay-type":"","overlay-color":"","overlay-opacity":"","overlay-gradient":""},"mobile":{"background-color":"","background-image":"","background-repeat":"repeat","background-position":"center center","background-size":"auto","background-attachment":"scroll","background-type":"","background-media":"","overlay-type":"","overlay-color":"","overlay-opacity":"","overlay-gradient":""}},"ast-content-background-meta":{"desktop":{"background-color":"var(--ast-global-color-5)","background-image":"","background-repeat":"repeat","background-position":"center center","background-size":"auto","background-attachment":"scroll","background-type":"","background-media":"","overlay-type":"","overlay-color":"","overlay-opacity":"","overlay-gradient":""},"tablet":{"background-color":"var(--ast-global-color-5)","background-image":"","background-repeat":"repeat","background-position":"center center","background-size":"auto","background-attachment":"scroll","background-type":"","background-media":"","overlay-type":"","overlay-color":"","overlay-opacity":"","overlay-gradient":""},"mobile":{"background-color":"var(--ast-global-color-5)","background-image":"","background-repeat":"repeat","background-position":"center center","background-size":"auto","background-attachment":"scroll","background-type":"","background-media":"","overlay-type":"","overlay-color":"","overlay-opacity":"","overlay-gradient":""}},"footnotes":""},"class_list":["post-5683","page","type-page","status-publish","hentry"],"_links":{"self":[{"href":"https:\/\/bulltec.dekoolab.it\/es\/wp-json\/wp\/v2\/pages\/5683","targetHints":{"allow":["GET"]}}],"collection":[{"href":"https:\/\/bulltec.dekoolab.it\/es\/wp-json\/wp\/v2\/pages"}],"about":[{"href":"https:\/\/bulltec.dekoolab.it\/es\/wp-json\/wp\/v2\/types\/page"}],"author":[{"embeddable":true,"href":"https:\/\/bulltec.dekoolab.it\/es\/wp-json\/wp\/v2\/users\/1"}],"replies":[{"embeddable":true,"href":"https:\/\/bulltec.dekoolab.it\/es\/wp-json\/wp\/v2\/comments?post=5683"}],"version-history":[{"count":3,"href":"https:\/\/bulltec.dekoolab.it\/es\/wp-json\/wp\/v2\/pages\/5683\/revisions"}],"predecessor-version":[{"id":6838,"href":"https:\/\/bulltec.dekoolab.it\/es\/wp-json\/wp\/v2\/pages\/5683\/revisions\/6838"}],"up":[{"embeddable":true,"href":"https:\/\/bulltec.dekoolab.it\/es\/wp-json\/wp\/v2\/pages\/5619"}],"wp:attachment":[{"href":"https:\/\/bulltec.dekoolab.it\/es\/wp-json\/wp\/v2\/media?parent=5683"}],"curies":[{"name":"wp","href":"https:\/\/api.w.org\/{rel}","templated":true}]}}