{"id":6042,"date":"2022-04-12T10:06:50","date_gmt":"2022-04-12T10:06:50","guid":{"rendered":"https:\/\/bulltec.it\/privacy-policy\/"},"modified":"2023-10-12T15:14:49","modified_gmt":"2023-10-12T15:14:49","slug":"privacy-policy","status":"publish","type":"page","link":"https:\/\/bulltec.dekoolab.it\/fr\/privacy-policy\/","title":{"rendered":"Politique de confidentialit\u00e9"},"content":{"rendered":"\t\t<div data-elementor-type=\"wp-page\" data-elementor-id=\"6042\" class=\"elementor elementor-6042 elementor-21\" data-elementor-post-type=\"page\">\n\t\t\t\t\t\t<section class=\"elementor-section elementor-top-section elementor-element elementor-element-f42cbba elementor-section-boxed elementor-section-height-default elementor-section-height-default\" data-id=\"f42cbba\" data-element_type=\"section\">\n\t\t\t\t\t\t<div class=\"elementor-container elementor-column-gap-no\">\n\t\t\t\t\t<div class=\"elementor-column elementor-col-100 elementor-top-column elementor-element elementor-element-8728db1\" data-id=\"8728db1\" data-element_type=\"column\">\n\t\t\t<div class=\"elementor-widget-wrap elementor-element-populated\">\n\t\t\t\t\t\t<div class=\"elementor-element elementor-element-a06201d elementor-widget elementor-widget-heading\" data-id=\"a06201d\" data-element_type=\"widget\" data-widget_type=\"heading.default\">\n\t\t\t\t<div class=\"elementor-widget-container\">\n\t\t\t\t\t<h2 class=\"elementor-heading-title elementor-size-default\">Politique de confidentialit\u00e9<\/h2>\t\t\t\t<\/div>\n\t\t\t\t<\/div>\n\t\t\t\t<div class=\"elementor-element elementor-element-d6899b3 elementor-widget elementor-widget-text-editor\" data-id=\"d6899b3\" data-element_type=\"widget\" data-widget_type=\"text-editor.default\">\n\t\t\t\t<div class=\"elementor-widget-container\">\n\t\t\t\t\t\t\t\t\t<h4><strong>Politique de confidentialit\u00e9 conform\u00e9ment au r\u00e8glement europ\u00e9en 679\/2016.<\/strong><br \/><strong>R\u00e8glement g\u00e9n\u00e9ral sur la protection des donn\u00e9es<\/strong><\/h4><p>Cette information est fournie conform\u00e9ment \u00e0 l&rsquo;art. 13 du r\u00e8glement 2016\/679 (GDPR), conform\u00e9ment \u00e0 l&rsquo;art. 13 du d\u00e9cret l\u00e9gislatif. n. 196\/2003 (Code de protection des donn\u00e9es personnelles) et concerne toutes les donn\u00e9es personnelles trait\u00e9es de la mani\u00e8re d\u00e9crite ci-dessous.<\/p><h4><strong>Le responsable du traitement des donn\u00e9es<\/strong><\/h4><p>Le responsable du traitement des donn\u00e9es personnelles collect\u00e9es est<br \/><strong>Bulltec S.r.l.<\/strong><br \/>Via Terni, 330 &#8211; 47522 Cesena (FC)<br \/>Email <a class=\"email\" href=\"mailto:ruggero@bulltec.it\">ruggero@bulltec.it<\/a><\/p><h4><strong>Donn\u00e9es collect\u00e9es<\/strong><\/h4><p>Les donn\u00e9es personnelles trait\u00e9es sont collect\u00e9es telles que fournies directement par la personne concern\u00e9e ou fournies automatiquement.<\/p><p>a) Les donn\u00e9es fournies directement par la personne concern\u00e9e sont toutes les donn\u00e9es personnelles introduites par l&rsquo;utilisateur dans le site pour l&rsquo;utilisation du service ou qui sont fournies au Titulaire du traitement de quelque mani\u00e8re que ce soit.<\/p><p>b) Les donn\u00e9es collect\u00e9es automatiquement sont des donn\u00e9es de navigation. Les syst\u00e8mes informatiques et les proc\u00e9dures logicielles utilis\u00e9s pour faire fonctionner ce site web acqui\u00e8rent, au cours de leur fonctionnement normal, certaines donn\u00e9es personnelles dont la transmission est implicite dans l&rsquo;utilisation des protocoles de communication Internet. Ces informations ne sont pas collect\u00e9es dans le but d&rsquo;\u00eatre associ\u00e9es \u00e0 des personnes int\u00e9ress\u00e9es identifi\u00e9es, mais de par leur nature m\u00eame, elles pourraient, par le biais de traitements et d&rsquo;associations avec des donn\u00e9es d\u00e9tenues par des tiers ou par le responsable du traitement, permettre d&rsquo;identifier les utilisateurs. Cette cat\u00e9gorie de donn\u00e9es comprend les adresses IP ou les noms de domaine des ordinateurs utilis\u00e9s par les utilisateurs qui se connectent au site, les adresses de notation URI des ressources demand\u00e9es, l&rsquo;heure de la demande, la m\u00e9thode utilis\u00e9e pour soumettre la demande au serveur, le code num\u00e9rique indiquant l&rsquo;\u00e9tat de la r\u00e9ponse donn\u00e9e par le serveur (succ\u00e8s, erreur, etc.) et d&rsquo;autres param\u00e8tres relatifs au syst\u00e8me d&rsquo;exploitation et \u00e0 l&rsquo;environnement informatique de l&rsquo;utilisateur. Ces donn\u00e9es sont utilis\u00e9es dans le seul but d&rsquo;obtenir des informations statistiques anonymes sur l&rsquo;utilisation du site et de v\u00e9rifier son bon fonctionnement. Ces donn\u00e9es pourraient \u00eatre utilis\u00e9es pour d\u00e9terminer les responsabilit\u00e9s en cas de d\u00e9lits informatiques contre le site ou d&rsquo;autres utilisateurs.<\/p><p>En particulier, les donn\u00e9es personnelles suivantes sont collect\u00e9es et trait\u00e9es:<\/p><ul><li>Adresse \u00e9lectronique<\/li><li>Nom, pr\u00e9nom, t\u00e9l\u00e9phone<\/li><\/ul><p>Les donn\u00e9es collect\u00e9es automatiquement sont des donn\u00e9es de navigation. Bien que ces donn\u00e9es ne soient pas collect\u00e9es dans le but d&rsquo;\u00eatre associ\u00e9es \u00e0 l&rsquo;identit\u00e9 de l&rsquo;utilisateur, elles peuvent indirectement, par le biais du traitement et de l&rsquo;association avec les donn\u00e9es collect\u00e9es par le Responsable du traitement, permettre d&rsquo;identifier l&rsquo;utilisateur. En particulier :<\/p><ul><li>Adresse IP<\/li><li>Navigateur et dispositif de navigation<\/li><\/ul><h4><strong>B\u00e9n\u00e9ficiaires<\/strong><\/h4><p>Les donn\u00e9es \u00e0 caract\u00e8re personnel fournies peuvent \u00eatre communiqu\u00e9es \u00e0 des destinataires d\u00fbment d\u00e9sign\u00e9s qui traiteront les donn\u00e9es en leur qualit\u00e9 de responsables et\/ou de charg\u00e9s de traitement, afin d&rsquo;ex\u00e9cuter des contrats ou des objectifs connexes.<\/p><h4><strong>Base juridique et finalit\u00e9 du traitement<\/strong><\/h4><p>Le traitement est licite en vertu de l&rsquo;art. 6, paragraphe 1, lett. a (consentement) et lett. b (mesures pr\u00e9contractuelles), lett. f (int\u00e9r\u00eat l\u00e9gitime du propri\u00e9taire).<\/p><p>Les donn\u00e9es sont trait\u00e9es exclusivement aux fins pour lesquelles elles sont collect\u00e9es, telles que d\u00e9crites ci-dessous.<\/p><p>Nous utilisons les donn\u00e9es fournies par les personnes concern\u00e9es pour:<\/p><ul><li>r\u00e9pondre aux demandes sp\u00e9cifiques des utilisateurs<\/li><li>uniquement en cas de consentement sp\u00e9cifique de l&rsquo;utilisateur, pour permettre la souscription \u00e0 des services sp\u00e9cifiques et suppl\u00e9mentaires tels que l&rsquo;envoi de futures communications informatives et promotionnelles par courriel ou par voie \u00e9lectronique.<\/li><\/ul><p>La fourniture des donn\u00e9es \u00e9num\u00e9r\u00e9es dans la section \u00ab\u00a0Donn\u00e9es collect\u00e9es\u00a0\u00bb aux fins susmentionn\u00e9es est obligatoire pour permettre \u00e0 l&rsquo;utilisateur d&rsquo;acc\u00e9der au service. Pour cette raison, le consentement est obligatoire et tout refus de traiter les donn\u00e9es, ou le d\u00e9faut, l&rsquo;inexactitude ou la fourniture partielle des donn\u00e9es, pourrait entra\u00eener l&rsquo;impossibilit\u00e9 de fournir correctement le service.<\/p><p>La fourniture des donn\u00e9es pour l&rsquo;envoi de newsletters \u00e0 des fins promotionnelles, informatives ou de recherche est facultative et le refus de consentir \u00e0 leur traitement entra\u00eenera l&rsquo;impossibilit\u00e9 d&rsquo;\u00eatre inform\u00e9 des initiatives commerciales et\/ou des campagnes promotionnelles, de recevoir des offres ou d&rsquo;autres mat\u00e9riels promotionnels et\/ou d&rsquo;envoyer \u00e0 l&rsquo;utilisateur des offres personnalis\u00e9es.<br \/>Nous rappelons que le responsable du traitement des donn\u00e9es ne fournit pas \u00e0 des tiers les informations des utilisateurs sans leur consentement, sauf si la loi l&rsquo;exige.<\/p><p>La diffusion et le transfert de donn\u00e9es en dehors de la zone de l&rsquo;UE sont en tout cas exclus.<\/p><h4><strong>Retrait du consentement<\/strong><\/h4><p>Les personnes concern\u00e9es peuvent retirer imm\u00e9diatement leur consentement \u00e0 recevoir des communications promotionnelles et commerciales en envoyant une demande \u00e0 l&rsquo;adresse \u00e9lectronique du responsable du traitement des donn\u00e9es ou en cliquant sur le lien de d\u00e9sinscription qui se trouve dans le pied de page de chaque courriel promotionnel et commercial re\u00e7u.<\/p><h4><strong>Modalit\u00e9s de traitement<\/strong><\/h4><p>Les donn\u00e9es personnelles sont trait\u00e9es par des outils automatis\u00e9s pendant le temps strictement n\u00e9cessaire pour atteindre les objectifs pour lesquels elles ont \u00e9t\u00e9 collect\u00e9es, en pr\u00e9voyant dans tous les cas la v\u00e9rification annuelle des donn\u00e9es stock\u00e9es afin d&rsquo;\u00e9liminer celles consid\u00e9r\u00e9es comme obsol\u00e8tes, sauf si la loi pr\u00e9voit des obligations d&rsquo;archivage.<br \/>Le traitement des donn\u00e9es est normalement effectu\u00e9 au si\u00e8ge de la soci\u00e9t\u00e9, par du personnel ou des collaborateurs externes d\u00fbment d\u00e9sign\u00e9s comme responsables du traitement des donn\u00e9es. La liste compl\u00e8te des responsables du traitement des donn\u00e9es et des personnes charg\u00e9es du traitement des donn\u00e9es personnelles peut \u00eatre obtenue en envoyant une demande \u00e0 l&rsquo;adresse \u00e9lectronique du responsable du traitement des donn\u00e9es.<br \/>Des mesures de s\u00e9curit\u00e9 sp\u00e9cifiques sont observ\u00e9es pour pr\u00e9venir la perte de donn\u00e9es, l&rsquo;utilisation ill\u00e9gale ou incorrecte et l&rsquo;acc\u00e8s non autoris\u00e9.<\/p><h4><strong>Droits de la personne concern\u00e9e<\/strong><\/h4><p>Conform\u00e9ment \u00e0 l&rsquo;art. 7 du Code de la vie priv\u00e9e et l&rsquo;art. 13 GDPR chaque utilisateur a le droit d&rsquo;obtenir la confirmation de l&rsquo;existence ou non de ses donn\u00e9es personnelles, m\u00eame si elles ne sont pas encore enregistr\u00e9es, et leur communication sous forme intelligible.<\/p><p>En particulier, la personne concern\u00e9e a le droit d&rsquo;obtenir du responsable du traitement des donn\u00e9es qu&rsquo;il indique<\/p><ol><li>l&rsquo;origine des donn\u00e9es personnelles;<\/li><li>des finalit\u00e9s et des m\u00e9thodes de traitement;<\/li><li>la logique appliqu\u00e9e en cas de traitement effectu\u00e9 \u00e0 l&rsquo;aide d&rsquo;instruments \u00e9lectroniques\/informatiques;<\/li><li>les donn\u00e9es d&rsquo;identification du responsable du traitement des donn\u00e9es, des responsables du traitement des donn\u00e9es et du repr\u00e9sentant d\u00e9sign\u00e9;<\/li><li>les sujets et les cat\u00e9gories de sujets auxquels les donn\u00e9es peuvent \u00eatre communiqu\u00e9es ou qui peuvent en prendre connaissance en qualit\u00e9 de repr\u00e9sentant d\u00e9sign\u00e9 sur le territoire de l&rsquo;\u00c9tat, de responsables ou de charg\u00e9s de traitement.<\/li><\/ol><p>En outre, la personne concern\u00e9e a le droit d&rsquo;obtenir du responsable du traitement des donn\u00e9es:<\/p><ol><li>la mise \u00e0 jour, la rectification ou l&rsquo;int\u00e9gration de leurs donn\u00e9es;<\/li><li>l&rsquo;annulation, la transformation sous forme anonyme ou le blocage des donn\u00e9es trait\u00e9es en violation de la loi;<\/li><li>l&rsquo;acc\u00e8s \u00e0 leurs propres donn\u00e9es, c&rsquo;est-\u00e0-dire la confirmation que des donn\u00e9es personnelles les concernant sont trait\u00e9es ou non;<\/li><li>la limitation du traitement,<\/li><li>la portabilit\u00e9 des donn\u00e9es, c&rsquo;est-\u00e0-dire le droit de recevoir les donn\u00e9es personnelles le concernant dans un format structur\u00e9;<\/li><li>le droit de d\u00e9poser une plainte aupr\u00e8s de l&rsquo;autorit\u00e9 de surveillance.<\/li><\/ol><p>Enfin, la personne concern\u00e9e a le droit de s&rsquo;opposer, en tout ou en partie, pour des motifs l\u00e9gitimes, au traitement des donn\u00e9es \u00e0 caract\u00e8re personnel la concernant, m\u00eame si elles sont pertinentes au regard de la finalit\u00e9 de la collecte. En particulier, la personne concern\u00e9e a le droit de s&rsquo;opposer au traitement des donn\u00e9es \u00e0 caract\u00e8re personnel la concernant \u00e0 des fins d&rsquo;envoi de mat\u00e9riel publicitaire commercial ou de vente directe ou pour la r\u00e9alisation d&rsquo;\u00e9tudes de march\u00e9 ou de communication commerciale. Les demandes vis\u00e9es aux points ci-dessus doivent \u00eatre envoy\u00e9es par courrier \u00e9lectronique \u00e0 l&rsquo;adresse du responsable du traitement des donn\u00e9es.<\/p>\t\t\t\t\t\t\t\t<\/div>\n\t\t\t\t<\/div>\n\t\t\t\t\t<\/div>\n\t\t<\/div>\n\t\t\t\t\t<\/div>\n\t\t<\/section>\n\t\t\t\t<\/div>\n\t\t","protected":false},"excerpt":{"rendered":"<p>Politique de confidentialit\u00e9 Politique de confidentialit\u00e9 conform\u00e9ment au r\u00e8glement europ\u00e9en 679\/2016. R\u00e8glement g\u00e9n\u00e9ral sur la protection des donn\u00e9es Cette information est fournie conform\u00e9ment \u00e0 l&rsquo;art. 13 du r\u00e8glement 2016\/679 (GDPR), conform\u00e9ment \u00e0 l&rsquo;art. 13 du d\u00e9cret l\u00e9gislatif. n. 196\/2003 (Code de protection des donn\u00e9es personnelles) et concerne toutes les donn\u00e9es personnelles trait\u00e9es de la mani\u00e8re [&hellip;]<\/p>\n","protected":false},"author":1,"featured_media":0,"parent":0,"menu_order":0,"comment_status":"closed","ping_status":"closed","template":"elementor_header_footer","meta":{"site-sidebar-layout":"no-sidebar","site-content-layout":"page-builder","ast-site-content-layout":"default","site-content-style":"default","site-sidebar-style":"default","ast-global-header-display":"","ast-banner-title-visibility":"","ast-main-header-display":"","ast-hfb-above-header-display":"","ast-hfb-below-header-display":"","ast-hfb-mobile-header-display":"","site-post-title":"disabled","ast-breadcrumbs-content":"","ast-featured-img":"disabled","footer-sml-layout":"","ast-disable-related-posts":"","theme-transparent-header-meta":"","adv-header-id-meta":"","stick-header-meta":"","header-above-stick-meta":"","header-main-stick-meta":"","header-below-stick-meta":"","astra-migrate-meta-layouts":"default","ast-page-background-enabled":"default","ast-page-background-meta":{"desktop":{"background-color":"var(--ast-global-color-4)","background-image":"","background-repeat":"repeat","background-position":"center center","background-size":"auto","background-attachment":"scroll","background-type":"","background-media":"","overlay-type":"","overlay-color":"","overlay-opacity":"","overlay-gradient":""},"tablet":{"background-color":"","background-image":"","background-repeat":"repeat","background-position":"center center","background-size":"auto","background-attachment":"scroll","background-type":"","background-media":"","overlay-type":"","overlay-color":"","overlay-opacity":"","overlay-gradient":""},"mobile":{"background-color":"","background-image":"","background-repeat":"repeat","background-position":"center center","background-size":"auto","background-attachment":"scroll","background-type":"","background-media":"","overlay-type":"","overlay-color":"","overlay-opacity":"","overlay-gradient":""}},"ast-content-background-meta":{"desktop":{"background-color":"var(--ast-global-color-5)","background-image":"","background-repeat":"repeat","background-position":"center center","background-size":"auto","background-attachment":"scroll","background-type":"","background-media":"","overlay-type":"","overlay-color":"","overlay-opacity":"","overlay-gradient":""},"tablet":{"background-color":"var(--ast-global-color-5)","background-image":"","background-repeat":"repeat","background-position":"center center","background-size":"auto","background-attachment":"scroll","background-type":"","background-media":"","overlay-type":"","overlay-color":"","overlay-opacity":"","overlay-gradient":""},"mobile":{"background-color":"var(--ast-global-color-5)","background-image":"","background-repeat":"repeat","background-position":"center center","background-size":"auto","background-attachment":"scroll","background-type":"","background-media":"","overlay-type":"","overlay-color":"","overlay-opacity":"","overlay-gradient":""}},"footnotes":""},"class_list":["post-6042","page","type-page","status-publish","hentry"],"_links":{"self":[{"href":"https:\/\/bulltec.dekoolab.it\/fr\/wp-json\/wp\/v2\/pages\/6042","targetHints":{"allow":["GET"]}}],"collection":[{"href":"https:\/\/bulltec.dekoolab.it\/fr\/wp-json\/wp\/v2\/pages"}],"about":[{"href":"https:\/\/bulltec.dekoolab.it\/fr\/wp-json\/wp\/v2\/types\/page"}],"author":[{"embeddable":true,"href":"https:\/\/bulltec.dekoolab.it\/fr\/wp-json\/wp\/v2\/users\/1"}],"replies":[{"embeddable":true,"href":"https:\/\/bulltec.dekoolab.it\/fr\/wp-json\/wp\/v2\/comments?post=6042"}],"version-history":[{"count":3,"href":"https:\/\/bulltec.dekoolab.it\/fr\/wp-json\/wp\/v2\/pages\/6042\/revisions"}],"predecessor-version":[{"id":7491,"href":"https:\/\/bulltec.dekoolab.it\/fr\/wp-json\/wp\/v2\/pages\/6042\/revisions\/7491"}],"wp:attachment":[{"href":"https:\/\/bulltec.dekoolab.it\/fr\/wp-json\/wp\/v2\/media?parent=6042"}],"curies":[{"name":"wp","href":"https:\/\/api.w.org\/{rel}","templated":true}]}}