{"id":6044,"date":"2022-04-12T10:07:08","date_gmt":"2022-04-12T10:07:08","guid":{"rendered":"https:\/\/bulltec.it\/cookie-policy\/"},"modified":"2023-01-24T09:10:46","modified_gmt":"2023-01-24T09:10:46","slug":"cookie-policy","status":"publish","type":"page","link":"https:\/\/bulltec.dekoolab.it\/fr\/cookie-policy\/","title":{"rendered":"Politique en mati\u00e8re"},"content":{"rendered":"\t\t<div data-elementor-type=\"wp-page\" data-elementor-id=\"6044\" class=\"elementor elementor-6044 elementor-23\" data-elementor-post-type=\"page\">\n\t\t\t\t\t\t<section class=\"elementor-section elementor-top-section elementor-element elementor-element-05b498d elementor-section-boxed elementor-section-height-default elementor-section-height-default\" data-id=\"05b498d\" data-element_type=\"section\">\n\t\t\t\t\t\t<div class=\"elementor-container elementor-column-gap-no\">\n\t\t\t\t\t<div class=\"elementor-column elementor-col-100 elementor-top-column elementor-element elementor-element-424bba7\" data-id=\"424bba7\" data-element_type=\"column\">\n\t\t\t<div class=\"elementor-widget-wrap elementor-element-populated\">\n\t\t\t\t\t\t<div class=\"elementor-element elementor-element-92f075a elementor-widget elementor-widget-heading\" data-id=\"92f075a\" data-element_type=\"widget\" data-widget_type=\"heading.default\">\n\t\t\t\t<div class=\"elementor-widget-container\">\n\t\t\t\t\t<h2 class=\"elementor-heading-title elementor-size-default\">Politique en mati\u00e8re<\/h2>\t\t\t\t<\/div>\n\t\t\t\t<\/div>\n\t\t\t\t<div class=\"elementor-element elementor-element-8653eaa elementor-widget elementor-widget-text-editor\" data-id=\"8653eaa\" data-element_type=\"widget\" data-widget_type=\"text-editor.default\">\n\t\t\t\t<div class=\"elementor-widget-container\">\n\t\t\t\t\t\t\t\t\t<p>Comme c&rsquo;est le cas sur tous les sites web, ce site utilise des cookies, de petits fichiers texte qui stockent des informations sur les pr\u00e9f\u00e9rences des visiteurs, afin d&rsquo;am\u00e9liorer la fonctionnalit\u00e9 du site, de simplifier la navigation en automatisant les proc\u00e9dures (par exemple, connexion, langue du site, etc.) et d&rsquo;analyser l&rsquo;utilisation du site.<\/p>\n<p>Les <strong>cookies de session<\/strong> sont essentiels pour distinguer les utilisateurs connect\u00e9s et sont utiles pour emp\u00eacher qu&rsquo;une fonctionnalit\u00e9 demand\u00e9e soit fournie au mauvais utilisateur, ainsi qu&rsquo;\u00e0 des fins de s\u00e9curit\u00e9 pour pr\u00e9venir les cyberattaques sur le site. Les cookies de session ne contiennent pas de donn\u00e9es personnelles et ne durent que pour la session en cours, c&rsquo;est-\u00e0-dire jusqu&rsquo;\u00e0 la fermeture du navigateur. Aucun consentement n&rsquo;est requis pour eux.<br \/>Les <strong>cookies de fonctionnalit\u00e9<\/strong> utilis\u00e9s par le site sont strictement n\u00e9cessaires \u00e0 l&rsquo;utilisation du site, en particulier ils sont li\u00e9s \u00e0 une demande expresse de fonctionnalit\u00e9 par l&rsquo;utilisateur (comme la connexion), pour laquelle aucun consentement n&rsquo;est requis.<\/p>\n<p><strong>En utilisant le site, le visiteur consent express\u00e9ment \u00e0 l&rsquo;utilisation de cookies.<\/strong><\/p>\n<h5><strong>A.1 COOKIES<\/strong><\/h5>\n<p>Le site utilise \u00e0 la fois des cookies propri\u00e9taires et des cookies tiers. Les cookies propri\u00e9taires sont utilis\u00e9s pour la navigation de l&rsquo;utilisateur sur le site et pour permettre l&rsquo;acc\u00e8s \u00e0 toute zone prot\u00e9g\u00e9e \u00e0 acc\u00e8s restreint. La dur\u00e9e de ces cookies est g\u00e9n\u00e9ralement li\u00e9e \u00e0 la session de l&rsquo;utilisateur et ils sont supprim\u00e9s d\u00e8s que l&rsquo;utilisateur ferme son navigateur. Les cookies propri\u00e9taires sont essentiels et ne peuvent \u00eatre d\u00e9sactiv\u00e9s car ils emp\u00eacheraient l&rsquo;utilisation correcte du site lui-m\u00eame.<\/p>\n<p>Les cookies de tiers peuvent au contraire avoir des objectifs diff\u00e9rents : analyse statistique, interaction sociale, affichage de vid\u00e9os, stockage des int\u00e9r\u00eats pour la fourniture de services de publicit\u00e9 cibl\u00e9e. Ces cookies ne sont pas directement contr\u00f4l\u00e9s par le Propri\u00e9taire et pour les d\u00e9sactiver, vous devez suivre les proc\u00e9dures indiqu\u00e9es par les diff\u00e9rents fournisseurs.<br \/>En g\u00e9n\u00e9ral, tous les cookies peuvent \u00eatre compl\u00e8tement d\u00e9sactiv\u00e9s dans votre navigateur \u00e0 tout moment en suivant les proc\u00e9dures indiqu\u00e9es au point A.4.<\/p>\n<h5><strong>A.2 COOKIES PROPRI\u00c9TAIRES<\/strong><\/h5>\n<p>Si vous laissez un commentaire sur notre site, vous pouvez choisir d&rsquo;enregistrer votre nom, votre adresse \u00e9lectronique et votre site web dans les cookies. Elles sont destin\u00e9es \u00e0 vous faciliter la t\u00e2che et vous \u00e9vitent de devoir remplir \u00e0 nouveau vos coordonn\u00e9es lorsque vous laissez un autre commentaire. Ces cookies seront conserv\u00e9s pendant un an.<\/p>\n<p>Si vous avez un compte et que vous acc\u00e9dez \u00e0 ce site, un cookie temporaire sera plac\u00e9 pour d\u00e9terminer si votre navigateur accepte les cookies. Ce cookie ne contient aucune donn\u00e9e personnelle et est supprim\u00e9 lorsque vous fermez votre navigateur.<\/p>\n<p>Si vous modifiez ou publiez un article, un cookie suppl\u00e9mentaire sera enregistr\u00e9 dans votre navigateur. Ce cookie n&rsquo;inclut aucune donn\u00e9e personnelle et indique simplement l&rsquo;ID du poste de l&rsquo;article que vous venez de modifier. Il expire apr\u00e8s 1 jour.<\/p>\n<h5><strong>A.3 COOKIES DE TIERS<\/strong><\/h5>\n<p>Les cookies tiers suivants peuvent \u00eatre activ\u00e9s sur ce site.<\/p>\n<p><strong>&#8211; Google Analytics (anonymis\u00e9)<\/strong><br \/>Il s&rsquo;agit d&rsquo;un outil d&rsquo;analyse de Google qui, gr\u00e2ce \u00e0 l&rsquo;utilisation de cookies (cookies de performance), collecte des donn\u00e9es de navigation anonymes (IP tronqu\u00e9e au dernier octet) et exclusivement agr\u00e9g\u00e9es dans le but d&rsquo;\u00e9valuer votre utilisation du site, de compiler des rapports sur l&rsquo;activit\u00e9 du site et de fournir d&rsquo;autres informations, notamment le nombre de visiteurs et de pages vues. Google peut \u00e9galement transmettre ces informations \u00e0 des tiers si la loi l&rsquo;exige ou si ces tiers traitent ces informations pour le compte de Google. Google n&rsquo;associera pas l&rsquo;adresse IP \u00e0 d&rsquo;autres donn\u00e9es d\u00e9tenues par Google. Les donn\u00e9es transmises \u00e0 Google sont stock\u00e9es sur les serveurs de Google aux \u00c9tats-Unis.<br \/>Sur la base d&rsquo;un accord sp\u00e9cifique avec Google, qui est d\u00e9sign\u00e9 comme responsable du traitement, ce dernier s&rsquo;engage \u00e0 traiter les donn\u00e9es conform\u00e9ment aux exigences du responsable du traitement (voir \u00e0 la fin de la pr\u00e9sente fiche d&rsquo;information), qui sont indiqu\u00e9es dans les param\u00e8tres du logiciel. Selon ces param\u00e8tres, les options de publicit\u00e9 et de partage des donn\u00e9es sont d\u00e9sactiv\u00e9es.<\/p>\n<p>Vous trouverez de plus amples informations sur les cookies de Google Analytics sur la page Utilisation des cookies de Google Analytics sur les sites web.<\/p>\n<p>Les utilisateurs peuvent d\u00e9sactiver de mani\u00e8re s\u00e9lective la collecte de donn\u00e9es par Google Analytics en installant le composant appropri\u00e9 fourni par Google sur leur navigateur (opt out).<\/p>\n<p><strong>\u2013 Suivi des conversions AdWords<\/strong><br \/>Le suivi des conversions Google AdWords est un service de statistiques fourni par Google Inc. qui relie les donn\u00e9es du r\u00e9seau publicitaire Google AdWords aux actions effectu\u00e9es sur le site. Donn\u00e9es personnelles collect\u00e9es : cookies et donn\u00e9es d&rsquo;utilisation. Lieu de traitement : USA &#8211; Politique de confidentialit\u00e9<\/p>\n<p><strong>&#8211; Google Fonts<\/strong><br \/>Le site utilise des polices de caract\u00e8res fournies par le service Google Fonts. Donn\u00e9es personnelles collect\u00e9es : cookies et donn\u00e9es d&rsquo;utilisation. Lieu de traitement : USA &#8211; Politique de confidentialit\u00e9<\/p>\n<p><strong>\u2013 Contenu int\u00e9grable<\/strong><br \/>Le site peut utiliser des vid\u00e9os de Youtube et Vimeo, du contenu des r\u00e9seaux sociaux Facebook, Twitter, LinkedIn, Google+ et, d&rsquo;une mani\u00e8re g\u00e9n\u00e9rale, du contenu int\u00e9grable d&rsquo;autres plateformes, selon les besoins. Ces contenus et\/ou plugins sont programm\u00e9s de mani\u00e8re \u00e0 ne pas d\u00e9finir de cookies lors de l&rsquo;acc\u00e8s \u00e0 la page, afin de pr\u00e9server la vie priv\u00e9e des utilisateurs. Les cookies ne sont mis en place, si les r\u00e9seaux sociaux le pr\u00e9voient, que lorsque l&rsquo;utilisateur fait une utilisation effective et volontaire du plugin. Veuillez noter que si l&rsquo;Utilisateur navigue en \u00e9tant connect\u00e9 au r\u00e9seau social, l&rsquo;utilisation de cookies est comprise comme ayant d\u00e9j\u00e0 \u00e9t\u00e9 accept\u00e9e par ce site au moment de l&rsquo;inscription au r\u00e9seau social. La collecte et l&rsquo;utilisation des informations obtenues au moyen du plugin sont r\u00e9gies par les politiques de confidentialit\u00e9 respectives des r\u00e9seaux sociaux, auxquelles il convient de se r\u00e9f\u00e9rer.<\/p>\n<p><strong>\u2013 Facebook:<\/strong> <a href=\"https:\/\/www.facebook.com\/about\/privacy\/\" target=\"_blank\" rel=\"noopener\">Privacy Policy<\/a> \u2013 <a href=\"https:\/\/www.facebook.com\/policies\/cookies\/\" target=\"_blank\" rel=\"noopener\">Cookie Policy<\/a><br \/><strong>\u2013 Twitter:<\/strong> <a href=\"https:\/\/twitter.com\/privacy?lang=it\" target=\"_blank\" rel=\"noopener\">Privacy Policy<\/a> \u2013 <a href=\"https:\/\/help.twitter.com\/it\/rules-and-policies\/twitter-cookies\" target=\"_blank\" rel=\"noopener\">Cookie Policy<\/a><br \/><strong>\u2013 Youtube:<\/strong> <a href=\"https:\/\/support.google.com\/youtube\/answer\/7671399?hl=it\" target=\"_blank\" rel=\"noopener\">Privacy Policy<\/a> \u2013 <a href=\"https:\/\/policies.google.com\/technologies\/cookies#types-of-cookies\" target=\"_blank\" rel=\"noopener\">Cookie Policy<\/a><br \/><strong>\u2013 LinkedIn:<\/strong> <a href=\"https:\/\/www.linkedin.com\/legal\/privacy-policy\" target=\"_blank\" rel=\"noopener\">Privacy Policy<\/a> \u2013 <a href=\"https:\/\/www.linkedin.com\/legal\/cookie-policy\" target=\"_blank\" rel=\"noopener\">Cookie Policy<\/a><br \/><strong>\u2013 Google+:<\/strong> <a href=\"https:\/\/policies.google.com\/privacy?hl=it\" target=\"_blank\" rel=\"noopener\">Privacy Policy<\/a> \u2013 <a href=\"https:\/\/policies.google.com\/technologies\/cookies?hl=it&amp;gl=it\" target=\"_blank\" rel=\"noopener\">Cookie Policy<\/a><br \/><strong>\u2013 Vimeo:<\/strong> <a href=\"https:\/\/vimeo.com\/privacy\" target=\"_blank\" rel=\"noopener\">Privacy Policy<\/a> \u2013 <a href=\"https:\/\/vimeo.com\/cookie_policy\" target=\"_blank\" rel=\"noopener\">Cookie Policy<\/a><br \/><strong>\u2013 Google Maps:<\/strong> <a href=\"https:\/\/policies.google.com\/privacy?hl=it\" target=\"_blank\" rel=\"noopener\">Privacy Policy<\/a> \u2013 <a href=\"https:\/\/policies.google.com\/technologies\/cookies?hl=it\" target=\"_blank\" rel=\"noopener\">Cookie Policy<\/a><\/p>\n<p>Pour plus d&rsquo;informations sur l&rsquo;utilisation des donn\u00e9es et leur traitement par Google, veuillez consulter les informations sur la page appropri\u00e9e fournie par Google, ainsi que la page sur l&rsquo;utilisation des donn\u00e9es par Google lors de l&rsquo;utilisation de sites ou d&rsquo;apps partenaires.<\/p>\n<p><strong>Contenu int\u00e9gr\u00e9 d&rsquo;autres sites web<\/strong><br \/>Les articles de ce site peuvent inclure du contenu int\u00e9gr\u00e9 (par exemple, des vid\u00e9os, des images, des articles, &#8230;). Le contenu int\u00e9gr\u00e9 d&rsquo;autres sites web se comporte exactement de la m\u00eame mani\u00e8re que si le visiteur avait visit\u00e9 l&rsquo;autre site web. Ces sites web peuvent collecter des donn\u00e9es vous concernant, utiliser des cookies, int\u00e9grer un suivi suppl\u00e9mentaire par des tiers et suivre votre interaction avec ce contenu int\u00e9gr\u00e9, y compris le suivi de votre interaction avec le contenu int\u00e9gr\u00e9 si vous avez un compte et \u00eates connect\u00e9 \u00e0 ce site web.<\/p>\n<h5><strong>A.4 COMMENT D\u00c9SACTIVER LES COOKIES DANS VOTRE NAVIGATEUR<\/strong><\/h5>\n<p>Les cookies sont li\u00e9s au navigateur utilis\u00e9 et peuvent \u00eatre d\u00e9sactiv\u00e9s directement \u00e0 partir du navigateur, ce qui permet de refuser\/r\u00e9voquer le consentement \u00e0 l&rsquo;utilisation de cookies. Veuillez noter que la d\u00e9sactivation des cookies peut emp\u00eacher l&rsquo;utilisation correcte de certaines fonctions du site lui-m\u00eame.<br \/>Les instructions pour d\u00e9sactiver les cookies se trouvent sur les pages web suivantes :<\/p>\n<p><a href=\"https:\/\/support.mozilla.org\/it\/kb\/protezione-antitracciamento-avanzata-firefox-desktop?redirectslug=Attivare+e+disattivare+i+cookie&amp;redirectlocale=it\" target=\"_blank\" rel=\"noopener\">Mozilla Firefox<\/a> \u2013 <a href=\"https:\/\/support.microsoft.com\/it-it\/windows\/eliminare-e-gestire-i-cookie-168dab11-0753-043d-7c16-ede5947fc64d\" target=\"_blank\" rel=\"noopener\">Microsoft Internet Explorer<\/a> \u2013 <a href=\"https:\/\/support.microsoft.com\/it-it\/microsoft-edge\/eliminare-i-cookie-in-microsoft-edge-63947406-40ac-c3b8-57b9-2a946a29ae09\" target=\"_blank\" rel=\"noopener\">Microsoft Edge<\/a> \u2013 <a href=\"https:\/\/support.google.com\/chrome\/answer\/95647?hl=it\" target=\"_blank\" rel=\"noopener\">Google Chrome<\/a> \u2013 <a href=\"https:\/\/help.opera.com\/en\/latest\/web-preferences\/#cookies\" target=\"_blank\" rel=\"noopener\">Opera<\/a> \u2013 <a href=\"https:\/\/support.apple.com\/it-it\/HT201265\" target=\"_blank\" rel=\"noopener\">Apple Safari<\/a><\/p>\n<h4><strong>Mises \u00e0 jour et changements<\/strong><\/h4>\n<p>Le responsable du traitement des donn\u00e9es se r\u00e9serve le droit de modifier, compl\u00e9ter ou mettre \u00e0 jour p\u00e9riodiquement la pr\u00e9sente politique de confidentialit\u00e9 conform\u00e9ment \u00e0 la l\u00e9gislation applicable ou aux mesures adopt\u00e9es par l&rsquo;Autorit\u00e9 de protection des donn\u00e9es.<br \/>Les modifications ou ajouts susmentionn\u00e9s seront port\u00e9s \u00e0 l&rsquo;attention des parties int\u00e9ress\u00e9es au moyen d&rsquo;un lien vers la page de la politique de confidentialit\u00e9 sur le site web et seront communiqu\u00e9s directement aux parties int\u00e9ress\u00e9es par courrier \u00e9lectronique.<br \/>Nous invitons les utilisateurs \u00e0 lire r\u00e9guli\u00e8rement la politique de confidentialit\u00e9, afin de v\u00e9rifier les informations mises \u00e0 jour et de d\u00e9cider de continuer ou non \u00e0 utiliser les services propos\u00e9s.<\/p>\n\t\t\t\t\t\t\t\t<\/div>\n\t\t\t\t<\/div>\n\t\t\t\t\t<\/div>\n\t\t<\/div>\n\t\t\t\t\t<\/div>\n\t\t<\/section>\n\t\t\t\t<\/div>\n\t\t","protected":false},"excerpt":{"rendered":"<p>Politique en mati\u00e8re Comme c&rsquo;est le cas sur tous les sites web, ce site utilise des cookies, de petits fichiers texte qui stockent des informations sur les pr\u00e9f\u00e9rences des visiteurs, afin d&rsquo;am\u00e9liorer la fonctionnalit\u00e9 du site, de simplifier la navigation en automatisant les proc\u00e9dures (par exemple, connexion, langue du site, etc.) et d&rsquo;analyser l&rsquo;utilisation du [&hellip;]<\/p>\n","protected":false},"author":1,"featured_media":0,"parent":0,"menu_order":0,"comment_status":"closed","ping_status":"closed","template":"elementor_header_footer","meta":{"site-sidebar-layout":"no-sidebar","site-content-layout":"page-builder","ast-site-content-layout":"default","site-content-style":"default","site-sidebar-style":"default","ast-global-header-display":"","ast-banner-title-visibility":"","ast-main-header-display":"","ast-hfb-above-header-display":"","ast-hfb-below-header-display":"","ast-hfb-mobile-header-display":"","site-post-title":"disabled","ast-breadcrumbs-content":"","ast-featured-img":"disabled","footer-sml-layout":"","ast-disable-related-posts":"","theme-transparent-header-meta":"","adv-header-id-meta":"","stick-header-meta":"","header-above-stick-meta":"","header-main-stick-meta":"","header-below-stick-meta":"","astra-migrate-meta-layouts":"default","ast-page-background-enabled":"default","ast-page-background-meta":{"desktop":{"background-color":"var(--ast-global-color-4)","background-image":"","background-repeat":"repeat","background-position":"center center","background-size":"auto","background-attachment":"scroll","background-type":"","background-media":"","overlay-type":"","overlay-color":"","overlay-opacity":"","overlay-gradient":""},"tablet":{"background-color":"","background-image":"","background-repeat":"repeat","background-position":"center center","background-size":"auto","background-attachment":"scroll","background-type":"","background-media":"","overlay-type":"","overlay-color":"","overlay-opacity":"","overlay-gradient":""},"mobile":{"background-color":"","background-image":"","background-repeat":"repeat","background-position":"center center","background-size":"auto","background-attachment":"scroll","background-type":"","background-media":"","overlay-type":"","overlay-color":"","overlay-opacity":"","overlay-gradient":""}},"ast-content-background-meta":{"desktop":{"background-color":"var(--ast-global-color-5)","background-image":"","background-repeat":"repeat","background-position":"center center","background-size":"auto","background-attachment":"scroll","background-type":"","background-media":"","overlay-type":"","overlay-color":"","overlay-opacity":"","overlay-gradient":""},"tablet":{"background-color":"var(--ast-global-color-5)","background-image":"","background-repeat":"repeat","background-position":"center center","background-size":"auto","background-attachment":"scroll","background-type":"","background-media":"","overlay-type":"","overlay-color":"","overlay-opacity":"","overlay-gradient":""},"mobile":{"background-color":"var(--ast-global-color-5)","background-image":"","background-repeat":"repeat","background-position":"center center","background-size":"auto","background-attachment":"scroll","background-type":"","background-media":"","overlay-type":"","overlay-color":"","overlay-opacity":"","overlay-gradient":""}},"footnotes":""},"class_list":["post-6044","page","type-page","status-publish","hentry"],"_links":{"self":[{"href":"https:\/\/bulltec.dekoolab.it\/fr\/wp-json\/wp\/v2\/pages\/6044","targetHints":{"allow":["GET"]}}],"collection":[{"href":"https:\/\/bulltec.dekoolab.it\/fr\/wp-json\/wp\/v2\/pages"}],"about":[{"href":"https:\/\/bulltec.dekoolab.it\/fr\/wp-json\/wp\/v2\/types\/page"}],"author":[{"embeddable":true,"href":"https:\/\/bulltec.dekoolab.it\/fr\/wp-json\/wp\/v2\/users\/1"}],"replies":[{"embeddable":true,"href":"https:\/\/bulltec.dekoolab.it\/fr\/wp-json\/wp\/v2\/comments?post=6044"}],"version-history":[{"count":3,"href":"https:\/\/bulltec.dekoolab.it\/fr\/wp-json\/wp\/v2\/pages\/6044\/revisions"}],"predecessor-version":[{"id":6180,"href":"https:\/\/bulltec.dekoolab.it\/fr\/wp-json\/wp\/v2\/pages\/6044\/revisions\/6180"}],"wp:attachment":[{"href":"https:\/\/bulltec.dekoolab.it\/fr\/wp-json\/wp\/v2\/media?parent=6044"}],"curies":[{"name":"wp","href":"https:\/\/api.w.org\/{rel}","templated":true}]}}