{"id":6112,"date":"2022-10-17T10:10:24","date_gmt":"2022-10-17T10:10:24","guid":{"rendered":"https:\/\/bulltec.it\/produits\/carotte\/"},"modified":"2023-02-22T14:38:08","modified_gmt":"2023-02-22T14:38:08","slug":"carotte","status":"publish","type":"page","link":"https:\/\/bulltec.dekoolab.it\/fr\/produits\/carotte\/","title":{"rendered":"Carotte"},"content":{"rendered":"\t\t<div data-elementor-type=\"wp-page\" data-elementor-id=\"6112\" class=\"elementor elementor-6112 elementor-1953\" data-elementor-post-type=\"page\">\n\t\t\t\t\t\t<section class=\"elementor-section elementor-top-section elementor-element elementor-element-37a84a93 elementor-section-content-middle elementor-section-boxed elementor-section-height-default elementor-section-height-default\" data-id=\"37a84a93\" data-element_type=\"section\" data-settings=\"{&quot;background_background&quot;:&quot;classic&quot;}\">\n\t\t\t\t\t\t<div class=\"elementor-container elementor-column-gap-no\">\n\t\t\t\t\t<div class=\"elementor-column elementor-col-50 elementor-top-column elementor-element elementor-element-d23c8f4\" data-id=\"d23c8f4\" data-element_type=\"column\">\n\t\t\t<div class=\"elementor-widget-wrap elementor-element-populated\">\n\t\t\t\t\t\t<div class=\"elementor-element elementor-element-65eb221f elementor-widget elementor-widget-heading\" data-id=\"65eb221f\" data-element_type=\"widget\" data-widget_type=\"heading.default\">\n\t\t\t\t<div class=\"elementor-widget-container\">\n\t\t\t\t\t<h2 class=\"elementor-heading-title elementor-size-default\">Installations et lignes pour le traitement des carottes.<\/h2>\t\t\t\t<\/div>\n\t\t\t\t<\/div>\n\t\t\t\t\t<\/div>\n\t\t<\/div>\n\t\t\t\t<div class=\"elementor-column elementor-col-50 elementor-top-column elementor-element elementor-element-5462a5d\" data-id=\"5462a5d\" data-element_type=\"column\">\n\t\t\t<div class=\"elementor-widget-wrap\">\n\t\t\t\t\t\t\t<\/div>\n\t\t<\/div>\n\t\t\t\t\t<\/div>\n\t\t<\/section>\n\t\t\t\t<section class=\"elementor-section elementor-top-section elementor-element elementor-element-4904ba29 elementor-section-boxed elementor-section-height-default elementor-section-height-default\" data-id=\"4904ba29\" data-element_type=\"section\">\n\t\t\t\t\t\t<div class=\"elementor-container elementor-column-gap-no\">\n\t\t\t\t\t<div class=\"elementor-column elementor-col-100 elementor-top-column elementor-element elementor-element-7ce9c8b6\" data-id=\"7ce9c8b6\" data-element_type=\"column\">\n\t\t\t<div class=\"elementor-widget-wrap elementor-element-populated\">\n\t\t\t\t\t\t<div class=\"elementor-element elementor-element-747b73a2 elementor-widget elementor-widget-text-editor\" data-id=\"747b73a2\" data-element_type=\"widget\" data-widget_type=\"text-editor.default\">\n\t\t\t\t<div class=\"elementor-widget-container\">\n\t\t\t\t\t\t\t\t\t<p>Bulltec, des lignes compl\u00e8tes pour le traitement <span style=\"font-weight: 400;\">du carotte<\/span>, de la campagne au conditionnement.<br \/>Bulltec propose un syst\u00e8me capable de pr\u00e9server les conditions parfaites du l\u00e9gume pendant toutes les \u00e9tapes <span style=\"font-weight: 400;\">de traitement<\/span>.<\/p>\t\t\t\t\t\t\t\t<\/div>\n\t\t\t\t<\/div>\n\t\t\t\t<div class=\"elementor-element elementor-element-52a9401c elementor-widget-divider--view-line elementor-widget elementor-widget-divider\" data-id=\"52a9401c\" data-element_type=\"widget\" data-widget_type=\"divider.default\">\n\t\t\t\t<div class=\"elementor-widget-container\">\n\t\t\t\t\t\t\t<div class=\"elementor-divider\">\n\t\t\t<span class=\"elementor-divider-separator\">\n\t\t\t\t\t\t<\/span>\n\t\t<\/div>\n\t\t\t\t\t\t<\/div>\n\t\t\t\t<\/div>\n\t\t\t\t<div class=\"elementor-element elementor-element-48cace49 elementor-widget elementor-widget-heading\" data-id=\"48cace49\" data-element_type=\"widget\" data-widget_type=\"heading.default\">\n\t\t\t\t<div class=\"elementor-widget-container\">\n\t\t\t\t\t<h4 class=\"elementor-heading-title elementor-size-default\">SOLUTIONS BULLTEC POUR LE TRAITEMENT DES CAROTTES.<\/h4>\t\t\t\t<\/div>\n\t\t\t\t<\/div>\n\t\t\t\t<section class=\"elementor-section elementor-inner-section elementor-element elementor-element-7c4de93c elementor-section-full_width elementor-section-height-default elementor-section-height-default\" data-id=\"7c4de93c\" data-element_type=\"section\" data-settings=\"{&quot;background_background&quot;:&quot;classic&quot;}\">\n\t\t\t\t\t\t<div class=\"elementor-container elementor-column-gap-no\">\n\t\t\t\t\t<div class=\"elementor-column elementor-col-100 elementor-inner-column elementor-element elementor-element-1a2b7fa4\" data-id=\"1a2b7fa4\" data-element_type=\"column\">\n\t\t\t<div class=\"elementor-widget-wrap elementor-element-populated\">\n\t\t\t\t\t\t<div class=\"elementor-element elementor-element-60c5068f elementor-widget elementor-widget-heading\" data-id=\"60c5068f\" data-element_type=\"widget\" data-widget_type=\"heading.default\">\n\t\t\t\t<div class=\"elementor-widget-container\">\n\t\t\t\t\t<h4 class=\"elementor-heading-title elementor-size-default\">CALIBRAGE \u00c9LECTRONIQUE PAR POIDS ET DIMENSIONS:<\/h4>\t\t\t\t<\/div>\n\t\t\t\t<\/div>\n\t\t\t\t\t<\/div>\n\t\t<\/div>\n\t\t\t\t\t<\/div>\n\t\t<\/section>\n\t\t\t\t<div class=\"elementor-element elementor-element-4a85b0dd elementor-widget elementor-widget-text-editor\" data-id=\"4a85b0dd\" data-element_type=\"widget\" data-widget_type=\"text-editor.default\">\n\t\t\t\t<div class=\"elementor-widget-container\">\n\t\t\t\t\t\t\t\t\t<p>Gr\u00e2ce <span style=\"font-weight: 400;\">au<\/span> syst\u00e8me brevet\u00e9, vous pouvez calibrer <span style=\"font-weight: 400;\">vos carottes<\/span> par taille (longueur diam\u00e8tre), <span style=\"font-weight: 400;\">et <\/span>par poids.<br \/>Les deux solutions peuvent \u00eatre install\u00e9es sur la m\u00eame ligne.<br \/>De cette fa\u00e7on, vous aurez un large \u00e9ventail de possibilit\u00e9s disponibles avec une seule solution.<\/p>\t\t\t\t\t\t\t\t<\/div>\n\t\t\t\t<\/div>\n\t\t\t\t<section class=\"elementor-section elementor-inner-section elementor-element elementor-element-6162802d elementor-section-boxed elementor-section-height-default elementor-section-height-default\" data-id=\"6162802d\" data-element_type=\"section\">\n\t\t\t\t\t\t<div class=\"elementor-container elementor-column-gap-no\">\n\t\t\t\t\t<div class=\"elementor-column elementor-col-50 elementor-inner-column elementor-element elementor-element-df0bb0a\" data-id=\"df0bb0a\" data-element_type=\"column\">\n\t\t\t<div class=\"elementor-widget-wrap elementor-element-populated\">\n\t\t\t\t\t\t<div class=\"elementor-element elementor-element-1d05b00 elementor-widget elementor-widget-image\" data-id=\"1d05b00\" data-element_type=\"widget\" data-widget_type=\"image.default\">\n\t\t\t\t<div class=\"elementor-widget-container\">\n\t\t\t\t\t\t\t\t\t\t\t\t\t\t\t<img fetchpriority=\"high\" decoding=\"async\" width=\"1000\" height=\"750\" src=\"https:\/\/bulltec.dekoolab.it\/wp-content\/uploads\/2022\/12\/bulltec_prodotto_calibratura_elettronica.jpg\" class=\"attachment-full size-full wp-image-5996\" alt=\"\" srcset=\"https:\/\/bulltec.dekoolab.it\/wp-content\/uploads\/2022\/12\/bulltec_prodotto_calibratura_elettronica.jpg 1000w, https:\/\/bulltec.dekoolab.it\/wp-content\/uploads\/2022\/12\/bulltec_prodotto_calibratura_elettronica-300x225.jpg 300w, https:\/\/bulltec.dekoolab.it\/wp-content\/uploads\/2022\/12\/bulltec_prodotto_calibratura_elettronica-768x576.jpg 768w\" sizes=\"(max-width: 1000px) 100vw, 1000px\" \/>\t\t\t\t\t\t\t\t\t\t\t\t\t\t\t<\/div>\n\t\t\t\t<\/div>\n\t\t\t\t\t<\/div>\n\t\t<\/div>\n\t\t\t\t<div class=\"elementor-column elementor-col-50 elementor-inner-column elementor-element elementor-element-1715be53\" data-id=\"1715be53\" data-element_type=\"column\">\n\t\t\t<div class=\"elementor-widget-wrap elementor-element-populated\">\n\t\t\t\t\t\t<div class=\"elementor-element elementor-element-4fef89dd carota-1 elementor-mobile-align-center elementor-widget elementor-widget-button\" data-id=\"4fef89dd\" data-element_type=\"widget\" data-widget_type=\"button.default\">\n\t\t\t\t<div class=\"elementor-widget-container\">\n\t\t\t\t\t\t\t\t\t<div class=\"elementor-button-wrapper\">\n\t\t\t\t\t<a class=\"elementor-button elementor-size-sm\" role=\"button\">\n\t\t\t\t\t\t<span class=\"elementor-button-content-wrapper\">\n\t\t\t\t\t\t<span class=\"elementor-button-icon\">\n\t\t\t\t<i aria-hidden=\"true\" class=\"far fa-play-circle\"><\/i>\t\t\t<\/span>\n\t\t\t\t\t\t\t\t\t<span class=\"elementor-button-text\">Vid\u00e9o<\/span>\n\t\t\t\t\t<\/span>\n\t\t\t\t\t<\/a>\n\t\t\t\t<\/div>\n\t\t\t\t\t\t\t\t<\/div>\n\t\t\t\t<\/div>\n\t\t\t\t<div class=\"elementor-element elementor-element-2be3e8a3 elementor-widget-divider--view-line elementor-widget elementor-widget-divider\" data-id=\"2be3e8a3\" data-element_type=\"widget\" data-widget_type=\"divider.default\">\n\t\t\t\t<div class=\"elementor-widget-container\">\n\t\t\t\t\t\t\t<div class=\"elementor-divider\">\n\t\t\t<span class=\"elementor-divider-separator\">\n\t\t\t\t\t\t<\/span>\n\t\t<\/div>\n\t\t\t\t\t\t<\/div>\n\t\t\t\t<\/div>\n\t\t\t\t<div class=\"elementor-element elementor-element-2235e97a elementor-widget elementor-widget-text-editor\" data-id=\"2235e97a\" data-element_type=\"widget\" data-widget_type=\"text-editor.default\">\n\t\t\t\t<div class=\"elementor-widget-container\">\n\t\t\t\t\t\t\t\t\t<p>* en chiffres:<br \/>LIGNE 2 CANAUX POUR LE CALIBRAGE DES L\u00c9GUMES,<br \/>6 SORTIES \u00c9LECTRONIQUES<br \/>+1 SORTIE M\u00c9CANIQUE<\/p>\n\t\t\t\t\t\t\t\t<\/div>\n\t\t\t\t<\/div>\n\t\t\t\t<div class=\"elementor-element elementor-element-47a41498 elementor-widget elementor-widget-heading\" data-id=\"47a41498\" data-element_type=\"widget\" data-widget_type=\"heading.default\">\n\t\t\t\t<div class=\"elementor-widget-container\">\n\t\t\t\t\t<h4 class=\"elementor-heading-title elementor-size-default\">En savoir plus sur nos calibreuses!<\/h4>\t\t\t\t<\/div>\n\t\t\t\t<\/div>\n\t\t\t\t<div class=\"elementor-element elementor-element-23521abd elementor-align-left elementor-mobile-align-center elementor-widget elementor-widget-button\" data-id=\"23521abd\" data-element_type=\"widget\" data-widget_type=\"button.default\">\n\t\t\t\t<div class=\"elementor-widget-container\">\n\t\t\t\t\t\t\t\t\t<div class=\"elementor-button-wrapper\">\n\t\t\t\t\t<a class=\"elementor-button elementor-button-link elementor-size-sm\" href=\"https:\/\/bulltec.it\/fr\/calibrateurs\/\">\n\t\t\t\t\t\t<span class=\"elementor-button-content-wrapper\">\n\t\t\t\t\t\t\t\t\t<span class=\"elementor-button-text\">D\u00e9couvrez<\/span>\n\t\t\t\t\t<\/span>\n\t\t\t\t\t<\/a>\n\t\t\t\t<\/div>\n\t\t\t\t\t\t\t\t<\/div>\n\t\t\t\t<\/div>\n\t\t\t\t\t<\/div>\n\t\t<\/div>\n\t\t\t\t\t<\/div>\n\t\t<\/section>\n\t\t\t\t\t<\/div>\n\t\t<\/div>\n\t\t\t\t\t<\/div>\n\t\t<\/section>\n\t\t\t\t<section class=\"elementor-section elementor-top-section elementor-element elementor-element-40877ee elementor-section-boxed elementor-section-height-default elementor-section-height-default\" data-id=\"40877ee\" data-element_type=\"section\">\n\t\t\t\t\t\t<div class=\"elementor-container elementor-column-gap-no\">\n\t\t\t\t\t<div class=\"elementor-column elementor-col-100 elementor-top-column elementor-element elementor-element-1c1309db\" data-id=\"1c1309db\" data-element_type=\"column\">\n\t\t\t<div class=\"elementor-widget-wrap elementor-element-populated\">\n\t\t\t\t\t\t<div class=\"elementor-element elementor-element-5eb8671c elementor-widget-divider--view-line elementor-widget elementor-widget-divider\" data-id=\"5eb8671c\" data-element_type=\"widget\" data-widget_type=\"divider.default\">\n\t\t\t\t<div class=\"elementor-widget-container\">\n\t\t\t\t\t\t\t<div class=\"elementor-divider\">\n\t\t\t<span class=\"elementor-divider-separator\">\n\t\t\t\t\t\t<\/span>\n\t\t<\/div>\n\t\t\t\t\t\t<\/div>\n\t\t\t\t<\/div>\n\t\t\t\t<section class=\"elementor-section elementor-inner-section elementor-element elementor-element-6a22c9e1 elementor-section-boxed elementor-section-height-default elementor-section-height-default\" data-id=\"6a22c9e1\" data-element_type=\"section\">\n\t\t\t\t\t\t<div class=\"elementor-container elementor-column-gap-no\">\n\t\t\t\t\t<div class=\"elementor-column elementor-col-100 elementor-inner-column elementor-element elementor-element-31515be5\" data-id=\"31515be5\" data-element_type=\"column\" data-settings=\"{&quot;background_background&quot;:&quot;classic&quot;}\">\n\t\t\t<div class=\"elementor-widget-wrap elementor-element-populated\">\n\t\t\t\t\t\t<div class=\"elementor-element elementor-element-38e47cb1 elementor-widget elementor-widget-heading\" data-id=\"38e47cb1\" data-element_type=\"widget\" data-widget_type=\"heading.default\">\n\t\t\t\t<div class=\"elementor-widget-container\">\n\t\t\t\t\t<h3 class=\"elementor-heading-title elementor-size-default\">PROCESSUS DE TRAVAIL<\/h3>\t\t\t\t<\/div>\n\t\t\t\t<\/div>\n\t\t\t\t\t<\/div>\n\t\t<\/div>\n\t\t\t\t\t<\/div>\n\t\t<\/section>\n\t\t\t\t<div class=\"elementor-element elementor-element-554ed58d elementor-widget elementor-widget-image\" data-id=\"554ed58d\" data-element_type=\"widget\" data-widget_type=\"image.default\">\n\t\t\t\t<div class=\"elementor-widget-container\">\n\t\t\t\t\t\t\t\t\t\t\t\t\t\t\t\t<a href=\"https:\/\/bulltec.it\/wp-content\/uploads\/2023\/02\/fr_bulltec_schema_processo_di_lavorazione.png\" data-elementor-open-lightbox=\"yes\" data-elementor-lightbox-title=\"fr_bulltec_schema_processo_di_lavorazione\" data-e-action-hash=\"#elementor-action%3Aaction%3Dlightbox%26settings%3DeyJpZCI6NjY5MiwidXJsIjoiaHR0cHM6XC9cL2J1bGx0ZWMuZGVrb29sYWIuaXRcL3dwLWNvbnRlbnRcL3VwbG9hZHNcLzIwMjNcLzAyXC9mcl9idWxsdGVjX3NjaGVtYV9wcm9jZXNzb19kaV9sYXZvcmF6aW9uZS5wbmcifQ%3D%3D\">\n\t\t\t\t\t\t\t<img decoding=\"async\" width=\"3060\" height=\"2215\" src=\"https:\/\/bulltec.dekoolab.it\/wp-content\/uploads\/2023\/02\/fr_bulltec_schema_processo_di_lavorazione.png\" class=\"attachment-full size-full wp-image-6692\" alt=\"\" srcset=\"https:\/\/bulltec.dekoolab.it\/wp-content\/uploads\/2023\/02\/fr_bulltec_schema_processo_di_lavorazione.png 3060w, https:\/\/bulltec.dekoolab.it\/wp-content\/uploads\/2023\/02\/fr_bulltec_schema_processo_di_lavorazione-300x217.png 300w, https:\/\/bulltec.dekoolab.it\/wp-content\/uploads\/2023\/02\/fr_bulltec_schema_processo_di_lavorazione-1024x741.png 1024w, https:\/\/bulltec.dekoolab.it\/wp-content\/uploads\/2023\/02\/fr_bulltec_schema_processo_di_lavorazione-768x556.png 768w, https:\/\/bulltec.dekoolab.it\/wp-content\/uploads\/2023\/02\/fr_bulltec_schema_processo_di_lavorazione-1536x1112.png 1536w, https:\/\/bulltec.dekoolab.it\/wp-content\/uploads\/2023\/02\/fr_bulltec_schema_processo_di_lavorazione-2048x1482.png 2048w\" sizes=\"(max-width: 3060px) 100vw, 3060px\" \/>\t\t\t\t\t\t\t\t<\/a>\n\t\t\t\t\t\t\t\t\t\t\t\t\t\t\t<\/div>\n\t\t\t\t<\/div>\n\t\t\t\t<div class=\"elementor-element elementor-element-33cb6ed elementor-widget-divider--view-line elementor-widget elementor-widget-divider\" data-id=\"33cb6ed\" data-element_type=\"widget\" data-widget_type=\"divider.default\">\n\t\t\t\t<div class=\"elementor-widget-container\">\n\t\t\t\t\t\t\t<div class=\"elementor-divider\">\n\t\t\t<span class=\"elementor-divider-separator\">\n\t\t\t\t\t\t<\/span>\n\t\t<\/div>\n\t\t\t\t\t\t<\/div>\n\t\t\t\t<\/div>\n\t\t\t\t<div class=\"elementor-element elementor-element-2431055f elementor-widget elementor-widget-heading\" data-id=\"2431055f\" data-element_type=\"widget\" data-widget_type=\"heading.default\">\n\t\t\t\t<div class=\"elementor-widget-container\">\n\t\t\t\t\t<h3 class=\"elementor-heading-title elementor-size-default\">LES AVANTAGES D'UTILISER UNE LIGNE BULLTEC<\/h3>\t\t\t\t<\/div>\n\t\t\t\t<\/div>\n\t\t\t\t<section class=\"elementor-section elementor-inner-section elementor-element elementor-element-947fd5f elementor-section-full_width elementor-section-height-default elementor-section-height-default\" data-id=\"947fd5f\" data-element_type=\"section\">\n\t\t\t\t\t\t<div class=\"elementor-container elementor-column-gap-default\">\n\t\t\t\t\t<div class=\"elementor-column elementor-col-33 elementor-top-column elementor-element elementor-element-7ec723e\" data-id=\"7ec723e\" data-element_type=\"column\">\n\t\t\t<div class=\"elementor-widget-wrap elementor-element-populated\">\n\t\t\t\t\t\t<div class=\"elementor-element elementor-element-851552d elementor-widget elementor-widget-image\" data-id=\"851552d\" data-element_type=\"widget\" data-widget_type=\"image.default\">\n\t\t\t\t<div class=\"elementor-widget-container\">\n\t\t\t\t\t\t\t\t\t\t\t\t\t\t\t<img decoding=\"async\" width=\"100\" height=\"100\" src=\"https:\/\/bulltec.dekoolab.it\/wp-content\/uploads\/2022\/11\/bulltec_home_icona_calibratura_efficiente_def.png\" class=\"attachment-full size-full wp-image-5926\" alt=\"\" \/>\t\t\t\t\t\t\t\t\t\t\t\t\t\t\t<\/div>\n\t\t\t\t<\/div>\n\t\t\t\t<div class=\"elementor-element elementor-element-8348eef elementor-widget elementor-widget-heading\" data-id=\"8348eef\" data-element_type=\"widget\" data-widget_type=\"heading.default\">\n\t\t\t\t<div class=\"elementor-widget-container\">\n\t\t\t\t\t<h3 class=\"elementor-heading-title elementor-size-default\">Calibrage<\/br> efficace<\/h3>\t\t\t\t<\/div>\n\t\t\t\t<\/div>\n\t\t\t\t<div class=\"elementor-element elementor-element-b1b7d96 elementor-widget elementor-widget-text-editor\" data-id=\"b1b7d96\" data-element_type=\"widget\" data-widget_type=\"text-editor.default\">\n\t\t\t\t<div class=\"elementor-widget-container\">\n\t\t\t\t\t\t\t\t\t<p>Gr\u00e2ce au LOGICIEL Bulltec d\u00e9di\u00e9, nous pouvons offrir un calibrage des dimensions au millim\u00e8tre pr\u00e8s et un calibrage du poids au gramme pr\u00e8s.<\/p>\t\t\t\t\t\t\t\t<\/div>\n\t\t\t\t<\/div>\n\t\t\t\t\t<\/div>\n\t\t<\/div>\n\t\t\t\t<div class=\"elementor-column elementor-col-33 elementor-inner-column elementor-element elementor-element-4257e2e\" data-id=\"4257e2e\" data-element_type=\"column\">\n\t\t\t<div class=\"elementor-widget-wrap elementor-element-populated\">\n\t\t\t\t\t\t<div class=\"elementor-element elementor-element-1d204fd elementor-widget elementor-widget-image\" data-id=\"1d204fd\" data-element_type=\"widget\" data-widget_type=\"image.default\">\n\t\t\t\t<div class=\"elementor-widget-container\">\n\t\t\t\t\t\t\t\t\t\t\t\t\t\t\t<img loading=\"lazy\" decoding=\"async\" width=\"100\" height=\"100\" src=\"https:\/\/bulltec.dekoolab.it\/wp-content\/uploads\/2022\/11\/bulltec_home_icona_versatilita_di_utilizzo_def.png\" class=\"attachment-full size-full wp-image-5927\" alt=\"\" \/>\t\t\t\t\t\t\t\t\t\t\t\t\t\t\t<\/div>\n\t\t\t\t<\/div>\n\t\t\t\t<div class=\"elementor-element elementor-element-26642af elementor-widget elementor-widget-heading\" data-id=\"26642af\" data-element_type=\"widget\" data-widget_type=\"heading.default\">\n\t\t\t\t<div class=\"elementor-widget-container\">\n\t\t\t\t\t<h3 class=\"elementor-heading-title elementor-size-default\">Polyvalence<\/br> d'utilisation<\/h3>\t\t\t\t<\/div>\n\t\t\t\t<\/div>\n\t\t\t\t<div class=\"elementor-element elementor-element-b6c0791 elementor-widget elementor-widget-text-editor\" data-id=\"b6c0791\" data-element_type=\"widget\" data-widget_type=\"text-editor.default\">\n\t\t\t\t<div class=\"elementor-widget-container\">\n\t\t\t\t\t\t\t\t\t<p>Traitez diff\u00e9rents types de l\u00e9gumes sur la m\u00eame machine, avec la possibilit\u00e9 de calibrer des articles tr\u00e8s diff\u00e9rents en poids et en taille.<\/p>\n\t\t\t\t\t\t\t\t<\/div>\n\t\t\t\t<\/div>\n\t\t\t\t\t<\/div>\n\t\t<\/div>\n\t\t\t\t<div class=\"elementor-column elementor-col-33 elementor-inner-column elementor-element elementor-element-eeb7d8f\" data-id=\"eeb7d8f\" data-element_type=\"column\">\n\t\t\t<div class=\"elementor-widget-wrap elementor-element-populated\">\n\t\t\t\t\t\t<div class=\"elementor-element elementor-element-b6580dd elementor-widget elementor-widget-image\" data-id=\"b6580dd\" data-element_type=\"widget\" data-widget_type=\"image.default\">\n\t\t\t\t<div class=\"elementor-widget-container\">\n\t\t\t\t\t\t\t\t\t\t\t\t\t\t\t<img loading=\"lazy\" decoding=\"async\" width=\"100\" height=\"100\" src=\"https:\/\/bulltec.dekoolab.it\/wp-content\/uploads\/2022\/11\/bulltec_home_icona_meccanica_semplice_def.png\" class=\"attachment-full size-full wp-image-5925\" alt=\"\" \/>\t\t\t\t\t\t\t\t\t\t\t\t\t\t\t<\/div>\n\t\t\t\t<\/div>\n\t\t\t\t<div class=\"elementor-element elementor-element-d2b3651 elementor-widget elementor-widget-heading\" data-id=\"d2b3651\" data-element_type=\"widget\" data-widget_type=\"heading.default\">\n\t\t\t\t<div class=\"elementor-widget-container\">\n\t\t\t\t\t<h3 class=\"elementor-heading-title elementor-size-default\">M\u00e9canique<\/br> simple<\/h3>\t\t\t\t<\/div>\n\t\t\t\t<\/div>\n\t\t\t\t<div class=\"elementor-element elementor-element-677fc80 elementor-widget elementor-widget-text-editor\" data-id=\"677fc80\" data-element_type=\"widget\" data-widget_type=\"text-editor.default\">\n\t\t\t\t<div class=\"elementor-widget-container\">\n\t\t\t\t\t\t\t\t\t<p>Le convoyeur pour le produit et les actionneurs pneumatiques r\u00e9glables pour l\u2019\u00e9jection du produit garantissent la simplicit\u00e9 dans la gestion de la ligne.<\/p>\t\t\t\t\t\t\t\t<\/div>\n\t\t\t\t<\/div>\n\t\t\t\t\t<\/div>\n\t\t<\/div>\n\t\t\t\t\t<\/div>\n\t\t<\/section>\n\t\t\t\t\t<\/div>\n\t\t<\/div>\n\t\t\t\t\t<\/div>\n\t\t<\/section>\n\t\t\t\t<\/div>\n\t\t","protected":false},"excerpt":{"rendered":"<p>Installations et lignes pour le traitement des carottes. Bulltec, des lignes compl\u00e8tes pour le traitement du carotte, de la campagne au conditionnement.Bulltec propose un syst\u00e8me capable de pr\u00e9server les conditions parfaites du l\u00e9gume pendant toutes les \u00e9tapes de traitement. SOLUTIONS BULLTEC POUR LE TRAITEMENT DES CAROTTES. CALIBRAGE \u00c9LECTRONIQUE PAR POIDS ET DIMENSIONS: Gr\u00e2ce au syst\u00e8me [&hellip;]<\/p>\n","protected":false},"author":1,"featured_media":0,"parent":6108,"menu_order":0,"comment_status":"closed","ping_status":"closed","template":"elementor_header_footer","meta":{"site-sidebar-layout":"no-sidebar","site-content-layout":"page-builder","ast-site-content-layout":"default","site-content-style":"default","site-sidebar-style":"default","ast-global-header-display":"","ast-banner-title-visibility":"","ast-main-header-display":"","ast-hfb-above-header-display":"","ast-hfb-below-header-display":"","ast-hfb-mobile-header-display":"","site-post-title":"disabled","ast-breadcrumbs-content":"","ast-featured-img":"disabled","footer-sml-layout":"","ast-disable-related-posts":"","theme-transparent-header-meta":"","adv-header-id-meta":"","stick-header-meta":"","header-above-stick-meta":"","header-main-stick-meta":"","header-below-stick-meta":"","astra-migrate-meta-layouts":"default","ast-page-background-enabled":"default","ast-page-background-meta":{"desktop":{"background-color":"var(--ast-global-color-4)","background-image":"","background-repeat":"repeat","background-position":"center center","background-size":"auto","background-attachment":"scroll","background-type":"","background-media":"","overlay-type":"","overlay-color":"","overlay-opacity":"","overlay-gradient":""},"tablet":{"background-color":"","background-image":"","background-repeat":"repeat","background-position":"center center","background-size":"auto","background-attachment":"scroll","background-type":"","background-media":"","overlay-type":"","overlay-color":"","overlay-opacity":"","overlay-gradient":""},"mobile":{"background-color":"","background-image":"","background-repeat":"repeat","background-position":"center center","background-size":"auto","background-attachment":"scroll","background-type":"","background-media":"","overlay-type":"","overlay-color":"","overlay-opacity":"","overlay-gradient":""}},"ast-content-background-meta":{"desktop":{"background-color":"var(--ast-global-color-5)","background-image":"","background-repeat":"repeat","background-position":"center center","background-size":"auto","background-attachment":"scroll","background-type":"","background-media":"","overlay-type":"","overlay-color":"","overlay-opacity":"","overlay-gradient":""},"tablet":{"background-color":"var(--ast-global-color-5)","background-image":"","background-repeat":"repeat","background-position":"center center","background-size":"auto","background-attachment":"scroll","background-type":"","background-media":"","overlay-type":"","overlay-color":"","overlay-opacity":"","overlay-gradient":""},"mobile":{"background-color":"var(--ast-global-color-5)","background-image":"","background-repeat":"repeat","background-position":"center center","background-size":"auto","background-attachment":"scroll","background-type":"","background-media":"","overlay-type":"","overlay-color":"","overlay-opacity":"","overlay-gradient":""}},"footnotes":""},"class_list":["post-6112","page","type-page","status-publish","hentry"],"_links":{"self":[{"href":"https:\/\/bulltec.dekoolab.it\/fr\/wp-json\/wp\/v2\/pages\/6112","targetHints":{"allow":["GET"]}}],"collection":[{"href":"https:\/\/bulltec.dekoolab.it\/fr\/wp-json\/wp\/v2\/pages"}],"about":[{"href":"https:\/\/bulltec.dekoolab.it\/fr\/wp-json\/wp\/v2\/types\/page"}],"author":[{"embeddable":true,"href":"https:\/\/bulltec.dekoolab.it\/fr\/wp-json\/wp\/v2\/users\/1"}],"replies":[{"embeddable":true,"href":"https:\/\/bulltec.dekoolab.it\/fr\/wp-json\/wp\/v2\/comments?post=6112"}],"version-history":[{"count":3,"href":"https:\/\/bulltec.dekoolab.it\/fr\/wp-json\/wp\/v2\/pages\/6112\/revisions"}],"predecessor-version":[{"id":6970,"href":"https:\/\/bulltec.dekoolab.it\/fr\/wp-json\/wp\/v2\/pages\/6112\/revisions\/6970"}],"up":[{"embeddable":true,"href":"https:\/\/bulltec.dekoolab.it\/fr\/wp-json\/wp\/v2\/pages\/6108"}],"wp:attachment":[{"href":"https:\/\/bulltec.dekoolab.it\/fr\/wp-json\/wp\/v2\/media?parent=6112"}],"curies":[{"name":"wp","href":"https:\/\/api.w.org\/{rel}","templated":true}]}}