{"id":6140,"date":"2022-10-17T10:22:32","date_gmt":"2022-10-17T10:22:32","guid":{"rendered":"https:\/\/bulltec.it\/produits\/raisins-de-table\/"},"modified":"2023-02-22T15:58:38","modified_gmt":"2023-02-22T15:58:38","slug":"raisins-de-table","status":"publish","type":"page","link":"https:\/\/bulltec.dekoolab.it\/fr\/produits\/raisins-de-table\/","title":{"rendered":"Raisins de table"},"content":{"rendered":"\t\t<div data-elementor-type=\"wp-page\" data-elementor-id=\"6140\" class=\"elementor elementor-6140 elementor-1971\" data-elementor-post-type=\"page\">\n\t\t\t\t\t\t<section class=\"elementor-section elementor-top-section elementor-element elementor-element-3d2763cb elementor-section-content-middle elementor-section-boxed elementor-section-height-default elementor-section-height-default\" data-id=\"3d2763cb\" data-element_type=\"section\" data-settings=\"{&quot;background_background&quot;:&quot;classic&quot;}\">\n\t\t\t\t\t\t<div class=\"elementor-container elementor-column-gap-no\">\n\t\t\t\t\t<div class=\"elementor-column elementor-col-50 elementor-top-column elementor-element elementor-element-304b1bce\" data-id=\"304b1bce\" data-element_type=\"column\">\n\t\t\t<div class=\"elementor-widget-wrap elementor-element-populated\">\n\t\t\t\t\t\t<div class=\"elementor-element elementor-element-18febdaf elementor-widget elementor-widget-heading\" data-id=\"18febdaf\" data-element_type=\"widget\" data-widget_type=\"heading.default\">\n\t\t\t\t<div class=\"elementor-widget-container\">\n\t\t\t\t\t<h2 class=\"elementor-heading-title elementor-size-default\">Installations et lignes pour le traitement des raisins de table.<\/h2>\t\t\t\t<\/div>\n\t\t\t\t<\/div>\n\t\t\t\t\t<\/div>\n\t\t<\/div>\n\t\t\t\t<div class=\"elementor-column elementor-col-50 elementor-top-column elementor-element elementor-element-44ed8d18\" data-id=\"44ed8d18\" data-element_type=\"column\">\n\t\t\t<div class=\"elementor-widget-wrap\">\n\t\t\t\t\t\t\t<\/div>\n\t\t<\/div>\n\t\t\t\t\t<\/div>\n\t\t<\/section>\n\t\t\t\t<section class=\"elementor-section elementor-top-section elementor-element elementor-element-507cc012 elementor-section-boxed elementor-section-height-default elementor-section-height-default\" data-id=\"507cc012\" data-element_type=\"section\">\n\t\t\t\t\t\t<div class=\"elementor-container elementor-column-gap-no\">\n\t\t\t\t\t<div class=\"elementor-column elementor-col-100 elementor-top-column elementor-element elementor-element-41fc78e4\" data-id=\"41fc78e4\" data-element_type=\"column\">\n\t\t\t<div class=\"elementor-widget-wrap elementor-element-populated\">\n\t\t\t\t\t\t<div class=\"elementor-element elementor-element-795e0796 elementor-widget elementor-widget-text-editor\" data-id=\"795e0796\" data-element_type=\"widget\" data-widget_type=\"text-editor.default\">\n\t\t\t\t<div class=\"elementor-widget-container\">\n\t\t\t\t\t\t\t\t\t<p>Bulltec, des lignes compl\u00e8tes pour <span style=\"font-weight: 400;\">le traitement<\/span> du raisin de table, de la campagne au conditionnement.<br \/>Bulltec propose un syst\u00e8me capable de pr\u00e9server les conditions parfaites du l\u00e9gume pendant toutes les \u00e9tapes de <span style=\"font-weight: 400;\">traitement.<\/span><\/p>\t\t\t\t\t\t\t\t<\/div>\n\t\t\t\t<\/div>\n\t\t\t\t<div class=\"elementor-element elementor-element-7d26f25f elementor-widget-divider--view-line elementor-widget elementor-widget-divider\" data-id=\"7d26f25f\" data-element_type=\"widget\" data-widget_type=\"divider.default\">\n\t\t\t\t<div class=\"elementor-widget-container\">\n\t\t\t\t\t\t\t<div class=\"elementor-divider\">\n\t\t\t<span class=\"elementor-divider-separator\">\n\t\t\t\t\t\t<\/span>\n\t\t<\/div>\n\t\t\t\t\t\t<\/div>\n\t\t\t\t<\/div>\n\t\t\t\t<div class=\"elementor-element elementor-element-72fbbee3 elementor-widget elementor-widget-heading\" data-id=\"72fbbee3\" data-element_type=\"widget\" data-widget_type=\"heading.default\">\n\t\t\t\t<div class=\"elementor-widget-container\">\n\t\t\t\t\t<h4 class=\"elementor-heading-title elementor-size-default\">SOLUTIONS BULLTEC POUR LE TRAITEMENT DES RAISINS DE TABLE<\/h4>\t\t\t\t<\/div>\n\t\t\t\t<\/div>\n\t\t\t\t<section class=\"elementor-section elementor-inner-section elementor-element elementor-element-d7f01c4 elementor-section-full_width elementor-section-height-default elementor-section-height-default\" data-id=\"d7f01c4\" data-element_type=\"section\" data-settings=\"{&quot;background_background&quot;:&quot;classic&quot;}\">\n\t\t\t\t\t\t<div class=\"elementor-container elementor-column-gap-no\">\n\t\t\t\t\t<div class=\"elementor-column elementor-col-100 elementor-inner-column elementor-element elementor-element-044fbdf\" data-id=\"044fbdf\" data-element_type=\"column\">\n\t\t\t<div class=\"elementor-widget-wrap elementor-element-populated\">\n\t\t\t\t\t\t<div class=\"elementor-element elementor-element-58ef051 elementor-widget elementor-widget-heading\" data-id=\"58ef051\" data-element_type=\"widget\" data-widget_type=\"heading.default\">\n\t\t\t\t<div class=\"elementor-widget-container\">\n\t\t\t\t\t<h4 class=\"elementor-heading-title elementor-size-default\">LIGNE PAR POIDS COMBIN\u00c9:<\/h4>\t\t\t\t<\/div>\n\t\t\t\t<\/div>\n\t\t\t\t\t<\/div>\n\t\t<\/div>\n\t\t\t\t\t<\/div>\n\t\t<\/section>\n\t\t\t\t<div class=\"elementor-element elementor-element-15525f6b elementor-widget elementor-widget-text-editor\" data-id=\"15525f6b\" data-element_type=\"widget\" data-widget_type=\"text-editor.default\">\n\t\t\t\t<div class=\"elementor-widget-container\">\n\t\t\t\t\t\t\t\t\t<p>Une nouvelle solution compl\u00e8te de Bulltec pour le conditionnement du raisin de table <span style=\"font-weight: 400;\">en barquettes avec <\/span>un poids minimum garanti.<br \/>Un syst\u00e8me con\u00e7u ad hoc pour vous permettre d&rsquo;automatiser le processus de:<\/p>\t\t\t\t\t\t\t\t<\/div>\n\t\t\t\t<\/div>\n\t\t\t\t<div class=\"elementor-element elementor-element-6e19b304 elementor-hidden-mobile elementor-widget elementor-widget-image\" data-id=\"6e19b304\" data-element_type=\"widget\" data-widget_type=\"image.default\">\n\t\t\t\t<div class=\"elementor-widget-container\">\n\t\t\t\t\t\t\t\t\t\t\t\t\t\t\t<img fetchpriority=\"high\" decoding=\"async\" width=\"3275\" height=\"329\" src=\"https:\/\/bulltec.dekoolab.it\/wp-content\/uploads\/2023\/02\/fr_bulltec_prodotto_impianto_peso_combinato.png\" class=\"attachment-full size-full wp-image-6668\" alt=\"\" srcset=\"https:\/\/bulltec.dekoolab.it\/wp-content\/uploads\/2023\/02\/fr_bulltec_prodotto_impianto_peso_combinato.png 3275w, https:\/\/bulltec.dekoolab.it\/wp-content\/uploads\/2023\/02\/fr_bulltec_prodotto_impianto_peso_combinato-300x30.png 300w, https:\/\/bulltec.dekoolab.it\/wp-content\/uploads\/2023\/02\/fr_bulltec_prodotto_impianto_peso_combinato-1024x103.png 1024w, https:\/\/bulltec.dekoolab.it\/wp-content\/uploads\/2023\/02\/fr_bulltec_prodotto_impianto_peso_combinato-768x77.png 768w, https:\/\/bulltec.dekoolab.it\/wp-content\/uploads\/2023\/02\/fr_bulltec_prodotto_impianto_peso_combinato-1536x154.png 1536w, https:\/\/bulltec.dekoolab.it\/wp-content\/uploads\/2023\/02\/fr_bulltec_prodotto_impianto_peso_combinato-2048x206.png 2048w\" sizes=\"(max-width: 3275px) 100vw, 3275px\" \/>\t\t\t\t\t\t\t\t\t\t\t\t\t\t\t<\/div>\n\t\t\t\t<\/div>\n\t\t\t\t<div class=\"elementor-element elementor-element-6dce907 elementor-hidden-desktop elementor-hidden-tablet elementor-widget elementor-widget-image\" data-id=\"6dce907\" data-element_type=\"widget\" data-widget_type=\"image.default\">\n\t\t\t\t<div class=\"elementor-widget-container\">\n\t\t\t\t\t\t\t\t\t\t\t\t\t\t\t<img decoding=\"async\" width=\"500\" height=\"800\" src=\"https:\/\/bulltec.dekoolab.it\/wp-content\/uploads\/2023\/02\/fr_bulltec_prodotto_impianto_peso_combinato_mobile_def.jpg\" class=\"attachment-full size-full wp-image-6672\" alt=\"\" srcset=\"https:\/\/bulltec.dekoolab.it\/wp-content\/uploads\/2023\/02\/fr_bulltec_prodotto_impianto_peso_combinato_mobile_def.jpg 500w, https:\/\/bulltec.dekoolab.it\/wp-content\/uploads\/2023\/02\/fr_bulltec_prodotto_impianto_peso_combinato_mobile_def-188x300.jpg 188w\" sizes=\"(max-width: 500px) 100vw, 500px\" \/>\t\t\t\t\t\t\t\t\t\t\t\t\t\t\t<\/div>\n\t\t\t\t<\/div>\n\t\t\t\t<div class=\"elementor-element elementor-element-5a055288 elementor-widget elementor-widget-text-editor\" data-id=\"5a055288\" data-element_type=\"widget\" data-widget_type=\"text-editor.default\">\n\t\t\t\t<div class=\"elementor-widget-container\">\n\t\t\t\t\t\t\t\t\t<p>Ne confier que la derni\u00e8re phase du processus <span style=\"font-weight: 400;\">au<\/span> travail manuel permettra une meilleure configuration du produit dans la barquette.<br \/><span style=\"color: #008d36;\"><strong>Personnalisez<\/strong><\/span> votre barquette en minimisant le poids et le nombre de pi\u00e8ces.<\/p>\t\t\t\t\t\t\t\t<\/div>\n\t\t\t\t<\/div>\n\t\t\t\t<section class=\"elementor-section elementor-inner-section elementor-element elementor-element-6b737237 elementor-section-boxed elementor-section-height-default elementor-section-height-default\" data-id=\"6b737237\" data-element_type=\"section\">\n\t\t\t\t\t\t<div class=\"elementor-container elementor-column-gap-no\">\n\t\t\t\t\t<div class=\"elementor-column elementor-col-50 elementor-inner-column elementor-element elementor-element-572b2315\" data-id=\"572b2315\" data-element_type=\"column\">\n\t\t\t<div class=\"elementor-widget-wrap elementor-element-populated\">\n\t\t\t\t\t\t<div class=\"elementor-element elementor-element-6c090b08 elementor-widget elementor-widget-image\" data-id=\"6c090b08\" data-element_type=\"widget\" data-widget_type=\"image.default\">\n\t\t\t\t<div class=\"elementor-widget-container\">\n\t\t\t\t\t\t\t\t\t\t\t\t\t\t\t<img decoding=\"async\" width=\"1247\" height=\"887\" src=\"https:\/\/bulltec.dekoolab.it\/wp-content\/uploads\/2022\/12\/bulltec_peso_garantito_render_def.jpg\" class=\"attachment-full size-full wp-image-5968\" alt=\"\" srcset=\"https:\/\/bulltec.dekoolab.it\/wp-content\/uploads\/2022\/12\/bulltec_peso_garantito_render_def.jpg 1247w, https:\/\/bulltec.dekoolab.it\/wp-content\/uploads\/2022\/12\/bulltec_peso_garantito_render_def-300x213.jpg 300w, https:\/\/bulltec.dekoolab.it\/wp-content\/uploads\/2022\/12\/bulltec_peso_garantito_render_def-1024x728.jpg 1024w, https:\/\/bulltec.dekoolab.it\/wp-content\/uploads\/2022\/12\/bulltec_peso_garantito_render_def-768x546.jpg 768w\" sizes=\"(max-width: 1247px) 100vw, 1247px\" \/>\t\t\t\t\t\t\t\t\t\t\t\t\t\t\t<\/div>\n\t\t\t\t<\/div>\n\t\t\t\t\t<\/div>\n\t\t<\/div>\n\t\t\t\t<div class=\"elementor-column elementor-col-50 elementor-inner-column elementor-element elementor-element-575f9927\" data-id=\"575f9927\" data-element_type=\"column\">\n\t\t\t<div class=\"elementor-widget-wrap elementor-element-populated\">\n\t\t\t\t\t\t<div class=\"elementor-element elementor-element-701959e2 uva-da-tavola-1 elementor-mobile-align-center elementor-widget elementor-widget-button\" data-id=\"701959e2\" data-element_type=\"widget\" data-widget_type=\"button.default\">\n\t\t\t\t<div class=\"elementor-widget-container\">\n\t\t\t\t\t\t\t\t\t<div class=\"elementor-button-wrapper\">\n\t\t\t\t\t<a class=\"elementor-button elementor-size-sm\" role=\"button\">\n\t\t\t\t\t\t<span class=\"elementor-button-content-wrapper\">\n\t\t\t\t\t\t<span class=\"elementor-button-icon\">\n\t\t\t\t<i aria-hidden=\"true\" class=\"far fa-play-circle\"><\/i>\t\t\t<\/span>\n\t\t\t\t\t\t\t\t\t<span class=\"elementor-button-text\">Vid\u00e9o<\/span>\n\t\t\t\t\t<\/span>\n\t\t\t\t\t<\/a>\n\t\t\t\t<\/div>\n\t\t\t\t\t\t\t\t<\/div>\n\t\t\t\t<\/div>\n\t\t\t\t<div class=\"elementor-element elementor-element-425fcd7a elementor-widget-divider--view-line elementor-widget elementor-widget-divider\" data-id=\"425fcd7a\" data-element_type=\"widget\" data-widget_type=\"divider.default\">\n\t\t\t\t<div class=\"elementor-widget-container\">\n\t\t\t\t\t\t\t<div class=\"elementor-divider\">\n\t\t\t<span class=\"elementor-divider-separator\">\n\t\t\t\t\t\t<\/span>\n\t\t<\/div>\n\t\t\t\t\t\t<\/div>\n\t\t\t\t<\/div>\n\t\t\t\t<div class=\"elementor-element elementor-element-6166bcec elementor-widget elementor-widget-heading\" data-id=\"6166bcec\" data-element_type=\"widget\" data-widget_type=\"heading.default\">\n\t\t\t\t<div class=\"elementor-widget-container\">\n\t\t\t\t\t<h4 class=\"elementor-heading-title elementor-size-default\">En savoir plus sur cette ligne!<\/h4>\t\t\t\t<\/div>\n\t\t\t\t<\/div>\n\t\t\t\t<div class=\"elementor-element elementor-element-2d2e8c40 elementor-align-left elementor-mobile-align-center elementor-widget elementor-widget-button\" data-id=\"2d2e8c40\" data-element_type=\"widget\" data-widget_type=\"button.default\">\n\t\t\t\t<div class=\"elementor-widget-container\">\n\t\t\t\t\t\t\t\t\t<div class=\"elementor-button-wrapper\">\n\t\t\t\t\t<a class=\"elementor-button elementor-button-link elementor-size-sm\" href=\"https:\/\/bulltec.it\/fr\/poids-combinatoire-garanti\/\">\n\t\t\t\t\t\t<span class=\"elementor-button-content-wrapper\">\n\t\t\t\t\t\t\t\t\t<span class=\"elementor-button-text\">D\u00e9couvrez<\/span>\n\t\t\t\t\t<\/span>\n\t\t\t\t\t<\/a>\n\t\t\t\t<\/div>\n\t\t\t\t\t\t\t\t<\/div>\n\t\t\t\t<\/div>\n\t\t\t\t\t<\/div>\n\t\t<\/div>\n\t\t\t\t\t<\/div>\n\t\t<\/section>\n\t\t\t\t\t<\/div>\n\t\t<\/div>\n\t\t\t\t\t<\/div>\n\t\t<\/section>\n\t\t\t\t<section class=\"elementor-section elementor-top-section elementor-element elementor-element-20d4f572 elementor-section-boxed elementor-section-height-default elementor-section-height-default\" data-id=\"20d4f572\" data-element_type=\"section\">\n\t\t\t\t\t\t<div class=\"elementor-container elementor-column-gap-no\">\n\t\t\t\t\t<div class=\"elementor-column elementor-col-100 elementor-top-column elementor-element elementor-element-140ac58f\" data-id=\"140ac58f\" data-element_type=\"column\">\n\t\t\t<div class=\"elementor-widget-wrap elementor-element-populated\">\n\t\t\t\t\t\t<div class=\"elementor-element elementor-element-3995905e elementor-widget-divider--view-line elementor-widget elementor-widget-divider\" data-id=\"3995905e\" data-element_type=\"widget\" data-widget_type=\"divider.default\">\n\t\t\t\t<div class=\"elementor-widget-container\">\n\t\t\t\t\t\t\t<div class=\"elementor-divider\">\n\t\t\t<span class=\"elementor-divider-separator\">\n\t\t\t\t\t\t<\/span>\n\t\t<\/div>\n\t\t\t\t\t\t<\/div>\n\t\t\t\t<\/div>\n\t\t\t\t<div class=\"elementor-element elementor-element-fda0cb3 elementor-widget elementor-widget-heading\" data-id=\"fda0cb3\" data-element_type=\"widget\" data-widget_type=\"heading.default\">\n\t\t\t\t<div class=\"elementor-widget-container\">\n\t\t\t\t\t<h3 class=\"elementor-heading-title elementor-size-default\">LES AVANTAGES D'UTILISER UNE LIGNE BULLTEC<\/h3>\t\t\t\t<\/div>\n\t\t\t\t<\/div>\n\t\t\t\t<section class=\"elementor-section elementor-inner-section elementor-element elementor-element-60501c7 elementor-section-full_width elementor-section-height-default elementor-section-height-default\" data-id=\"60501c7\" data-element_type=\"section\">\n\t\t\t\t\t\t<div class=\"elementor-container elementor-column-gap-default\">\n\t\t\t\t\t<div class=\"elementor-column elementor-col-33 elementor-top-column elementor-element elementor-element-63dd91f\" data-id=\"63dd91f\" data-element_type=\"column\">\n\t\t\t<div class=\"elementor-widget-wrap elementor-element-populated\">\n\t\t\t\t\t\t<div class=\"elementor-element elementor-element-5fdd0cb elementor-widget elementor-widget-image\" data-id=\"5fdd0cb\" data-element_type=\"widget\" data-widget_type=\"image.default\">\n\t\t\t\t<div class=\"elementor-widget-container\">\n\t\t\t\t\t\t\t\t\t\t\t\t\t\t\t<img loading=\"lazy\" decoding=\"async\" width=\"100\" height=\"100\" src=\"https:\/\/bulltec.dekoolab.it\/wp-content\/uploads\/2022\/11\/bulltec_home_icona_calibratura_efficiente_def.png\" class=\"attachment-full size-full wp-image-5926\" alt=\"\" \/>\t\t\t\t\t\t\t\t\t\t\t\t\t\t\t<\/div>\n\t\t\t\t<\/div>\n\t\t\t\t<div class=\"elementor-element elementor-element-51cbe8d elementor-widget elementor-widget-heading\" data-id=\"51cbe8d\" data-element_type=\"widget\" data-widget_type=\"heading.default\">\n\t\t\t\t<div class=\"elementor-widget-container\">\n\t\t\t\t\t<h3 class=\"elementor-heading-title elementor-size-default\">Calibrage<\/br> efficace<\/h3>\t\t\t\t<\/div>\n\t\t\t\t<\/div>\n\t\t\t\t<div class=\"elementor-element elementor-element-0e192a0 elementor-widget elementor-widget-text-editor\" data-id=\"0e192a0\" data-element_type=\"widget\" data-widget_type=\"text-editor.default\">\n\t\t\t\t<div class=\"elementor-widget-container\">\n\t\t\t\t\t\t\t\t\t<p>Gr\u00e2ce au LOGICIEL Bulltec d\u00e9di\u00e9, nous pouvons offrir un calibrage des dimensions au millim\u00e8tre pr\u00e8s et un calibrage du poids au gramme pr\u00e8s.<\/p>\t\t\t\t\t\t\t\t<\/div>\n\t\t\t\t<\/div>\n\t\t\t\t\t<\/div>\n\t\t<\/div>\n\t\t\t\t<div class=\"elementor-column elementor-col-33 elementor-inner-column elementor-element elementor-element-317a26d\" data-id=\"317a26d\" data-element_type=\"column\">\n\t\t\t<div class=\"elementor-widget-wrap elementor-element-populated\">\n\t\t\t\t\t\t<div class=\"elementor-element elementor-element-b9dc8d0 elementor-widget elementor-widget-image\" data-id=\"b9dc8d0\" data-element_type=\"widget\" data-widget_type=\"image.default\">\n\t\t\t\t<div class=\"elementor-widget-container\">\n\t\t\t\t\t\t\t\t\t\t\t\t\t\t\t<img loading=\"lazy\" decoding=\"async\" width=\"100\" height=\"100\" src=\"https:\/\/bulltec.dekoolab.it\/wp-content\/uploads\/2022\/11\/bulltec_home_icona_versatilita_di_utilizzo_def.png\" class=\"attachment-full size-full wp-image-5927\" alt=\"\" \/>\t\t\t\t\t\t\t\t\t\t\t\t\t\t\t<\/div>\n\t\t\t\t<\/div>\n\t\t\t\t<div class=\"elementor-element elementor-element-ebcac0c elementor-widget elementor-widget-heading\" data-id=\"ebcac0c\" data-element_type=\"widget\" data-widget_type=\"heading.default\">\n\t\t\t\t<div class=\"elementor-widget-container\">\n\t\t\t\t\t<h3 class=\"elementor-heading-title elementor-size-default\">Polyvalence<\/br> d'utilisation<\/h3>\t\t\t\t<\/div>\n\t\t\t\t<\/div>\n\t\t\t\t<div class=\"elementor-element elementor-element-ecb5f37 elementor-widget elementor-widget-text-editor\" data-id=\"ecb5f37\" data-element_type=\"widget\" data-widget_type=\"text-editor.default\">\n\t\t\t\t<div class=\"elementor-widget-container\">\n\t\t\t\t\t\t\t\t\t<p>Traitez diff\u00e9rents types de l\u00e9gumes sur la m\u00eame machine, avec la possibilit\u00e9 de calibrer des articles tr\u00e8s diff\u00e9rents en poids et en taille.<\/p>\n\t\t\t\t\t\t\t\t<\/div>\n\t\t\t\t<\/div>\n\t\t\t\t\t<\/div>\n\t\t<\/div>\n\t\t\t\t<div class=\"elementor-column elementor-col-33 elementor-inner-column elementor-element elementor-element-bc17797\" data-id=\"bc17797\" data-element_type=\"column\">\n\t\t\t<div class=\"elementor-widget-wrap elementor-element-populated\">\n\t\t\t\t\t\t<div class=\"elementor-element elementor-element-22280ee elementor-widget elementor-widget-image\" data-id=\"22280ee\" data-element_type=\"widget\" data-widget_type=\"image.default\">\n\t\t\t\t<div class=\"elementor-widget-container\">\n\t\t\t\t\t\t\t\t\t\t\t\t\t\t\t<img loading=\"lazy\" decoding=\"async\" width=\"100\" height=\"100\" src=\"https:\/\/bulltec.dekoolab.it\/wp-content\/uploads\/2022\/11\/bulltec_home_icona_meccanica_semplice_def.png\" class=\"attachment-full size-full wp-image-5925\" alt=\"\" \/>\t\t\t\t\t\t\t\t\t\t\t\t\t\t\t<\/div>\n\t\t\t\t<\/div>\n\t\t\t\t<div class=\"elementor-element elementor-element-44e0bdb elementor-widget elementor-widget-heading\" data-id=\"44e0bdb\" data-element_type=\"widget\" data-widget_type=\"heading.default\">\n\t\t\t\t<div class=\"elementor-widget-container\">\n\t\t\t\t\t<h3 class=\"elementor-heading-title elementor-size-default\">M\u00e9canique<\/br> simple<\/h3>\t\t\t\t<\/div>\n\t\t\t\t<\/div>\n\t\t\t\t<div class=\"elementor-element elementor-element-c5eaf74 elementor-widget elementor-widget-text-editor\" data-id=\"c5eaf74\" data-element_type=\"widget\" data-widget_type=\"text-editor.default\">\n\t\t\t\t<div class=\"elementor-widget-container\">\n\t\t\t\t\t\t\t\t\t<p>Le convoyeur pour le produit et les actionneurs pneumatiques r\u00e9glables pour l\u2019\u00e9jection du produit garantissent la simplicit\u00e9 dans la gestion de la ligne.<\/p>\t\t\t\t\t\t\t\t<\/div>\n\t\t\t\t<\/div>\n\t\t\t\t\t<\/div>\n\t\t<\/div>\n\t\t\t\t\t<\/div>\n\t\t<\/section>\n\t\t\t\t\t<\/div>\n\t\t<\/div>\n\t\t\t\t\t<\/div>\n\t\t<\/section>\n\t\t\t\t<\/div>\n\t\t","protected":false},"excerpt":{"rendered":"<p>Installations et lignes pour le traitement des raisins de table. Bulltec, des lignes compl\u00e8tes pour le traitement du raisin de table, de la campagne au conditionnement.Bulltec propose un syst\u00e8me capable de pr\u00e9server les conditions parfaites du l\u00e9gume pendant toutes les \u00e9tapes de traitement. SOLUTIONS BULLTEC POUR LE TRAITEMENT DES RAISINS DE TABLE LIGNE PAR POIDS [&hellip;]<\/p>\n","protected":false},"author":1,"featured_media":0,"parent":6108,"menu_order":0,"comment_status":"closed","ping_status":"closed","template":"elementor_header_footer","meta":{"site-sidebar-layout":"no-sidebar","site-content-layout":"page-builder","ast-site-content-layout":"default","site-content-style":"default","site-sidebar-style":"default","ast-global-header-display":"","ast-banner-title-visibility":"","ast-main-header-display":"","ast-hfb-above-header-display":"","ast-hfb-below-header-display":"","ast-hfb-mobile-header-display":"","site-post-title":"disabled","ast-breadcrumbs-content":"","ast-featured-img":"disabled","footer-sml-layout":"","ast-disable-related-posts":"","theme-transparent-header-meta":"","adv-header-id-meta":"","stick-header-meta":"","header-above-stick-meta":"","header-main-stick-meta":"","header-below-stick-meta":"","astra-migrate-meta-layouts":"default","ast-page-background-enabled":"default","ast-page-background-meta":{"desktop":{"background-color":"var(--ast-global-color-4)","background-image":"","background-repeat":"repeat","background-position":"center center","background-size":"auto","background-attachment":"scroll","background-type":"","background-media":"","overlay-type":"","overlay-color":"","overlay-opacity":"","overlay-gradient":""},"tablet":{"background-color":"","background-image":"","background-repeat":"repeat","background-position":"center center","background-size":"auto","background-attachment":"scroll","background-type":"","background-media":"","overlay-type":"","overlay-color":"","overlay-opacity":"","overlay-gradient":""},"mobile":{"background-color":"","background-image":"","background-repeat":"repeat","background-position":"center center","background-size":"auto","background-attachment":"scroll","background-type":"","background-media":"","overlay-type":"","overlay-color":"","overlay-opacity":"","overlay-gradient":""}},"ast-content-background-meta":{"desktop":{"background-color":"var(--ast-global-color-5)","background-image":"","background-repeat":"repeat","background-position":"center center","background-size":"auto","background-attachment":"scroll","background-type":"","background-media":"","overlay-type":"","overlay-color":"","overlay-opacity":"","overlay-gradient":""},"tablet":{"background-color":"var(--ast-global-color-5)","background-image":"","background-repeat":"repeat","background-position":"center center","background-size":"auto","background-attachment":"scroll","background-type":"","background-media":"","overlay-type":"","overlay-color":"","overlay-opacity":"","overlay-gradient":""},"mobile":{"background-color":"var(--ast-global-color-5)","background-image":"","background-repeat":"repeat","background-position":"center center","background-size":"auto","background-attachment":"scroll","background-type":"","background-media":"","overlay-type":"","overlay-color":"","overlay-opacity":"","overlay-gradient":""}},"footnotes":""},"class_list":["post-6140","page","type-page","status-publish","hentry"],"_links":{"self":[{"href":"https:\/\/bulltec.dekoolab.it\/fr\/wp-json\/wp\/v2\/pages\/6140","targetHints":{"allow":["GET"]}}],"collection":[{"href":"https:\/\/bulltec.dekoolab.it\/fr\/wp-json\/wp\/v2\/pages"}],"about":[{"href":"https:\/\/bulltec.dekoolab.it\/fr\/wp-json\/wp\/v2\/types\/page"}],"author":[{"embeddable":true,"href":"https:\/\/bulltec.dekoolab.it\/fr\/wp-json\/wp\/v2\/users\/1"}],"replies":[{"embeddable":true,"href":"https:\/\/bulltec.dekoolab.it\/fr\/wp-json\/wp\/v2\/comments?post=6140"}],"version-history":[{"count":3,"href":"https:\/\/bulltec.dekoolab.it\/fr\/wp-json\/wp\/v2\/pages\/6140\/revisions"}],"predecessor-version":[{"id":7016,"href":"https:\/\/bulltec.dekoolab.it\/fr\/wp-json\/wp\/v2\/pages\/6140\/revisions\/7016"}],"up":[{"embeddable":true,"href":"https:\/\/bulltec.dekoolab.it\/fr\/wp-json\/wp\/v2\/pages\/6108"}],"wp:attachment":[{"href":"https:\/\/bulltec.dekoolab.it\/fr\/wp-json\/wp\/v2\/media?parent=6140"}],"curies":[{"name":"wp","href":"https:\/\/api.w.org\/{rel}","templated":true}]}}